{"id":697944,"date":"2025-08-27T14:42:42","date_gmt":"2025-08-27T11:42:42","guid":{"rendered":"https:\/\/roveyayinevi.com.tr\/index.php\/urun\/yazim-kilavuzu-2\/"},"modified":"2026-04-16T02:07:26","modified_gmt":"2026-04-15T23:07:26","slug":"yazim-kilavuzu-2","status":"publish","type":"product","link":"https:\/\/roveyayinevi.com.tr\/index.php\/urun\/yazim-kilavuzu-2\/","title":{"rendered":"Yaz\u0131m K\u0131lavuzu"},"content":{"rendered":"<p>Yaz\u0131m K\u0131lavuzu, say\u0131n Ali P\u00fcsk\u00fcll\u00fco\u011flu taraf\u0131ndan, eski T\u00fcrk Dil Kurumu\u2019nun yaz\u0131m konusunda olu\u015fturdu\u011fu ve uygulad\u0131\u011f\u0131 kurallar\u0131 temel alarak haz\u0131rlanm\u0131\u015ft\u0131r.   Eski T\u00fcrk Dil Kurumu, T\u00fcrk\u00e7enin yaz\u0131m\u0131yla ilgili sorunlar\u0131, y\u0131llar s\u00fcren emeklerle irdelemi\u015f, \u00e7\u00f6zmeye \u00e7al\u0131\u015fm\u0131\u015f ve b\u00fcy\u00fck \u00f6l\u00e7\u00fcde \u00e7\u00f6zm\u00fc\u015ft\u00fcr. Onun \u00f6nc\u00fcl\u00fc\u011f\u00fcnde T\u00fcrk\u00e7enin yaz\u0131m\u0131, elli y\u0131l\u0131 a\u015fk\u0131n bir deneyimin sonucu olarak yerle\u015fmi\u015ftir. Bu nedenle, T\u00fcrk\u00e7enin yaz\u0131m\u0131nda tutulacak sa\u011fl\u0131kl\u0131 yol \u00f6ncelikle budur.   Yaz\u0131m K\u0131lavuzu\u2019nda bu yol tutulmu\u015ftur. Eski T\u00fcrk Dil Kurumu\u2019nun yaz\u0131m konusunda ortaya koydu\u011fu kurallar korunmu\u015f, daha kolay anla\u015f\u0131l\u0131r olmalar\u0131 i\u00e7in de elden gelen yap\u0131lmaya \u00e7al\u0131\u015f\u0131lm\u0131\u015ft\u0131r.   Yaz\u0131m K\u0131lavuzu, profesyonel yaz\u0131n emek\u00e7ileri, ara\u015ft\u0131rmac\u0131lar, medya \u00fcyeleri ve daha bir\u00e7ok uzman kullan\u0131c\u0131 i\u00e7in, vazge\u00e7ilmez bir kaynak olacakt\u0131r. T\u00fcrk\u00e7enin bir i\u015f\u00e7isi olan Ali P\u00fcsk\u00fcll\u00fco\u011flu taraf\u0131ndan haz\u0131rlanan Yaz\u0131m K\u0131lavuzu, dilimizin yaz\u0131m birli\u011finin sa\u011flanmas\u0131na \u00f6nemli bir katk\u0131 olup, 744 sayfal\u0131k geni\u015f i\u00e7eri\u011fiyle, yaz\u0131m sorunlar\u0131n\u0131zda her an kullanabilece\u011finiz, alan\u0131ndaki en geni\u015f kapsaml\u0131 ba\u015fvuru arac\u0131d\u0131r. <\/p>\n","protected":false},"excerpt":{"rendered":"<p>Yaz\u0131m K\u0131lavuzu, say\u0131n Ali P\u00fcsk\u00fcll\u00fco\u011flu taraf\u0131ndan, eski T\u00fcrk Dil Kurumu\u2019nun yaz\u0131m konusunda olu\u015fturdu\u011fu ve uygulad\u0131\u011f\u0131 kurallar\u0131 temel alarak haz\u0131rlanm\u0131\u015ft\u0131r. Eski T\u00fcrk Dil Kurumu, T\u00fcrk\u00e7enin yaz\u0131m\u0131yla ilgili<span class=\"excerpt-hellip\"> [\u2026]<\/span><\/p>\n","protected":false},"featured_media":0,"template":"","meta":{"_monsterinsights_skip_tracking":false,"_monsterinsights_sitenote_active":false,"_monsterinsights_sitenote_note":"","_monsterinsights_sitenote_category":0},"product_brand":[],"product_cat":[12566,13611,21471],"product_tag":[],"class_list":{"0":"post-697944","1":"product","2":"type-product","3":"status-publish","5":"product_cat-egitim","6":"product_cat-sozlukler-ve-konusma-kilavuzlari","7":"product_cat-yazim-kilavuzlari","8":"pa_cilt-ciltsiz","9":"pa_tur-kitap","10":"pa_yayinevi-arkadas-yayinlari","11":"pa_yazar-ali-puskulluoglu","13":"first","14":"instock","15":"sale","16":"shipping-taxable","17":"purchasable","18":"product-type-simple"},"_links":{"self":[{"href":"https:\/\/roveyayinevi.com.tr\/index.php\/wp-json\/wp\/v2\/product\/697944","targetHints":{"allow":["GET"]}}],"collection":[{"href":"https:\/\/roveyayinevi.com.tr\/index.php\/wp-json\/wp\/v2\/product"}],"about":[{"href":"https:\/\/roveyayinevi.com.tr\/index.php\/wp-json\/wp\/v2\/types\/product"}],"wp:attachment":[{"href":"https:\/\/roveyayinevi.com.tr\/index.php\/wp-json\/wp\/v2\/media?parent=697944"}],"wp:term":[{"taxonomy":"product_brand","embeddable":true,"href":"https:\/\/roveyayinevi.com.tr\/index.php\/wp-json\/wp\/v2\/product_brand?post=697944"},{"taxonomy":"product_cat","embeddable":true,"href":"https:\/\/roveyayinevi.com.tr\/index.php\/wp-json\/wp\/v2\/product_cat?post=697944"},{"taxonomy":"product_tag","embeddable":true,"href":"https:\/\/roveyayinevi.com.tr\/index.php\/wp-json\/wp\/v2\/product_tag?post=697944"}],"curies":[{"name":"wp","href":"https:\/\/api.w.org\/{rel}","templated":true}]}}