{"id":697943,"date":"2025-08-27T14:42:42","date_gmt":"2025-08-27T11:42:42","guid":{"rendered":"https:\/\/roveyayinevi.com.tr\/index.php\/urun\/aydinlanmanin-abcsi\/"},"modified":"2026-04-16T02:07:26","modified_gmt":"2026-04-15T23:07:26","slug":"aydinlanmanin-abcsi","status":"publish","type":"product","link":"https:\/\/roveyayinevi.com.tr\/index.php\/urun\/aydinlanmanin-abcsi\/","title":{"rendered":"Ayd\u0131nlanman\u0131n Abc\u2019si"},"content":{"rendered":"<p>Ayd\u0131nlanma, ki\u015fili\u011finizin bilin\u00e7siz s\u0131n\u0131rlar\u0131n\u0131n fark\u0131na varma, bu s\u0131n\u0131rlardan kurtulma s\u00fcrecidir. Kendi orijinal y\u00fcz\u00fcn\u00fcz\u00fc ke\u015ffetmekten ba\u015fka bir \u015fey de\u011fildir  \u00d6\u011fretileriyle ya\u015fam\u0131n bir b\u00fct\u00fcn olarak alg\u0131lanmas\u0131n\u0131 dileyen Osho\u2019dan kelimelerin d\u00fcnyas\u0131na farkl\u0131 bir bak\u0131\u015f: \u00c7\u00fcnk\u00fc kelimeler sadece kendileri de\u011fildir. T\u0131pk\u0131 insanlar gibi onlar\u0131n da ruh halleri, kendilerine has iklimleri vard\u0131r. Osho, bu kitapta  \u015eimdi ve Burada  olman\u0131n \u00f6nemine i\u015faret ediyor. Her g\u00fcn ve her an, \u00e7o\u011fu kez fark\u0131nda olmadan kulland\u0131\u011f\u0131m\u0131z kelimeler, ayn\u0131 zamanda fiziksel, duygusal, seks\u00fcel ve spirit\u00fcel varl\u0131klar olarak ya\u015fam\u0131m\u0131zda yer al\u0131rlar. H\u0131rs, \u00f6fke, keder, endi\u015fe; kabullenme, ba\u011flanma, de\u011fi\u015fim, can s\u0131k\u0131nt\u0131s\u0131; kapitalizm, ekoloji, evrim, varolu\u015f, zihin, bilgi, adalet ve \u00f6zg\u00fcrl\u00fck&#8230; Her \u015fey kelimelerde gizlidir. Hangi kelimeleri, hangi anlamda kulland\u0131\u011f\u0131n\u0131z, kelimelerden ne anlad\u0131\u011f\u0131n\u0131z ya\u015fam\u0131n\u0131z\u0131 belirler. Ayd\u0131nlanman\u0131n ABC\u2019si, Osho\u2019nun spirit\u00fcel hayat\u0131 anlatt\u0131\u011f\u0131, ya\u015fayan ve \u015fa\u015f\u0131rt\u0131c\u0131 bir s\u00f6zl\u00fck. <\/p>\n","protected":false},"excerpt":{"rendered":"<p>Ayd\u0131nlanma, ki\u015fili\u011finizin bilin\u00e7siz s\u0131n\u0131rlar\u0131n\u0131n fark\u0131na varma, bu s\u0131n\u0131rlardan kurtulma s\u00fcrecidir. Kendi orijinal y\u00fcz\u00fcn\u00fcz\u00fc ke\u015ffetmekten ba\u015fka bir \u015fey de\u011fildir \u00d6\u011fretileriyle ya\u015fam\u0131n bir b\u00fct\u00fcn olarak alg\u0131lanmas\u0131n\u0131 dileyen Osho\u2019dan<span class=\"excerpt-hellip\"> [\u2026]<\/span><\/p>\n","protected":false},"featured_media":0,"template":"","meta":{"_monsterinsights_skip_tracking":false,"_monsterinsights_sitenote_active":false,"_monsterinsights_sitenote_note":"","_monsterinsights_sitenote_category":0},"product_brand":[],"product_cat":[12364,12376],"product_tag":[],"class_list":{"0":"post-697943","1":"product","2":"type-product","3":"status-publish","5":"product_cat-genel-konular","6":"product_cat-kisisel-gelisim","7":"pa_cilt-ciltsiz","8":"pa_tur-kitap","9":"pa_yayinevi-omega","10":"pa_yazar-osho-bhagwan-shree-rajneesh","12":"first","13":"instock","14":"sale","15":"shipping-taxable","16":"purchasable","17":"product-type-simple"},"_links":{"self":[{"href":"https:\/\/roveyayinevi.com.tr\/index.php\/wp-json\/wp\/v2\/product\/697943","targetHints":{"allow":["GET"]}}],"collection":[{"href":"https:\/\/roveyayinevi.com.tr\/index.php\/wp-json\/wp\/v2\/product"}],"about":[{"href":"https:\/\/roveyayinevi.com.tr\/index.php\/wp-json\/wp\/v2\/types\/product"}],"wp:attachment":[{"href":"https:\/\/roveyayinevi.com.tr\/index.php\/wp-json\/wp\/v2\/media?parent=697943"}],"wp:term":[{"taxonomy":"product_brand","embeddable":true,"href":"https:\/\/roveyayinevi.com.tr\/index.php\/wp-json\/wp\/v2\/product_brand?post=697943"},{"taxonomy":"product_cat","embeddable":true,"href":"https:\/\/roveyayinevi.com.tr\/index.php\/wp-json\/wp\/v2\/product_cat?post=697943"},{"taxonomy":"product_tag","embeddable":true,"href":"https:\/\/roveyayinevi.com.tr\/index.php\/wp-json\/wp\/v2\/product_tag?post=697943"}],"curies":[{"name":"wp","href":"https:\/\/api.w.org\/{rel}","templated":true}]}}