{"id":697940,"date":"2025-08-27T14:42:41","date_gmt":"2025-08-27T11:42:41","guid":{"rendered":"https:\/\/roveyayinevi.com.tr\/index.php\/urun\/iknanin-anahtari\/"},"modified":"2026-04-16T02:07:26","modified_gmt":"2026-04-15T23:07:26","slug":"iknanin-anahtari","status":"publish","type":"product","link":"https:\/\/roveyayinevi.com.tr\/index.php\/urun\/iknanin-anahtari\/","title":{"rendered":"\u0130knan\u0131n Anahtar\u0131"},"content":{"rendered":"<p>\u0130stisnas\u0131z Herkese Ula\u015fman\u0131n S\u0131rr\u0131na Kulak Verin!     Diyelim ki i\u015fyerinde d\u00fc\u015fmanca davranan bir meslekta\u015f\u0131n\u0131z, \u00f6fkeden deliye d\u00f6nm\u00fc\u015f bir m\u00fc\u015fteriniz, son derece alayc\u0131 bir \u00e7al\u0131\u015fan\u0131n\u0131z var. B\u00f6ylesi zor durumlarda insanlara istedi\u011finizi nas\u0131l yapt\u0131r\u0131rs\u0131n\u0131z? \u0130knan\u0131n Anahtar\u0131\u2019nda tecr\u00fcbeli psikiyatrist, dan\u0131\u015fman ve i\u015f ko\u00e7u Mark Goulston, verimli bir ileti\u015fimin imkans\u0131z g\u00f6r\u00fcnd\u00fc\u011f\u00fc zamanlarda bile herkese ula\u015fman\u0131n s\u0131rr\u0131n\u0131 a\u00e7\u0131kl\u0131yor. \u0130knan\u0131n Anahtar\u0131 bir i\u015fin, sat\u0131\u015f\u0131n veya ili\u015fkinin s\u00fcr\u00fcncemede oldu\u011fu her durumda kullanabilece\u011finiz son derece etkili ara\u00e7lar ve teknikler sunuyor. Mark Goulston bu tekniklerin ge\u00e7erlili\u011fini GE, IBM, Goldman Sachs, Kodak, Federal Express, Hyatt ve Disney gibi \u015firketlerde i\u015f ko\u00e7u olarak hizmet verdi\u011fi 30 y\u0131ll\u0131k kariyerinde kan\u0131tlam\u0131\u015f, FBI ajanlar\u0131na ve rehine g\u00f6r\u00fc\u015fmesi yapanlara bile \u00f6l\u00fcm-kal\u0131m meselelerinde yard\u0131m eden \u00f6nemli bir yol g\u00f6sterici. Bu kitapta bir yandan Goulston\u2019\u0131n e\u011flenceli ve deneyimli kaleminin tad\u0131na var\u0131rken, di\u011fer yandan da kendinizi yazar\u0131n son derece g\u00fc\u00e7l\u00fc ikna stratejilerini uygularken bulacaks\u0131n\u0131z. \u0130knan\u0131n Anahtar\u0131 ile \u00f6n\u00fcn\u00fczde a\u00e7\u0131lmad\u0131k kap\u0131 b\u0131rakmayacaks\u0131n\u0131z. <\/p>\n","protected":false},"excerpt":{"rendered":"<p>\u0130stisnas\u0131z Herkese Ula\u015fman\u0131n S\u0131rr\u0131na Kulak Verin! Diyelim ki i\u015fyerinde d\u00fc\u015fmanca davranan bir meslekta\u015f\u0131n\u0131z, \u00f6fkeden deliye d\u00f6nm\u00fc\u015f bir m\u00fc\u015fteriniz, son derece alayc\u0131 bir \u00e7al\u0131\u015fan\u0131n\u0131z var. B\u00f6ylesi zor<span class=\"excerpt-hellip\"> [\u2026]<\/span><\/p>\n","protected":false},"featured_media":0,"template":"","meta":{"_monsterinsights_skip_tracking":false,"_monsterinsights_sitenote_active":false,"_monsterinsights_sitenote_note":"","_monsterinsights_sitenote_category":0},"product_brand":[],"product_cat":[13043,14754],"product_tag":[],"class_list":{"0":"post-697940","1":"product","2":"type-product","3":"status-publish","5":"product_cat-ekonomi","6":"product_cat-halkla-iliskiler-insan-kaynaklari","7":"pa_tur-kitap","8":"pa_yayinevi-mediacat-kitaplari","9":"pa_yazar-mark-goulston","11":"first","12":"instock","13":"sale","14":"shipping-taxable","15":"purchasable","16":"product-type-simple"},"_links":{"self":[{"href":"https:\/\/roveyayinevi.com.tr\/index.php\/wp-json\/wp\/v2\/product\/697940","targetHints":{"allow":["GET"]}}],"collection":[{"href":"https:\/\/roveyayinevi.com.tr\/index.php\/wp-json\/wp\/v2\/product"}],"about":[{"href":"https:\/\/roveyayinevi.com.tr\/index.php\/wp-json\/wp\/v2\/types\/product"}],"wp:attachment":[{"href":"https:\/\/roveyayinevi.com.tr\/index.php\/wp-json\/wp\/v2\/media?parent=697940"}],"wp:term":[{"taxonomy":"product_brand","embeddable":true,"href":"https:\/\/roveyayinevi.com.tr\/index.php\/wp-json\/wp\/v2\/product_brand?post=697940"},{"taxonomy":"product_cat","embeddable":true,"href":"https:\/\/roveyayinevi.com.tr\/index.php\/wp-json\/wp\/v2\/product_cat?post=697940"},{"taxonomy":"product_tag","embeddable":true,"href":"https:\/\/roveyayinevi.com.tr\/index.php\/wp-json\/wp\/v2\/product_tag?post=697940"}],"curies":[{"name":"wp","href":"https:\/\/api.w.org\/{rel}","templated":true}]}}