{"id":697935,"date":"2025-08-27T14:42:39","date_gmt":"2025-08-27T11:42:39","guid":{"rendered":"https:\/\/roveyayinevi.com.tr\/index.php\/urun\/bir-bilimsel-felsefeci-olarak-yaman-orsun-yaklasimiyla-etikin-anlami-ve-anlamsizligi\/"},"modified":"2026-04-16T02:07:26","modified_gmt":"2026-04-15T23:07:26","slug":"bir-bilimsel-felsefeci-olarak-yaman-orsun-yaklasimiyla-etikin-anlami-ve-anlamsizligi","status":"publish","type":"product","link":"https:\/\/roveyayinevi.com.tr\/index.php\/urun\/bir-bilimsel-felsefeci-olarak-yaman-orsun-yaklasimiyla-etikin-anlami-ve-anlamsizligi\/","title":{"rendered":"Bir Bilimsel Felsefeci Olarak Yaman \u00d6rs\u2019\u00fcn Yakla\u015f\u0131m\u0131yla Etik\u2019in Anlam\u0131 ve Anlams\u0131zl\u0131\u011f\u0131"},"content":{"rendered":"<p>Elinizdeki kitap, be\u015f ana ba\u015fl\u0131ktan \/ b\u00f6l\u00fcmden olu\u015fmaktad\u0131r. \u0130lk b\u00f6l\u00fcm,   Yaman \u00d6rs\u2019\u00fcn Bilimsel Felsefe Yakla\u015f\u0131m\u0131n\u0131n Ana \u00c7izgileri   ba\u015fl\u0131\u011f\u0131n\u0131 ta\u015f\u0131maktad\u0131r. Bu b\u00f6l\u00fcmde yazar\u0131n konuyla ilgili olarak be\u015f yaz\u0131s\u0131n\u0131 kullanmay\u0131 uygun g\u00f6rd\u00fcm. Konusunun Etik olmas\u0131na kar\u015f\u0131l\u0131k bu kitapta yazar\u0131n felsefi g\u00f6r\u00fc\u015flerini i\u00e7eren ayr\u0131 bir b\u00f6l\u00fcme yer vermemin nedeni, bir felsefecinin felsefi g\u00f6r\u00fc\u015flerini, yakla\u015f\u0131mlar\u0131n\u0131 anlamadan, onun etik ve eti\u011fin uygulamal\u0131 alt dallar\u0131 olan biyoetik ve t\u0131p eti\u011fi yaz\u0131lar\u0131n\u0131n alt\u0131nda yatan tutum ve yakla\u015f\u0131m\u0131 anlaman\u0131n \u00e7ok zor olaca\u011f\u0131n\u0131 d\u00fc\u015f\u00fcnmemdir. G\u00f6r\u00fclece\u011fi gibi yazar\u0131n g\u00f6r\u00fc\u015fleri, eti\u011fe olan bak\u0131\u015f a\u00e7\u0131s\u0131n\u0131 \u00f6nemli \u00f6l\u00e7\u00fcde etkilemi\u015ftir. <\/p>\n","protected":false},"excerpt":{"rendered":"<p>Elinizdeki kitap, be\u015f ana ba\u015fl\u0131ktan \/ b\u00f6l\u00fcmden olu\u015fmaktad\u0131r. \u0130lk b\u00f6l\u00fcm, Yaman \u00d6rs\u2019\u00fcn Bilimsel Felsefe Yakla\u015f\u0131m\u0131n\u0131n Ana \u00c7izgileri ba\u015fl\u0131\u011f\u0131n\u0131 ta\u015f\u0131maktad\u0131r. Bu b\u00f6l\u00fcmde yazar\u0131n konuyla ilgili olarak be\u015f<span class=\"excerpt-hellip\"> [\u2026]<\/span><\/p>\n","protected":false},"featured_media":0,"template":"","meta":{"_monsterinsights_skip_tracking":false,"_monsterinsights_sitenote_active":false,"_monsterinsights_sitenote_note":"","_monsterinsights_sitenote_category":0},"product_brand":[],"product_cat":[15319,12388],"product_tag":[],"class_list":{"0":"post-697935","1":"product","2":"type-product","3":"status-publish","5":"product_cat-etik","6":"product_cat-felsefe","7":"pa_tur-kitap","8":"pa_yayinevi-efil-yayinevi","9":"pa_yazar-kolektif","11":"first","12":"instock","13":"sale","14":"shipping-taxable","15":"purchasable","16":"product-type-simple"},"_links":{"self":[{"href":"https:\/\/roveyayinevi.com.tr\/index.php\/wp-json\/wp\/v2\/product\/697935","targetHints":{"allow":["GET"]}}],"collection":[{"href":"https:\/\/roveyayinevi.com.tr\/index.php\/wp-json\/wp\/v2\/product"}],"about":[{"href":"https:\/\/roveyayinevi.com.tr\/index.php\/wp-json\/wp\/v2\/types\/product"}],"wp:attachment":[{"href":"https:\/\/roveyayinevi.com.tr\/index.php\/wp-json\/wp\/v2\/media?parent=697935"}],"wp:term":[{"taxonomy":"product_brand","embeddable":true,"href":"https:\/\/roveyayinevi.com.tr\/index.php\/wp-json\/wp\/v2\/product_brand?post=697935"},{"taxonomy":"product_cat","embeddable":true,"href":"https:\/\/roveyayinevi.com.tr\/index.php\/wp-json\/wp\/v2\/product_cat?post=697935"},{"taxonomy":"product_tag","embeddable":true,"href":"https:\/\/roveyayinevi.com.tr\/index.php\/wp-json\/wp\/v2\/product_tag?post=697935"}],"curies":[{"name":"wp","href":"https:\/\/api.w.org\/{rel}","templated":true}]}}