{"id":697933,"date":"2025-08-27T14:42:39","date_gmt":"2025-08-27T11:42:39","guid":{"rendered":"https:\/\/roveyayinevi.com.tr\/index.php\/urun\/metafor-olarak-mimari-dil-sayi-para\/"},"modified":"2026-04-16T02:07:26","modified_gmt":"2026-04-15T23:07:26","slug":"metafor-olarak-mimari-dil-sayi-para","status":"publish","type":"product","link":"https:\/\/roveyayinevi.com.tr\/index.php\/urun\/metafor-olarak-mimari-dil-sayi-para\/","title":{"rendered":"Metafor Olarak Mimari: Dil, Say\u0131, Para"},"content":{"rendered":"<p>Ad\u0131ndan da anla\u015f\u0131labilece\u011fi gibi klasik disiplinlerden hi\u00e7birine kolayl\u0131kla yerle\u015ftirilemeyecek bir kitap. Evet, bildi\u011finiz mimari var kitapta, ama dilbilim, matematik ve iktisat da, hatta Platon\u2019dan Kant\u2019a, Marx\u2019tan Wittgenstein\u2019a zevkli bir felsefe turu da var. Kitab\u0131n temel kavram\u0131  mimari irade . Bat\u0131\u2019n\u0131n d\u00fc\u015f\u00fcnce gelene\u011fine uzak bir \u00fclkeden, bu t\u00fcr bir iradenin olmad\u0131\u011f\u0131n\u0131 s\u00f6yledi\u011fi Japonya\u2019dan bakan Karatani, Bat\u0131 gelene\u011finin temelinde, Platon\u2019un  olu\u015f  kar\u015f\u0131s\u0131nda  yapma y\u0131 karars\u0131zl\u0131\u011f\u0131 ve belirsizli\u011fi bertaraf edecek bir  yap\u0131  olu\u015fturma giri\u015fimini \u00f6ne \u00e7\u0131kar\u0131\u015f\u0131n\u0131 g\u00f6r\u00fcyor. Bat\u0131 felsefesinin tarihi boyunca mimari k\u00f6kenli mecazlar\u0131n saplant\u0131 derecesinde tekrarlan\u0131\u015f\u0131n\u0131, kaotik g\u00f6r\u00fclen bir  olu\u015f  i\u00e7inde d\u00fczeni ve yap\u0131y\u0131 yeniden kurmaya y\u00f6nelik  ak\u0131ld\u0131\u015f\u0131  bir se\u00e7imin sonucu olarak g\u00f6r\u00fcyor. Bu bak\u0131mdan yap\u0131bozumculu\u011fa dahil edilebilir Karatani\u2019nin \u00e7al\u0131\u015fmas\u0131. Ne var ki o burada kalmaktansa, kendini Kant\u2019\u0131n ba\u015flatt\u0131\u011f\u0131 ve Marx\u2019la Wittgenstein\u2019\u0131n da bamba\u015fka bi\u00e7imlerde s\u00fcrd\u00fcrd\u00fc\u011f\u00fc ele\u015ftiri gelene\u011fi i\u00e7ine yerle\u015ftiriyor. \u00c7\u00fcnk\u00fc kurma ve in\u015fa etme iradesini bir yan\u0131yla da olumluyor Karatani. Romantikler gibi  olu\u015f u olumlayarak \u00e7\u0131kmaktan yana de\u011fil yapma\u2019n\u0131n kar\u015f\u0131s\u0131na -zaten olu\u015fun da kaotik bir \u015fey olmad\u0131\u011f\u0131n\u0131, saptanabilir bir bi\u00e7imi oldu\u011funu ileri s\u00fcr\u00fcyor. Karatani\u2019ye g\u00f6re mimari yapma, kurma, in\u015fa etme hi\u00e7bir zaman bir idea olarak tasar\u0131m\u0131n ger\u00e7ekle\u015ftirilmesinden ibaret de\u011fil,  yapan\u0131n kontrol\u00fcn\u00fc a\u015fan bir yap\u0131\u015f ya da olu\u015f olmas\u0131 anlam\u0131nda kusursuz bir olay.  Son derece pratik, hayata, g\u00fcn\u00fcm\u00fcz d\u00fcnyas\u0131na y\u00f6nelik bir saptamad\u0131r bu: Bizimle ayn\u0131 ortak kurallar\u0131 payla\u015fmayan \u00f6teki ile, \u00f6tekilerle kurulabilecek muhtemel ili\u015fkilerden ba\u011f\u0131ms\u0131z, tekbenci ya da saf bir tasar\u0131m\u0131n dolay\u0131s\u0131yla yap\u0131n\u0131n ya da sistemin de m\u00fcmk\u00fcn olmad\u0131\u011f\u0131n\u0131 s\u00f6ylemektedir. <\/p>\n","protected":false},"excerpt":{"rendered":"<p>Ad\u0131ndan da anla\u015f\u0131labilece\u011fi gibi klasik disiplinlerden hi\u00e7birine kolayl\u0131kla yerle\u015ftirilemeyecek bir kitap. Evet, bildi\u011finiz mimari var kitapta, ama dilbilim, matematik ve iktisat da, hatta Platon\u2019dan Kant\u2019a, Marx\u2019tan<span class=\"excerpt-hellip\"> [\u2026]<\/span><\/p>\n","protected":false},"featured_media":0,"template":"","meta":{"_monsterinsights_skip_tracking":false,"_monsterinsights_sitenote_active":false,"_monsterinsights_sitenote_note":"","_monsterinsights_sitenote_category":0},"product_brand":[],"product_cat":[12573,12566],"product_tag":[],"class_list":{"0":"post-697933","1":"product","2":"type-product","3":"status-publish","5":"product_cat-akademik-kitaplar","6":"product_cat-egitim","7":"pa_cilt-ciltsiz","8":"pa_tur-kitap","9":"pa_yayinevi-metis-yayinlari","10":"pa_yazar-kojin-karatani","12":"first","13":"instock","14":"sale","15":"shipping-taxable","16":"purchasable","17":"product-type-simple"},"_links":{"self":[{"href":"https:\/\/roveyayinevi.com.tr\/index.php\/wp-json\/wp\/v2\/product\/697933","targetHints":{"allow":["GET"]}}],"collection":[{"href":"https:\/\/roveyayinevi.com.tr\/index.php\/wp-json\/wp\/v2\/product"}],"about":[{"href":"https:\/\/roveyayinevi.com.tr\/index.php\/wp-json\/wp\/v2\/types\/product"}],"wp:attachment":[{"href":"https:\/\/roveyayinevi.com.tr\/index.php\/wp-json\/wp\/v2\/media?parent=697933"}],"wp:term":[{"taxonomy":"product_brand","embeddable":true,"href":"https:\/\/roveyayinevi.com.tr\/index.php\/wp-json\/wp\/v2\/product_brand?post=697933"},{"taxonomy":"product_cat","embeddable":true,"href":"https:\/\/roveyayinevi.com.tr\/index.php\/wp-json\/wp\/v2\/product_cat?post=697933"},{"taxonomy":"product_tag","embeddable":true,"href":"https:\/\/roveyayinevi.com.tr\/index.php\/wp-json\/wp\/v2\/product_tag?post=697933"}],"curies":[{"name":"wp","href":"https:\/\/api.w.org\/{rel}","templated":true}]}}