{"id":697931,"date":"2025-08-27T14:42:38","date_gmt":"2025-08-27T11:42:38","guid":{"rendered":"https:\/\/roveyayinevi.com.tr\/index.php\/urun\/zar-kitabi\/"},"modified":"2026-04-16T02:07:26","modified_gmt":"2026-04-15T23:07:26","slug":"zar-kitabi","status":"publish","type":"product","link":"https:\/\/roveyayinevi.com.tr\/index.php\/urun\/zar-kitabi\/","title":{"rendered":"Zar Kitab\u0131"},"content":{"rendered":"<p>Zar Kitab\u0131, zar ya\u015fam\u0131na ba\u015flarken yan\u0131n\u0131zda bulunduraca\u011f\u0131n\u0131z ve ara s\u0131ra i\u00e7indeki mesellerden, atas\u00f6zlerinden, denemelerden, d\u00fc\u015f\u00fcncelerden ve pratik \u00f6nerilerden faydalanabilece\u011finiz e\u011flenceli bir kitap. Karar vermek i\u00e7in zara ba\u015fvurmay\u0131 d\u00fc\u015f\u00fcnm\u00fc\u015f, gelenekleri ve al\u0131\u015fkanl\u0131klar\u0131 ala\u015fa\u011f\u0131 etmeyi isteyen ve \u015fans\u0131na g\u00fcvenen herkes i\u00e7in e\u015fsiz bir elkitab\u0131. Ayn\u0131 zamanda i\u00e7inde ya\u015fad\u0131\u011f\u0131m\u0131z d\u00fcnyaya \u00e7ok farkl\u0131 bir noktadan, zarif ve e\u011flenceli bir \u015fekilde yakla\u015fan bir felsefe. Rahats\u0131z edici, zorlay\u0131c\u0131, devrimsel &#8211; b\u00f6yle bir risk alabilir misiniz? Zar ya\u015fam\u0131n\u0131n kutsal kitab\u0131. K\u00fclt bir klasik olan Zar Adam&#8217;dan etkilenmi\u015f herkesin ba\u015fucunda tutmas\u0131 gereken bir kitap.<\/p>\n","protected":false},"excerpt":{"rendered":"<p>Zar Kitab\u0131, zar ya\u015fam\u0131na ba\u015flarken yan\u0131n\u0131zda bulunduraca\u011f\u0131n\u0131z ve ara s\u0131ra i\u00e7indeki mesellerden, atas\u00f6zlerinden, denemelerden, d\u00fc\u015f\u00fcncelerden ve pratik \u00f6nerilerden faydalanabilece\u011finiz e\u011flenceli bir kitap. Karar vermek i\u00e7in zara<span class=\"excerpt-hellip\"> [\u2026]<\/span><\/p>\n","protected":false},"featured_media":0,"template":"","meta":{"_monsterinsights_skip_tracking":false,"_monsterinsights_sitenote_active":false,"_monsterinsights_sitenote_note":"","_monsterinsights_sitenote_category":0},"product_brand":[],"product_cat":[12891,12291],"product_tag":[],"class_list":{"0":"post-697931","1":"product","2":"type-product","3":"status-publish","5":"product_cat-amerikan-edebiyati","6":"product_cat-edebiyat","7":"pa_cilt-ciltsiz","8":"pa_tur-kitap","9":"pa_yayinevi-pegasus-yayinlari","10":"pa_yazar-luke-rhinehart","12":"first","13":"instock","14":"sale","15":"shipping-taxable","16":"purchasable","17":"product-type-simple"},"_links":{"self":[{"href":"https:\/\/roveyayinevi.com.tr\/index.php\/wp-json\/wp\/v2\/product\/697931","targetHints":{"allow":["GET"]}}],"collection":[{"href":"https:\/\/roveyayinevi.com.tr\/index.php\/wp-json\/wp\/v2\/product"}],"about":[{"href":"https:\/\/roveyayinevi.com.tr\/index.php\/wp-json\/wp\/v2\/types\/product"}],"wp:attachment":[{"href":"https:\/\/roveyayinevi.com.tr\/index.php\/wp-json\/wp\/v2\/media?parent=697931"}],"wp:term":[{"taxonomy":"product_brand","embeddable":true,"href":"https:\/\/roveyayinevi.com.tr\/index.php\/wp-json\/wp\/v2\/product_brand?post=697931"},{"taxonomy":"product_cat","embeddable":true,"href":"https:\/\/roveyayinevi.com.tr\/index.php\/wp-json\/wp\/v2\/product_cat?post=697931"},{"taxonomy":"product_tag","embeddable":true,"href":"https:\/\/roveyayinevi.com.tr\/index.php\/wp-json\/wp\/v2\/product_tag?post=697931"}],"curies":[{"name":"wp","href":"https:\/\/api.w.org\/{rel}","templated":true}]}}