{"id":697930,"date":"2025-08-27T14:42:38","date_gmt":"2025-08-27T11:42:38","guid":{"rendered":"https:\/\/roveyayinevi.com.tr\/index.php\/urun\/ogrenciler-icin-resimli-turkce-sozluk-2\/"},"modified":"2026-04-16T02:07:26","modified_gmt":"2026-04-15T23:07:26","slug":"ogrenciler-icin-resimli-turkce-sozluk-2","status":"publish","type":"product","link":"https:\/\/roveyayinevi.com.tr\/index.php\/urun\/ogrenciler-icin-resimli-turkce-sozluk-2\/","title":{"rendered":"\u00d6\u011frenciler \u0130\u00e7in Resimli T\u00fcrk\u00e7e S\u00f6zl\u00fck"},"content":{"rendered":"<p>S\u00f6zc\u00fckler, bir dilin birbirinden de\u011ferli m\u00fccevher ta\u015flar\u0131d\u0131r. Onlar\u0131, de\u011ferlerini ay\u0131rt etmeksizin bir araya getirdi\u011finizde g\u00f6rkemli bir hazine ortaya \u00e7\u0131kar: Dil hazinesi. Arkada\u015f Yay\u0131nlar\u0131, T\u00fcrk\u00e7enin s\u00f6z varl\u0131\u011f\u0131n\u0131 ustal\u0131kla i\u015fleyerek, ard\u0131nda birbirinden de\u011ferli yap\u0131tlar b\u0131rakan Ali P\u00fcsk\u00fcll\u00fco\u011flu&#8217;nun s\u00f6zl\u00fck\u00e7\u00fcl\u00fck gelene\u011fini &#8220;Dil Hazinesi Dizisi&#8221; ile s\u00fcrd\u00fcrerek, gelecek ku\u015faklara aktar\u0131lmas\u0131n\u0131 sa\u011fl\u0131yor.-\u0130lkokul ve ortaokul \u00f6\u011frencileri ve \u00f6\u011fretmenleri i\u00e7in yetkin bir e\u011fitim ve \u00f6\u011fretim dili s\u00f6zl\u00fc\u011f\u00fc-S\u00f6zl\u00fck tekni\u011fi, s\u00f6zvarl\u0131\u011f\u0131n\u0131n d\u00fczenleni\u015fi, s\u00f6zc\u00fcklerin tan\u0131mlar\u0131, s\u00f6yleni\u015fleri (telaffuzlar\u0131) ve c\u00fcmle i\u00e7inde kullan\u0131l\u0131\u015f \u00f6rnekleriyle, en geli\u015fmi\u015f s\u00f6zl\u00fck-Okul kitaplar\u0131nda bulunan, g\u00fcnl\u00fck kullan\u0131mlarda yer alan s\u00f6zc\u00fckler ve s\u00f6zler; yakla\u015f\u0131k 25.000 madde ba\u015f\u0131 ve i\u00e7 madde<\/p>\n","protected":false},"excerpt":{"rendered":"<p>S\u00f6zc\u00fckler, bir dilin birbirinden de\u011ferli m\u00fccevher ta\u015flar\u0131d\u0131r. Onlar\u0131, de\u011ferlerini ay\u0131rt etmeksizin bir araya getirdi\u011finizde g\u00f6rkemli bir hazine ortaya \u00e7\u0131kar: Dil hazinesi. Arkada\u015f Yay\u0131nlar\u0131, T\u00fcrk\u00e7enin s\u00f6z varl\u0131\u011f\u0131n\u0131<span class=\"excerpt-hellip\"> [\u2026]<\/span><\/p>\n","protected":false},"featured_media":0,"template":"","meta":{"_monsterinsights_skip_tracking":false,"_monsterinsights_sitenote_active":false,"_monsterinsights_sitenote_note":"","_monsterinsights_sitenote_category":0},"product_brand":[],"product_cat":[12566,13611,19496],"product_tag":[],"class_list":{"0":"post-697930","1":"product","2":"type-product","3":"status-publish","5":"product_cat-egitim","6":"product_cat-sozlukler-ve-konusma-kilavuzlari","7":"product_cat-turkce-sozlukler","8":"pa_cilt-ciltsiz","9":"pa_tur-kitap","10":"pa_yayinevi-arkadas-yayinlari","11":"pa_yazar-ali-puskulluoglu","13":"first","14":"instock","15":"sale","16":"shipping-taxable","17":"purchasable","18":"product-type-simple"},"_links":{"self":[{"href":"https:\/\/roveyayinevi.com.tr\/index.php\/wp-json\/wp\/v2\/product\/697930","targetHints":{"allow":["GET"]}}],"collection":[{"href":"https:\/\/roveyayinevi.com.tr\/index.php\/wp-json\/wp\/v2\/product"}],"about":[{"href":"https:\/\/roveyayinevi.com.tr\/index.php\/wp-json\/wp\/v2\/types\/product"}],"wp:attachment":[{"href":"https:\/\/roveyayinevi.com.tr\/index.php\/wp-json\/wp\/v2\/media?parent=697930"}],"wp:term":[{"taxonomy":"product_brand","embeddable":true,"href":"https:\/\/roveyayinevi.com.tr\/index.php\/wp-json\/wp\/v2\/product_brand?post=697930"},{"taxonomy":"product_cat","embeddable":true,"href":"https:\/\/roveyayinevi.com.tr\/index.php\/wp-json\/wp\/v2\/product_cat?post=697930"},{"taxonomy":"product_tag","embeddable":true,"href":"https:\/\/roveyayinevi.com.tr\/index.php\/wp-json\/wp\/v2\/product_tag?post=697930"}],"curies":[{"name":"wp","href":"https:\/\/api.w.org\/{rel}","templated":true}]}}