{"id":697928,"date":"2025-08-27T14:42:37","date_gmt":"2025-08-27T11:42:37","guid":{"rendered":"https:\/\/roveyayinevi.com.tr\/index.php\/urun\/arkadas-turkce-sozluk-ciltli\/"},"modified":"2026-04-16T02:07:26","modified_gmt":"2026-04-15T23:07:26","slug":"arkadas-turkce-sozluk-ciltli","status":"publish","type":"product","link":"https:\/\/roveyayinevi.com.tr\/index.php\/urun\/arkadas-turkce-sozluk-ciltli\/","title":{"rendered":"Arkada\u015f T\u00fcrk\u00e7e S\u00f6zl\u00fck (Ciltli)"},"content":{"rendered":"<p>10. Bask\u0131s\u0131 yap\u0131lan Arkada\u015f T\u00fcrk\u00e7e S\u00f6zl\u00fck, T\u00fcrk\u00e7enin son on be\u015f y\u0131ldaki geli\u015fimi g\u00f6z \u00f6n\u00fcnde bulundurularak, \u00e7a\u011fda\u015f T\u00fcrk\u00e7enin bir s\u00f6zl\u00fc\u011f\u00fc olarak Ali P\u00fcsk\u00fcll\u00fco\u011flu taraf\u0131ndan haz\u0131rlanm\u0131\u015ft\u0131r. \u00d6\u011fretmenler, \u00f6\u011frenciler, ara\u015ft\u0131rmac\u0131lar, bilim adamlar\u0131, \u00e7evirmenler ve T\u00fcrk\u00e7eyi do\u011fru \u015fekilde kullanmak isteyen herkesin en \u00f6nemli yard\u0131mc\u0131s\u0131 olacakt\u0131r.Yakla\u015f\u0131k 45.000 madde ve 150.000 anlam i\u00e7eren Arkada\u015f T\u00fcrk\u00e7e S\u00f6zl\u00fck, sosyal ve fen bilimleri, bilgisayar, tarih, denizcilik, dilbilgisi, dilbilim, edebiyat (yaz\u0131n), ekonomi, felsefe, hukuk, sanat, m\u00fczik, sinema, tiyatro, spor, ticaret, televizyon, vb. terimlerin T\u00fcrk\u00e7e kar\u015f\u0131l\u0131klar\u0131n\u0131 i\u00e7ermektedir. Ayr\u0131ca e\u015fanlaml\u0131 s\u00f6zc\u00fckler, mecazlar, argo s\u00f6zc\u00fckler, atas\u00f6zleri ve deyimlere de yer verilmi\u015ftir. T\u00fcrk\u00e7ede kullan\u0131lan yabanc\u0131 s\u00f6zc\u00fcklerin hangi dillerden al\u0131nd\u0131klar\u0131 g\u00f6sterilmi\u015f, her madde a\u00e7\u0131k, anla\u015f\u0131l\u0131r bir bi\u00e7imde tan\u0131mlanm\u0131\u015f, \u00f6rnek c\u00fcmleler sunularak tan\u0131mlar\u0131n daha iyi anla\u015f\u0131labilmesi sa\u011flanm\u0131\u015ft\u0131r.Arkada\u015f T\u00fcrk\u00e7e S\u00f6zl\u00fck, T\u00fcrk\u00e7e konusunda kar\u015f\u0131la\u015faca\u011f\u0131n\u0131z g\u00fc\u00e7l\u00fckleri \u00e7\u00f6zmede sizin i\u00e7in g\u00fcvenilir ve kapsaml\u0131 bir ba\u015fvuru kayna\u011f\u0131 olacakt\u0131r.<\/p>\n","protected":false},"excerpt":{"rendered":"<p>10. Bask\u0131s\u0131 yap\u0131lan Arkada\u015f T\u00fcrk\u00e7e S\u00f6zl\u00fck, T\u00fcrk\u00e7enin son on be\u015f y\u0131ldaki geli\u015fimi g\u00f6z \u00f6n\u00fcnde bulundurularak, \u00e7a\u011fda\u015f T\u00fcrk\u00e7enin bir s\u00f6zl\u00fc\u011f\u00fc olarak Ali P\u00fcsk\u00fcll\u00fco\u011flu taraf\u0131ndan haz\u0131rlanm\u0131\u015ft\u0131r. \u00d6\u011fretmenler, \u00f6\u011frenciler,<span class=\"excerpt-hellip\"> [\u2026]<\/span><\/p>\n","protected":false},"featured_media":0,"template":"","meta":{"_monsterinsights_skip_tracking":false,"_monsterinsights_sitenote_active":false,"_monsterinsights_sitenote_note":"","_monsterinsights_sitenote_category":0},"product_brand":[],"product_cat":[12566,13611,19496],"product_tag":[],"class_list":{"0":"post-697928","1":"product","2":"type-product","3":"status-publish","5":"product_cat-egitim","6":"product_cat-sozlukler-ve-konusma-kilavuzlari","7":"product_cat-turkce-sozlukler","8":"pa_cilt-ciltli","9":"pa_tur-kitap","10":"pa_yayinevi-arkadas-yayinlari","11":"pa_yazar-ali-puskulluoglu","13":"first","14":"instock","15":"sale","16":"shipping-taxable","17":"purchasable","18":"product-type-simple"},"_links":{"self":[{"href":"https:\/\/roveyayinevi.com.tr\/index.php\/wp-json\/wp\/v2\/product\/697928","targetHints":{"allow":["GET"]}}],"collection":[{"href":"https:\/\/roveyayinevi.com.tr\/index.php\/wp-json\/wp\/v2\/product"}],"about":[{"href":"https:\/\/roveyayinevi.com.tr\/index.php\/wp-json\/wp\/v2\/types\/product"}],"wp:attachment":[{"href":"https:\/\/roveyayinevi.com.tr\/index.php\/wp-json\/wp\/v2\/media?parent=697928"}],"wp:term":[{"taxonomy":"product_brand","embeddable":true,"href":"https:\/\/roveyayinevi.com.tr\/index.php\/wp-json\/wp\/v2\/product_brand?post=697928"},{"taxonomy":"product_cat","embeddable":true,"href":"https:\/\/roveyayinevi.com.tr\/index.php\/wp-json\/wp\/v2\/product_cat?post=697928"},{"taxonomy":"product_tag","embeddable":true,"href":"https:\/\/roveyayinevi.com.tr\/index.php\/wp-json\/wp\/v2\/product_tag?post=697928"}],"curies":[{"name":"wp","href":"https:\/\/api.w.org\/{rel}","templated":true}]}}