{"id":697923,"date":"2025-08-27T14:42:36","date_gmt":"2025-08-27T11:42:36","guid":{"rendered":"https:\/\/roveyayinevi.com.tr\/index.php\/urun\/bozkirkurdu\/"},"modified":"2026-04-16T02:07:26","modified_gmt":"2026-04-15T23:07:26","slug":"bozkirkurdu","status":"publish","type":"product","link":"https:\/\/roveyayinevi.com.tr\/index.php\/urun\/bozkirkurdu\/","title":{"rendered":"Bozk\u0131rkurdu"},"content":{"rendered":"<p>\u201cU\u00e7ar\u0131 bir ya\u015fam\u201d insan\u0131 olmaya kalk\u0131\u015fan kat\u0131ks\u0131z bir d\u00fc\u015f\u00fcn insan\u0131n\u0131n, bu ikilemin gelgitleriyle oradan oraya savrulan yaln\u0131z bir ruhun, Bozk\u0131rkurdu\u2019nun hik\u00e2yesi.   Hesse, kentin \u0131\u015f\u0131klar\u0131na ve k\u00fclt\u00fcrel hazlar\u0131na kap\u0131l\u0131rken bir yandan da vah\u015fi i\u00e7g\u00fcd\u00fclerinin pe\u015finden gitmeyi arzulayan, \u201cyar\u0131-ehlile\u015ftirilmi\u015f\u201d Harry Haller ba\u015fkarakteri ile Weimar Cumhuriyeti d\u00f6neminde bireyin par\u00e7alanma hik\u00e2yesini anlatabilecek ana metaforu bulup \u00e7\u0131karm\u0131\u015f; BOZKIRKURDU zaman\u0131n\u0131n \u00f6tesinde, modern insan\u0131n trajik a\u00e7mazlar\u0131n\u0131 dile getiren k\u00fclt bir romana d\u00f6n\u00fc\u015fm\u00fc\u015ft\u00fcr.     Ayd\u0131n ge\u00e7inenlerin, bildikleriyle b\u00fcy\u00fcklenenlerin, bilmediklerini k\u00fc\u00e7\u00fcmseyenlerin, bunu yaparken \u2013bilin\u00e7li ya da bilin\u00e7siz\u2013 ya\u015fam\u0131 ka\u00e7\u0131ranlar\u0131n \u201cmaktul\u201d yerine \u201cfail\u201d konumuna ge\u00e7ti\u011fi unutulmaz bir anlat\u0131.     BOZKIRKURDU\u2019nun, deneysel cesaret anlam\u0131nda ULYSSES\u2019ten a\u015fa\u011f\u0131 kalmayan bir eser oldu\u011funu s\u00f6ylemeye gerek var m\u0131? BOZKIRKURDU, okuman\u0131n ne demek oldu\u011funu uzun zamand\u0131r ilk kez  hat\u0131rlatt\u0131 bana. Thomas Mann    Kitaplar\u0131n\u0131 b\u00fcy\u00fck bir \u015fa\u015fk\u0131nl\u0131kla ve daima merakla okudum. Bu Hermann Hesse sadece Amerikal\u0131lara ait bir romantik d\u00fc\u015f\u00fcnce de\u011fil, aksine kesinlikle ak\u0131ll\u0131, do\u011frulanabilir, b\u00fcy\u00fck bir yazard\u0131r. Peter Handke <\/p>\n","protected":false},"excerpt":{"rendered":"<p>\u201cU\u00e7ar\u0131 bir ya\u015fam\u201d insan\u0131 olmaya kalk\u0131\u015fan kat\u0131ks\u0131z bir d\u00fc\u015f\u00fcn insan\u0131n\u0131n, bu ikilemin gelgitleriyle oradan oraya savrulan yaln\u0131z bir ruhun, Bozk\u0131rkurdu\u2019nun hik\u00e2yesi. Hesse, kentin \u0131\u015f\u0131klar\u0131na ve k\u00fclt\u00fcrel<span class=\"excerpt-hellip\"> [\u2026]<\/span><\/p>\n","protected":false},"featured_media":0,"template":"","meta":{"_monsterinsights_skip_tracking":false,"_monsterinsights_sitenote_active":false,"_monsterinsights_sitenote_note":"","_monsterinsights_sitenote_category":0},"product_brand":[],"product_cat":[12782,12291],"product_tag":[],"class_list":{"0":"post-697923","1":"product","2":"type-product","3":"status-publish","5":"product_cat-alman-edebiyati","6":"product_cat-edebiyat","7":"pa_cilt-ciltsiz","8":"pa_tur-kitap","9":"pa_yayinevi-yapi-kredi-yayinlari","10":"pa_yazar-hermann-hesse","12":"first","13":"instock","14":"sale","15":"shipping-taxable","16":"purchasable","17":"product-type-simple"},"_links":{"self":[{"href":"https:\/\/roveyayinevi.com.tr\/index.php\/wp-json\/wp\/v2\/product\/697923","targetHints":{"allow":["GET"]}}],"collection":[{"href":"https:\/\/roveyayinevi.com.tr\/index.php\/wp-json\/wp\/v2\/product"}],"about":[{"href":"https:\/\/roveyayinevi.com.tr\/index.php\/wp-json\/wp\/v2\/types\/product"}],"wp:attachment":[{"href":"https:\/\/roveyayinevi.com.tr\/index.php\/wp-json\/wp\/v2\/media?parent=697923"}],"wp:term":[{"taxonomy":"product_brand","embeddable":true,"href":"https:\/\/roveyayinevi.com.tr\/index.php\/wp-json\/wp\/v2\/product_brand?post=697923"},{"taxonomy":"product_cat","embeddable":true,"href":"https:\/\/roveyayinevi.com.tr\/index.php\/wp-json\/wp\/v2\/product_cat?post=697923"},{"taxonomy":"product_tag","embeddable":true,"href":"https:\/\/roveyayinevi.com.tr\/index.php\/wp-json\/wp\/v2\/product_tag?post=697923"}],"curies":[{"name":"wp","href":"https:\/\/api.w.org\/{rel}","templated":true}]}}