{"id":697914,"date":"2025-08-27T14:42:34","date_gmt":"2025-08-27T11:42:34","guid":{"rendered":"https:\/\/roveyayinevi.com.tr\/index.php\/urun\/ortaokul-turkce-sozluk-ciltli-6-7-ve-8-siniflar-icin\/"},"modified":"2025-11-13T02:55:49","modified_gmt":"2025-11-12T23:55:49","slug":"ortaokul-turkce-sozluk-ciltli-6-7-ve-8-siniflar-icin","status":"publish","type":"product","link":"https:\/\/roveyayinevi.com.tr\/index.php\/urun\/ortaokul-turkce-sozluk-ciltli-6-7-ve-8-siniflar-icin\/","title":{"rendered":"Ortaokul T\u00fcrk\u00e7e S\u00f6zl\u00fck (Ciltli , 6.7. ve 8. S\u0131n\u0131flar \u0130\u00e7in)"},"content":{"rendered":"<p>S\u00f6zc\u00fckler, bir dilin birbirinden de\u011ferli m\u00fccevher ta\u015flar\u0131d\u0131r. Onlar\u0131, de\u011ferlerini ay\u0131rt etmeksizin bir araya getirdi\u011finizde g\u00f6rkemli bir hazine ortaya \u00e7\u0131kar: Dil hazinesi. Aram\u0131zdan, 24 Haziran 2008&#8217;de ayr\u0131lan dil ustas\u0131 Ali P\u00fcsk\u00fcll\u00fco\u011flu bu &#8220;Dil Hazinesi&#8221;ni en yetkin bi\u00e7imde b\u00fcy\u00fcten bir hazinedar&#8230; Arkada\u015f Yay\u0131nlar\u0131, T\u00fcrk\u00e7enin s\u00f6z varl\u0131\u011f\u0131n\u0131 ustal\u0131kla i\u015fleyerek, ard\u0131nda birbirinden de\u011ferli yap\u0131tlar b\u0131rakan Ali P\u00fcsk\u00fcll\u00fco\u011flu&#8217;nun s\u00f6zl\u00fck\u00e7\u00fcl\u00fck gelene\u011fini &#8220;Dil Hazinesi Dizisi&#8221; ile s\u00fcrd\u00fcrerek, gelecek ku\u015faklara aktar\u0131lmas\u0131n\u0131 sa\u011fl\u0131yor. Yeni e\u011fitim sistemi 4+4+4 uygulamas\u0131na g\u00f6re yeniden d\u00fczenlenen &#8220;Ortaokul T\u00fcrk\u00e7e S\u00f6zl\u00fck&#8221; \u00fc sizlerle sunmaktan mutluluk duyuyoruz.<\/p>\n","protected":false},"excerpt":{"rendered":"<p>S\u00f6zc\u00fckler, bir dilin birbirinden de\u011ferli m\u00fccevher ta\u015flar\u0131d\u0131r. Onlar\u0131, de\u011ferlerini ay\u0131rt etmeksizin bir araya getirdi\u011finizde g\u00f6rkemli bir hazine ortaya \u00e7\u0131kar: Dil hazinesi. Aram\u0131zdan, 24 Haziran 2008&#8217;de ayr\u0131lan<span class=\"excerpt-hellip\"> [\u2026]<\/span><\/p>\n","protected":false},"featured_media":0,"template":"","meta":{"_monsterinsights_skip_tracking":false,"_monsterinsights_sitenote_active":false,"_monsterinsights_sitenote_note":"","_monsterinsights_sitenote_category":0},"product_brand":[],"product_cat":[12566,13611,19496],"product_tag":[],"class_list":{"0":"post-697914","1":"product","2":"type-product","3":"status-publish","5":"product_cat-egitim","6":"product_cat-sozlukler-ve-konusma-kilavuzlari","7":"product_cat-turkce-sozlukler","8":"pa_cilt-ciltli","9":"pa_tur-kitap","10":"pa_yayinevi-arkadas-yayinlari","11":"pa_yazar-ali-puskulluoglu","13":"first","14":"instock","15":"sale","16":"shipping-taxable","17":"purchasable","18":"product-type-simple"},"_links":{"self":[{"href":"https:\/\/roveyayinevi.com.tr\/index.php\/wp-json\/wp\/v2\/product\/697914","targetHints":{"allow":["GET"]}}],"collection":[{"href":"https:\/\/roveyayinevi.com.tr\/index.php\/wp-json\/wp\/v2\/product"}],"about":[{"href":"https:\/\/roveyayinevi.com.tr\/index.php\/wp-json\/wp\/v2\/types\/product"}],"wp:attachment":[{"href":"https:\/\/roveyayinevi.com.tr\/index.php\/wp-json\/wp\/v2\/media?parent=697914"}],"wp:term":[{"taxonomy":"product_brand","embeddable":true,"href":"https:\/\/roveyayinevi.com.tr\/index.php\/wp-json\/wp\/v2\/product_brand?post=697914"},{"taxonomy":"product_cat","embeddable":true,"href":"https:\/\/roveyayinevi.com.tr\/index.php\/wp-json\/wp\/v2\/product_cat?post=697914"},{"taxonomy":"product_tag","embeddable":true,"href":"https:\/\/roveyayinevi.com.tr\/index.php\/wp-json\/wp\/v2\/product_tag?post=697914"}],"curies":[{"name":"wp","href":"https:\/\/api.w.org\/{rel}","templated":true}]}}