{"id":697913,"date":"2025-08-27T14:42:33","date_gmt":"2025-08-27T11:42:33","guid":{"rendered":"https:\/\/roveyayinevi.com.tr\/index.php\/urun\/cikartmalarla-ingilizce-ilk-100-sozcuk\/"},"modified":"2026-04-16T02:07:26","modified_gmt":"2026-04-15T23:07:26","slug":"cikartmalarla-ingilizce-ilk-100-sozcuk","status":"publish","type":"product","link":"https:\/\/roveyayinevi.com.tr\/index.php\/urun\/cikartmalarla-ingilizce-ilk-100-sozcuk\/","title":{"rendered":"\u00c7\u0131kartmalarla \u0130ngilizce \u0130lk 100 S\u00f6zc\u00fck"},"content":{"rendered":"<p>\u0130ngilizce \u0130lk Y\u00fcz S\u00f6zc\u00fck \u00c7\u0131kartma Kitab\u0131, \u00e7ocuklar\u0131n dil \u00f6\u011frenimi i\u00e7in haz\u0131rlanm\u0131\u015ft\u0131r. Dil \u00f6\u011frenimini e\u011flenceli bir oyun haline getiren bu kitap, hem okul \u00f6ncesi hem de okul \u00e7a\u011f\u0131ndaki \u00e7ocuklar i\u00e7in e\u015fsiz bir hazine niteli\u011findedir.\u0130ki sayfaya yay\u0131lan her b\u00fcy\u00fck ve ayr\u0131nt\u0131l\u0131 resmin \u00fcst\u00fcnde baz\u0131 nesnelerin \u0130ngilizce adlar\u0131 bulunuyor. \u00c7ocuklar bu sayfadaki s\u00f6zc\u00fcklerle \u00e7\u0131kartmalar\u0131n \u00fczerindeki s\u00f6zc\u00fckleri e\u015fle\u015ftirecek, \u00e7\u0131kartmalar\u0131 sayfadaki yerlerine yap\u0131\u015ft\u0131racak; b\u00f6ylece s\u00f6zc\u00fcklerle nesne aras\u0131nda do\u011frudan ba\u011f kurmay\u0131 \u00f6\u011frenecekler. Ayr\u0131ca bu kitap sayesinde s\u00f6zc\u00fck da\u011farc\u0131klar\u0131n\u0131 geli\u015ftirecek ve \u0130ngilizce s\u00f6zc\u00fcklerin do\u011fru yaz\u0131l\u0131\u015flar\u0131n\u0131 \u00f6\u011frenecekler.\u00c7ocuklar\u0131n kolayca ve e\u011flenerek yabanc\u0131 bir dil \u00f6\u011frenmesini sa\u011flayan bu kitap, \u00e7\u0131kartmalar sayesinde s\u00f6zc\u00fcklerin g\u00f6rsel anlamda da haf\u0131zalara yerle\u015fmesine yard\u0131mc\u0131 oluyor.<\/p>\n","protected":false},"excerpt":{"rendered":"<p>\u0130ngilizce \u0130lk Y\u00fcz S\u00f6zc\u00fck \u00c7\u0131kartma Kitab\u0131, \u00e7ocuklar\u0131n dil \u00f6\u011frenimi i\u00e7in haz\u0131rlanm\u0131\u015ft\u0131r. Dil \u00f6\u011frenimini e\u011flenceli bir oyun haline getiren bu kitap, hem okul \u00f6ncesi hem de okul<span class=\"excerpt-hellip\"> [\u2026]<\/span><\/p>\n","protected":false},"featured_media":0,"template":"","meta":{"_monsterinsights_skip_tracking":false,"_monsterinsights_sitenote_active":false,"_monsterinsights_sitenote_note":"","_monsterinsights_sitenote_category":0},"product_brand":[],"product_cat":[12492,12274],"product_tag":[],"class_list":{"0":"post-697913","1":"product","2":"type-product","3":"status-publish","5":"product_cat-bilmece-bulmaca","6":"product_cat-cocuk-ve-genclik-kitaplari","7":"pa_cilt-ciltsiz","8":"pa_tur-kitap","9":"pa_yayinevi-1001-cicek-kitaplar","10":"pa_yazar-heather-amery","12":"first","13":"instock","14":"sale","15":"shipping-taxable","16":"purchasable","17":"product-type-simple"},"_links":{"self":[{"href":"https:\/\/roveyayinevi.com.tr\/index.php\/wp-json\/wp\/v2\/product\/697913","targetHints":{"allow":["GET"]}}],"collection":[{"href":"https:\/\/roveyayinevi.com.tr\/index.php\/wp-json\/wp\/v2\/product"}],"about":[{"href":"https:\/\/roveyayinevi.com.tr\/index.php\/wp-json\/wp\/v2\/types\/product"}],"wp:attachment":[{"href":"https:\/\/roveyayinevi.com.tr\/index.php\/wp-json\/wp\/v2\/media?parent=697913"}],"wp:term":[{"taxonomy":"product_brand","embeddable":true,"href":"https:\/\/roveyayinevi.com.tr\/index.php\/wp-json\/wp\/v2\/product_brand?post=697913"},{"taxonomy":"product_cat","embeddable":true,"href":"https:\/\/roveyayinevi.com.tr\/index.php\/wp-json\/wp\/v2\/product_cat?post=697913"},{"taxonomy":"product_tag","embeddable":true,"href":"https:\/\/roveyayinevi.com.tr\/index.php\/wp-json\/wp\/v2\/product_tag?post=697913"}],"curies":[{"name":"wp","href":"https:\/\/api.w.org\/{rel}","templated":true}]}}