{"id":697906,"date":"2025-08-27T14:42:31","date_gmt":"2025-08-27T11:42:31","guid":{"rendered":"https:\/\/roveyayinevi.com.tr\/index.php\/urun\/aya-yolculuk-3\/"},"modified":"2026-04-16T02:07:25","modified_gmt":"2026-04-15T23:07:25","slug":"aya-yolculuk-3","status":"publish","type":"product","link":"https:\/\/roveyayinevi.com.tr\/index.php\/urun\/aya-yolculuk-3\/","title":{"rendered":"Ay\u2019a Yolculuk"},"content":{"rendered":"<p>U\u00e7tular, u\u00e7tular, u\u00e7tular. Yukar\u0131, daha da yukar\u0131, bulutlar\u0131n \u00fczerine \u00e7\u0131kt\u0131lar. Ay\u2019a inene kadar, milyonlarca y\u0131ld\u0131z\u0131 ge\u00e7tiler. Acaba Banyo yapmadan \u00f6nce siz de Ay\u2019a gelebilir misiniz? Peki nas\u0131l bir yolculuk olurdu? Bu kitab\u0131 okurken hem \u00e7ocuklar hem de yeti\u015fkinler keyif alacak. \ufffcTan\u0131t\u0131m Metni<\/p>\n","protected":false},"excerpt":{"rendered":"<p>U\u00e7tular, u\u00e7tular, u\u00e7tular. Yukar\u0131, daha da yukar\u0131, bulutlar\u0131n \u00fczerine \u00e7\u0131kt\u0131lar. Ay\u2019a inene kadar, milyonlarca y\u0131ld\u0131z\u0131 ge\u00e7tiler. Acaba Banyo yapmadan \u00f6nce siz de Ay\u2019a gelebilir misiniz? Peki<span class=\"excerpt-hellip\"> [\u2026]<\/span><\/p>\n","protected":false},"featured_media":0,"template":"","meta":{"_monsterinsights_skip_tracking":false,"_monsterinsights_sitenote_active":false,"_monsterinsights_sitenote_note":"","_monsterinsights_sitenote_category":0},"product_brand":[],"product_cat":[12274,12518],"product_tag":[],"class_list":{"0":"post-697906","1":"product","2":"type-product","3":"status-publish","5":"product_cat-cocuk-ve-genclik-kitaplari","6":"product_cat-okul-oncesi-kitaplar","7":"pa_cilt-ciltsiz","8":"pa_tur-kitap","9":"pa_yayinevi-mandolin-yayinlari","10":"pa_yazar-jill-murphy","12":"first","13":"instock","14":"sale","15":"shipping-taxable","16":"purchasable","17":"product-type-simple"},"_links":{"self":[{"href":"https:\/\/roveyayinevi.com.tr\/index.php\/wp-json\/wp\/v2\/product\/697906","targetHints":{"allow":["GET"]}}],"collection":[{"href":"https:\/\/roveyayinevi.com.tr\/index.php\/wp-json\/wp\/v2\/product"}],"about":[{"href":"https:\/\/roveyayinevi.com.tr\/index.php\/wp-json\/wp\/v2\/types\/product"}],"wp:attachment":[{"href":"https:\/\/roveyayinevi.com.tr\/index.php\/wp-json\/wp\/v2\/media?parent=697906"}],"wp:term":[{"taxonomy":"product_brand","embeddable":true,"href":"https:\/\/roveyayinevi.com.tr\/index.php\/wp-json\/wp\/v2\/product_brand?post=697906"},{"taxonomy":"product_cat","embeddable":true,"href":"https:\/\/roveyayinevi.com.tr\/index.php\/wp-json\/wp\/v2\/product_cat?post=697906"},{"taxonomy":"product_tag","embeddable":true,"href":"https:\/\/roveyayinevi.com.tr\/index.php\/wp-json\/wp\/v2\/product_tag?post=697906"}],"curies":[{"name":"wp","href":"https:\/\/api.w.org\/{rel}","templated":true}]}}