{"id":697904,"date":"2025-08-27T14:42:31","date_gmt":"2025-08-27T11:42:31","guid":{"rendered":"https:\/\/roveyayinevi.com.tr\/index.php\/urun\/ogrenciler-icin-resimli-turkce-sozluk\/"},"modified":"2026-04-16T02:07:25","modified_gmt":"2026-04-15T23:07:25","slug":"ogrenciler-icin-resimli-turkce-sozluk","status":"publish","type":"product","link":"https:\/\/roveyayinevi.com.tr\/index.php\/urun\/ogrenciler-icin-resimli-turkce-sozluk\/","title":{"rendered":"\u00d6\u011frenciler \u0130\u00e7in Resimli T\u00fcrk\u00e7e S\u00f6zl\u00fck"},"content":{"rendered":"<p>Geli\u015fen ve de\u011fi\u015fen e\u011fitim ve \u00f6\u011fretim dilinin s\u00f6zl\u00fck gereksinimindeki bo\u015flu\u011fu doldurmay\u0131 ama\u00e7layan \u00d6\u011frenciler \u0130\u00e7in Resimli T\u00fcrk\u00e7e S\u00f6zl\u00fck, ilk ve orta\u00f6\u011fretim \u00f6\u011frencileri ve \u00f6\u011fretmenleri i\u00e7in yetkin bir e\u011fitim ve \u00f6\u011fretim dili s\u00f6zl\u00fc\u011f\u00fcd\u00fcr. \u00d6\u011frenciler \u0130\u00e7in Resimli T\u00fcrk\u00e7e S\u00f6zl\u00fck, s\u00f6zl\u00fck tekni\u011fi, s\u00f6z varl\u0131\u011f\u0131n\u0131n d\u00fczenleni\u015fi, s\u00f6zc\u00fcklerin tan\u0131mlar\u0131, s\u00f6yleni\u015fleri (telaffuzlar\u0131) ve c\u00fcmle i\u00e7inde kullan\u0131l\u0131\u015f \u00f6rnekleriyle, en geli\u015fmi\u015f s\u00f6zl\u00fckt\u00fcr. Onu sizlere, g\u00fcvenilir bir s\u00f6zl\u00fck olarak sunuyoruz.Okul kitaplar\u0131nda bulunan, g\u00fcnl\u00fck kullan\u0131mlarda yer alan s\u00f6zc\u00fckleri, s\u00f6zleri kapsayan \u00d6\u011frenciler \u0130\u00e7in Resimli T\u00fcrk\u00e7e S\u00f6zl\u00fck&#8217;te yakla\u015f\u0131k 25.000 madde ba\u015f\u0131 ve i\u00e7 madde bulunmaktad\u0131r.Say\u0131n Ali P\u00fcsk\u00fcll\u00fco\u011flu taraf\u0131ndan haz\u0131rlanan \u00d6\u011frenciler \u0130\u00e7in Resimli T\u00fcrk\u00e7e S\u00f6zl\u00fck, \u00fclkemiz \u00f6\u011frencileri ve \u00f6\u011fretmenleri i\u00e7in kullan\u0131\u015fl\u0131 bir ba\u015fvuru kayna\u011f\u0131 olacakt\u0131r.<\/p>\n","protected":false},"excerpt":{"rendered":"<p>Geli\u015fen ve de\u011fi\u015fen e\u011fitim ve \u00f6\u011fretim dilinin s\u00f6zl\u00fck gereksinimindeki bo\u015flu\u011fu doldurmay\u0131 ama\u00e7layan \u00d6\u011frenciler \u0130\u00e7in Resimli T\u00fcrk\u00e7e S\u00f6zl\u00fck, ilk ve orta\u00f6\u011fretim \u00f6\u011frencileri ve \u00f6\u011fretmenleri i\u00e7in yetkin bir<span class=\"excerpt-hellip\"> [\u2026]<\/span><\/p>\n","protected":false},"featured_media":0,"template":"","meta":{"_monsterinsights_skip_tracking":false,"_monsterinsights_sitenote_active":false,"_monsterinsights_sitenote_note":"","_monsterinsights_sitenote_category":0},"product_brand":[],"product_cat":[12566,13611,19496],"product_tag":[],"class_list":{"0":"post-697904","1":"product","2":"type-product","3":"status-publish","5":"product_cat-egitim","6":"product_cat-sozlukler-ve-konusma-kilavuzlari","7":"product_cat-turkce-sozlukler","8":"pa_cilt-ciltsiz","9":"pa_tur-kitap","10":"pa_yayinevi-arkadas-yayinlari","11":"pa_yazar-ali-puskulluoglu","13":"first","14":"instock","15":"sale","16":"shipping-taxable","17":"purchasable","18":"product-type-simple"},"_links":{"self":[{"href":"https:\/\/roveyayinevi.com.tr\/index.php\/wp-json\/wp\/v2\/product\/697904","targetHints":{"allow":["GET"]}}],"collection":[{"href":"https:\/\/roveyayinevi.com.tr\/index.php\/wp-json\/wp\/v2\/product"}],"about":[{"href":"https:\/\/roveyayinevi.com.tr\/index.php\/wp-json\/wp\/v2\/types\/product"}],"wp:attachment":[{"href":"https:\/\/roveyayinevi.com.tr\/index.php\/wp-json\/wp\/v2\/media?parent=697904"}],"wp:term":[{"taxonomy":"product_brand","embeddable":true,"href":"https:\/\/roveyayinevi.com.tr\/index.php\/wp-json\/wp\/v2\/product_brand?post=697904"},{"taxonomy":"product_cat","embeddable":true,"href":"https:\/\/roveyayinevi.com.tr\/index.php\/wp-json\/wp\/v2\/product_cat?post=697904"},{"taxonomy":"product_tag","embeddable":true,"href":"https:\/\/roveyayinevi.com.tr\/index.php\/wp-json\/wp\/v2\/product_tag?post=697904"}],"curies":[{"name":"wp","href":"https:\/\/api.w.org\/{rel}","templated":true}]}}