{"id":697903,"date":"2025-08-27T14:42:30","date_gmt":"2025-08-27T11:42:30","guid":{"rendered":"https:\/\/roveyayinevi.com.tr\/index.php\/urun\/oynayarak-eglenerek-muzik-dilini-ogreniyoruz\/"},"modified":"2026-04-16T02:07:25","modified_gmt":"2026-04-15T23:07:25","slug":"oynayarak-eglenerek-muzik-dilini-ogreniyoruz","status":"publish","type":"product","link":"https:\/\/roveyayinevi.com.tr\/index.php\/urun\/oynayarak-eglenerek-muzik-dilini-ogreniyoruz\/","title":{"rendered":"Oynayarak E\u011flenerek M\u00fczik Dilini \u00d6\u011freniyoruz"},"content":{"rendered":"<p>\u201cYa\u015famda para pul sahibi olamamaktan \u00f6te bir yoksulluk var m\u0131d\u0131r?\u201d diye sorulsa, kesinlikle vard\u0131r derim: Bir hobiye sahip olmamak. Ya\u015fam\u0131 boyunca bir kez olsun hayallerini tuvale ta\u015f\u0131mam\u0131\u015f, bir sanat ortam\u0131nda kille-\u00e7amurla bo\u011fu\u015fmam\u0131\u015f, k\u00fc\u00e7\u00fcc\u00fck bir rolle de olsa sahnede alk\u0131\u015f almam\u0131\u015f ya da bir koroda \u015fark\u0131 s\u00f6ylerken armoninin b\u00fcy\u00fcs\u00fcyle bulutlar\u0131n \u00fcst\u00fcne \u00e7\u0131kmam\u0131\u015f olmak ne b\u00fcy\u00fck bir yoksulluk! Bir m\u00fczik aleti \u00e7alarken, seslerin titre\u015fimi ile bamba\u015fka d\u00fcnyalara, y\u0131ld\u0131zlara \u0131\u015f\u0131nlanmam\u0131\u015f olmak ne b\u00fcy\u00fck talihsizlik! Sanata ayr\u0131lan zaman, ya\u015fam kalitemizi belirlemede \u00f6nemli bir \u00f6l\u00e7\u00fctt\u00fcr. Ya\u015fam sanatla, \u015fiirler, \u015fark\u0131yla, m\u00fczikle g\u00fczeldir. M\u00fczik ruh sa\u011fl\u0131\u011f\u0131m\u0131z\u0131n sigortas\u0131d\u0131r; ya\u015fam kayna\u011f\u0131m\u0131z ve hayallerimizin s\u00fcs\u00fcd\u00fcr. <\/p>\n","protected":false},"excerpt":{"rendered":"<p>\u201cYa\u015famda para pul sahibi olamamaktan \u00f6te bir yoksulluk var m\u0131d\u0131r?\u201d diye sorulsa, kesinlikle vard\u0131r derim: Bir hobiye sahip olmamak. Ya\u015fam\u0131 boyunca bir kez olsun hayallerini tuvale<span class=\"excerpt-hellip\"> [\u2026]<\/span><\/p>\n","protected":false},"featured_media":0,"template":"","meta":{"_monsterinsights_skip_tracking":false,"_monsterinsights_sitenote_active":false,"_monsterinsights_sitenote_note":"","_monsterinsights_sitenote_category":0},"product_brand":[],"product_cat":[12274,12649],"product_tag":[],"class_list":{"0":"post-697903","1":"product","2":"type-product","3":"status-publish","5":"product_cat-cocuk-ve-genclik-kitaplari","6":"product_cat-hobi-muzik","7":"pa_cilt-ciltsiz","8":"pa_tur-kitap","9":"pa_yayinevi-arkadas-yayinlari-muzik-kitaplari","10":"pa_yazar-salih-aydogan","12":"first","13":"instock","14":"sale","15":"shipping-taxable","16":"purchasable","17":"product-type-simple"},"_links":{"self":[{"href":"https:\/\/roveyayinevi.com.tr\/index.php\/wp-json\/wp\/v2\/product\/697903","targetHints":{"allow":["GET"]}}],"collection":[{"href":"https:\/\/roveyayinevi.com.tr\/index.php\/wp-json\/wp\/v2\/product"}],"about":[{"href":"https:\/\/roveyayinevi.com.tr\/index.php\/wp-json\/wp\/v2\/types\/product"}],"wp:attachment":[{"href":"https:\/\/roveyayinevi.com.tr\/index.php\/wp-json\/wp\/v2\/media?parent=697903"}],"wp:term":[{"taxonomy":"product_brand","embeddable":true,"href":"https:\/\/roveyayinevi.com.tr\/index.php\/wp-json\/wp\/v2\/product_brand?post=697903"},{"taxonomy":"product_cat","embeddable":true,"href":"https:\/\/roveyayinevi.com.tr\/index.php\/wp-json\/wp\/v2\/product_cat?post=697903"},{"taxonomy":"product_tag","embeddable":true,"href":"https:\/\/roveyayinevi.com.tr\/index.php\/wp-json\/wp\/v2\/product_tag?post=697903"}],"curies":[{"name":"wp","href":"https:\/\/api.w.org\/{rel}","templated":true}]}}