{"id":697902,"date":"2025-08-27T14:42:30","date_gmt":"2025-08-27T11:42:30","guid":{"rendered":"https:\/\/roveyayinevi.com.tr\/index.php\/urun\/babalar-ve-ogullar-4\/"},"modified":"2026-04-16T02:07:25","modified_gmt":"2026-04-15T23:07:25","slug":"babalar-ve-ogullar-4","status":"publish","type":"product","link":"https:\/\/roveyayinevi.com.tr\/index.php\/urun\/babalar-ve-ogullar-4\/","title":{"rendered":"Babalar ve O\u011fullar"},"content":{"rendered":"<p>Rus edebiyat\u0131n\u0131n en \u00f6nemli isimlerinden hikayeci, oyun ve deneme yazar\u0131, \u015fair Turgenyev, varl\u0131kl\u0131 bir ailenin \u00e7ocu\u011fuydu. Moskova ve Petersburg&#8217;da felsefe, tarih ve edebiyat e\u011fitimi ald\u0131. Daha sonra, Berlin \u00dcniversitesi&#8217;nde Schelling&#8217;in derslerine kat\u0131ld\u0131, Hegel incelemelerinde yer ald\u0131. 1840&#8217;larda yazarl\u0131\u011fa ba\u015flayan Turgenyev, yap\u0131tlar\u0131nda ince duygulu karakter \u00e7izimlerine, m\u00fcziksel bir anlat\u0131ma yer verir. Turgenyev&#8217;in de ba\u015fyap\u0131t\u0131 olan &#8220;Babalar ve O\u011fullar&#8221; d\u00fcnya edebiyat\u0131n\u0131n en \u00f6nemli klasik eserlerindendir. Turgenyev, 1800&#8217;lerin sonunda ge\u00e7en bu roman\u0131nda, kahraman\u0131 Bazarov&#8217;u merkez olarak o d\u00f6nemin Rusya&#8217;s\u0131ndaki ku\u015fatlar aras\u0131 \u00e7at\u0131\u015fmay\u0131 ustal\u0131kla anlat\u0131rken; eski ile yeniyi ve yenilik\u00e7ilik ile tutuculu\u011fu kar\u015f\u0131la\u015ft\u0131rm\u0131\u015ft\u0131r. <\/p>\n","protected":false},"excerpt":{"rendered":"<p>Rus edebiyat\u0131n\u0131n en \u00f6nemli isimlerinden hikayeci, oyun ve deneme yazar\u0131, \u015fair Turgenyev, varl\u0131kl\u0131 bir ailenin \u00e7ocu\u011fuydu. Moskova ve Petersburg&#8217;da felsefe, tarih ve edebiyat e\u011fitimi ald\u0131. Daha<span class=\"excerpt-hellip\"> [\u2026]<\/span><\/p>\n","protected":false},"featured_media":0,"template":"","meta":{"_monsterinsights_skip_tracking":false,"_monsterinsights_sitenote_active":false,"_monsterinsights_sitenote_note":"","_monsterinsights_sitenote_category":0},"product_brand":[],"product_cat":[12291,13570],"product_tag":[],"class_list":{"0":"post-697902","1":"product","2":"type-product","3":"status-publish","5":"product_cat-edebiyat","6":"product_cat-rus-edebiyati","7":"pa_cilt-ciltsiz","8":"pa_tur-kitap","9":"pa_yayinevi-arkadas-yayinlari","10":"pa_yazar-ivan-sergeyevic-turgenyev","12":"first","13":"instock","14":"sale","15":"shipping-taxable","16":"purchasable","17":"product-type-simple"},"_links":{"self":[{"href":"https:\/\/roveyayinevi.com.tr\/index.php\/wp-json\/wp\/v2\/product\/697902","targetHints":{"allow":["GET"]}}],"collection":[{"href":"https:\/\/roveyayinevi.com.tr\/index.php\/wp-json\/wp\/v2\/product"}],"about":[{"href":"https:\/\/roveyayinevi.com.tr\/index.php\/wp-json\/wp\/v2\/types\/product"}],"wp:attachment":[{"href":"https:\/\/roveyayinevi.com.tr\/index.php\/wp-json\/wp\/v2\/media?parent=697902"}],"wp:term":[{"taxonomy":"product_brand","embeddable":true,"href":"https:\/\/roveyayinevi.com.tr\/index.php\/wp-json\/wp\/v2\/product_brand?post=697902"},{"taxonomy":"product_cat","embeddable":true,"href":"https:\/\/roveyayinevi.com.tr\/index.php\/wp-json\/wp\/v2\/product_cat?post=697902"},{"taxonomy":"product_tag","embeddable":true,"href":"https:\/\/roveyayinevi.com.tr\/index.php\/wp-json\/wp\/v2\/product_tag?post=697902"}],"curies":[{"name":"wp","href":"https:\/\/api.w.org\/{rel}","templated":true}]}}