{"id":697901,"date":"2025-08-27T14:42:30","date_gmt":"2025-08-27T11:42:30","guid":{"rendered":"https:\/\/roveyayinevi.com.tr\/index.php\/urun\/ari-maya\/"},"modified":"2026-04-16T02:07:25","modified_gmt":"2026-04-15T23:07:25","slug":"ari-maya","status":"publish","type":"product","link":"https:\/\/roveyayinevi.com.tr\/index.php\/urun\/ari-maya\/","title":{"rendered":"Ar\u0131 Maya"},"content":{"rendered":"<p>Dizginlenemeyen bir merak\u0131 ve yan\u0131t arad\u0131\u011f\u0131 binlerce sorusu olan Ar\u0131 Maya do\u011fduktan birka\u00e7 g\u00fcn sonra kovan\u0131n\u0131 terk eder ve ar\u0131lar i\u00e7in hi\u00e7 de g\u00fcvenli olmayan bir ya\u015fama kanat a\u00e7ar. Onu a\u011f\u0131na d\u00fc\u015f\u00fcrmek i\u00e7in f\u0131rsat kollayan \u00f6r\u00fcmceklerin, \u00f6fkeli e\u015fek ar\u0131lar\u0131n\u0131n, i\u015ftahl\u0131 yusuf\u00e7uklar\u0131n, kendisine dostluk g\u00f6steren a\u011fa\u00e7kakanlar\u0131n, ate\u015fb\u00f6ceklerinin, k\u0131rkayaklar\u0131n ve daha nice irili ufakl\u0131 canl\u0131n\u0131n d\u00fcnyas\u0131ndad\u0131r o art\u0131k. \ufffcTan\u0131t\u0131m Metni<\/p>\n","protected":false},"excerpt":{"rendered":"<p>Dizginlenemeyen bir merak\u0131 ve yan\u0131t arad\u0131\u011f\u0131 binlerce sorusu olan Ar\u0131 Maya do\u011fduktan birka\u00e7 g\u00fcn sonra kovan\u0131n\u0131 terk eder ve ar\u0131lar i\u00e7in hi\u00e7 de g\u00fcvenli olmayan bir<span class=\"excerpt-hellip\"> [\u2026]<\/span><\/p>\n","protected":false},"featured_media":0,"template":"","meta":{"_monsterinsights_skip_tracking":false,"_monsterinsights_sitenote_active":false,"_monsterinsights_sitenote_note":"","_monsterinsights_sitenote_category":0},"product_brand":[],"product_cat":[12275,12274],"product_tag":[],"class_list":{"0":"post-697901","1":"product","2":"type-product","3":"status-publish","5":"product_cat-6-12-yas-kitaplari","6":"product_cat-cocuk-ve-genclik-kitaplari","7":"pa_cilt-ciltsiz","8":"pa_tur-kitap","9":"pa_yayinevi-arkadas-yayinlari","10":"pa_yazar-waldemar-bonsels","12":"first","13":"instock","14":"sale","15":"shipping-taxable","16":"purchasable","17":"product-type-simple"},"_links":{"self":[{"href":"https:\/\/roveyayinevi.com.tr\/index.php\/wp-json\/wp\/v2\/product\/697901","targetHints":{"allow":["GET"]}}],"collection":[{"href":"https:\/\/roveyayinevi.com.tr\/index.php\/wp-json\/wp\/v2\/product"}],"about":[{"href":"https:\/\/roveyayinevi.com.tr\/index.php\/wp-json\/wp\/v2\/types\/product"}],"wp:attachment":[{"href":"https:\/\/roveyayinevi.com.tr\/index.php\/wp-json\/wp\/v2\/media?parent=697901"}],"wp:term":[{"taxonomy":"product_brand","embeddable":true,"href":"https:\/\/roveyayinevi.com.tr\/index.php\/wp-json\/wp\/v2\/product_brand?post=697901"},{"taxonomy":"product_cat","embeddable":true,"href":"https:\/\/roveyayinevi.com.tr\/index.php\/wp-json\/wp\/v2\/product_cat?post=697901"},{"taxonomy":"product_tag","embeddable":true,"href":"https:\/\/roveyayinevi.com.tr\/index.php\/wp-json\/wp\/v2\/product_tag?post=697901"}],"curies":[{"name":"wp","href":"https:\/\/api.w.org\/{rel}","templated":true}]}}