{"id":697898,"date":"2025-08-27T14:42:29","date_gmt":"2025-08-27T11:42:29","guid":{"rendered":"https:\/\/roveyayinevi.com.tr\/index.php\/urun\/armoni\/"},"modified":"2026-04-16T02:07:25","modified_gmt":"2026-04-15T23:07:25","slug":"armoni","status":"publish","type":"product","link":"https:\/\/roveyayinevi.com.tr\/index.php\/urun\/armoni\/","title":{"rendered":"Armoni"},"content":{"rendered":"<p>Armoni kitab\u0131n\u0131n olu\u015fmas\u0131nda en b\u00fcy\u00fck katk\u0131, ku\u015fkusuz de\u011ferli hocam Ed. Zuckmayer&#8217;indir, esas maya onundur. Kitab\u0131n ilk taslaklar\u0131n\u0131n yaz\u0131lmaya ba\u015flamas\u0131 bundan k\u0131rk sene evveline kadar uzan\u0131r. 1955 &#8211; 1958 y\u0131llar\u0131 aras\u0131nda. Gazi E\u011fitim Enstit\u00fcs\u00fc M\u00fczik B\u00f6l\u00fcm\u00fc&#8217;nde Zuckmayer&#8217;in Armoni &#8211; Konrapunt (Teori) asistan\u0131 idim. \u00d6\u011frencilik y\u0131llar\u0131mda kendisinden edindi\u011fim bilgileri, asistanl\u0131\u011f\u0131m s\u00fcresince ilerleterek devam ettirdim. Asistanl\u0131\u011f\u0131m\u0131n son y\u0131l\u0131nda armoni \u00fczerinde bir tez haz\u0131rlayarak s\u0131nav vermem gerekiyordu. Bir armoni kitab\u0131 yazmak Zuckmayer&#8217;in \u00e7ok eskiden beri d\u00fc\u015f\u00fcnd\u00fc\u011f\u00fcm b\u00fcy\u00fck arzular\u0131ndan biriydi. Beraberce dominant dokuzlu akoruna kadar taslaklar yapt\u0131k ve ben, bu notlar\u0131 d\u00fczenleyerek asistanl\u0131k tezimi verdim. B\u00f6ylece Zuckmayer&#8217;in arzusu yerine geliyor ve kitab\u0131n armoni ile ilgili bir b\u00f6l\u00fcm\u00fc olu\u015fmaya ba\u015fl\u0131yordu. 1972 y\u0131l\u0131nda Zuckmayer&#8217;in \u00f6l\u00fcm\u00fcne dek kendisinden baz\u0131 konularda olduk\u00e7a faydaland\u0131m. 1975 y\u0131l\u0131nda, bizlerden &#8216;Mektupla \u00d6\u011fretim&#8217; i\u00e7in bir armoni kitab\u0131n\u0131n yaz\u0131lmas\u0131 istenmi\u015fti. O zaman asistan\u0131m (daha \u00f6nce \u00f6\u011frencim ve daha sonra da \u00f6\u011fretmen arkada\u015f\u0131m) olan Adnan Atalay ile Zuckmayer&#8217;in armoni notlar\u0131n\u0131 bir bir g\u00f6zden ge\u00e7irerek gerekli nota \u00f6rneklerinin a\u00e7\u0131klamalar\u0131n\u0131 yap\u0131p geli\u015ftirerek, eksik olan konular\u0131 da tamamlayarak &#8216;Teori &#8211; I ve Teori &#8211; III&#8217; ad\u0131 alt\u0131nda iki kitap olu\u015fturduk ve bu kitap &#8216;YAYKUR &#8211; A\u00e7\u0131k Y\u00fcksek\u00f6\u011fretim Dairesi&#8217; taraf\u0131ndan yay\u0131mland\u0131. Adnan Atalay&#8217;\u0131n bu kitaplar \u00fczerinde 1974 &#8211; 1976 y\u0131llar\u0131 aras\u0131ndaki \u00e7al\u0131\u015fmalar\u0131m\u0131z esnas\u0131nda, nota yaz\u0131m\u0131 ve metin k\u0131s\u0131mlar\u0131n\u0131n a\u00e7\u0131klanmas\u0131nda b\u00fcy\u00fck katk\u0131lar\u0131 olmu\u015ftur. \u00c7ok daha sonra 1994&#8217;te, kitaplar\u0131n yeniden ele al\u0131n\u0131p d\u00fczenlenmesinde de yard\u0131mlar\u0131 devam etmi\u015f, \u00f6zellikle &#8216;\u00d6nbilgiler&#8217; olan &#8216;Dizi ve Tonalite Bilgisi&#8217;, &#8216;Aral\u0131k Bilgisi&#8217; ve &#8216;Akor Bilgisi&#8217; konular\u0131n\u0131 tamamen yeni bir bak\u0131\u015f a\u00e7\u0131s\u0131yla kaleme almas\u0131yla yads\u0131namaz katk\u0131lar\u0131 daha da b\u00fcy\u00fcm\u00fc\u015ft\u00fcr. Bu katk\u0131lar\u0131ndan dolay\u0131 kendisine sonsuz te\u015fekk\u00fcr bor\u00e7luyum. Kitaptan yeterince faydalanabilmek i\u00e7in, armoni \u00e7al\u0131\u015fmalar\u0131na ba\u015flanmadan \u00f6nce iyi bir nota bilgisine ve hassas bir kula\u011fa (i\u015fitme yetene\u011fine) sahip olmal\u0131, bol bol solfej yapmal\u0131 ve en az\u0131ndan kolay piyano gibi klavyeli bir \u00e7alg\u0131da, en az\u0131ndan kolay piyano par\u00e7alar\u0131n\u0131, kadans ve armoni \u00f6devlerini \u00e7alabilecek bir seviyeye gelinmelidir. Bunun yan\u0131nda, dizi ve tonalite bilgisi, aral\u0131k bilgisi ve akor bilgisi gibi \u00f6nbilgiler, iyi bir \u015fekilde edinilmi\u015f olmal\u0131d\u0131r. Bunun i\u00e7in, gerekli bilgiler &#8216;\u00d6nbilgiler&#8217; ba\u015fl\u0131\u011f\u0131 alt\u0131nda geni\u015f bir \u015fekilde verilmeye \u00e7al\u0131\u015fm\u0131\u015ft\u0131r. Ancak bu bilgileri edinmi\u015f olanlar armoniye ba\u015flayabilirler. E\u011fer bu konularda yeterli bilgi \u00f6nceden edinilmi\u015f ise &#8216;Armoniye Giri\u015f&#8217; b\u00f6l\u00fcm\u00fcnden ba\u015flanabilir. Buna ra\u011fmen &#8216;\u00d6nbilgiler&#8217;i g\u00f6zden ge\u00e7irmek faydal\u0131 olacakt\u0131r. Armoni kurallar\u0131n\u0131n bir bir a\u00e7\u0131klanmas\u0131ndan sonra, her konuyla ilgili bolca \u00f6dev verilmi\u015ftir. Bu \u00f6devleri birka\u00e7 de\u011fi\u015fik \u015fekilde yapmal\u0131, onlar\u0131 \u00e7almal\u0131, koro halinde s\u00f6ylemeli ve becerileri, k\u00fc\u00e7\u00fck besteler \u015feklinde giderek uygulama alan\u0131na ge\u00e7irilmelidir. Armoniyi \u00f6\u011frenmek isteyenlere, \u00f6zellikle e\u011fitim fak\u00fclteleri m\u00fczik e\u011fitimi b\u00f6l\u00fcm\u00fc \u00f6\u011frencilerine faydal\u0131 olmas\u0131 dile\u011fimle.<\/p>\n","protected":false},"excerpt":{"rendered":"<p>Armoni kitab\u0131n\u0131n olu\u015fmas\u0131nda en b\u00fcy\u00fck katk\u0131, ku\u015fkusuz de\u011ferli hocam Ed. Zuckmayer&#8217;indir, esas maya onundur. Kitab\u0131n ilk taslaklar\u0131n\u0131n yaz\u0131lmaya ba\u015flamas\u0131 bundan k\u0131rk sene evveline kadar uzan\u0131r. 1955<span class=\"excerpt-hellip\"> [\u2026]<\/span><\/p>\n","protected":false},"featured_media":0,"template":"","meta":{"_monsterinsights_skip_tracking":false,"_monsterinsights_sitenote_active":false,"_monsterinsights_sitenote_note":"","_monsterinsights_sitenote_category":0},"product_brand":[],"product_cat":[14556,14557],"product_tag":[],"class_list":{"0":"post-697898","1":"product","2":"type-product","3":"status-publish","5":"product_cat-muzik","6":"product_cat-nota-kitaplari","7":"pa_cilt-ciltsiz","8":"pa_tur-kitap","9":"pa_yayinevi-arkadas-yayinlari-muzik-kitaplari","10":"pa_yazar-nurhan-cangal","12":"first","13":"instock","14":"sale","15":"shipping-taxable","16":"purchasable","17":"product-type-simple"},"_links":{"self":[{"href":"https:\/\/roveyayinevi.com.tr\/index.php\/wp-json\/wp\/v2\/product\/697898","targetHints":{"allow":["GET"]}}],"collection":[{"href":"https:\/\/roveyayinevi.com.tr\/index.php\/wp-json\/wp\/v2\/product"}],"about":[{"href":"https:\/\/roveyayinevi.com.tr\/index.php\/wp-json\/wp\/v2\/types\/product"}],"wp:attachment":[{"href":"https:\/\/roveyayinevi.com.tr\/index.php\/wp-json\/wp\/v2\/media?parent=697898"}],"wp:term":[{"taxonomy":"product_brand","embeddable":true,"href":"https:\/\/roveyayinevi.com.tr\/index.php\/wp-json\/wp\/v2\/product_brand?post=697898"},{"taxonomy":"product_cat","embeddable":true,"href":"https:\/\/roveyayinevi.com.tr\/index.php\/wp-json\/wp\/v2\/product_cat?post=697898"},{"taxonomy":"product_tag","embeddable":true,"href":"https:\/\/roveyayinevi.com.tr\/index.php\/wp-json\/wp\/v2\/product_tag?post=697898"}],"curies":[{"name":"wp","href":"https:\/\/api.w.org\/{rel}","templated":true}]}}