{"id":697897,"date":"2025-08-27T14:42:29","date_gmt":"2025-08-27T11:42:29","guid":{"rendered":"https:\/\/roveyayinevi.com.tr\/index.php\/urun\/aya-yolculuk-2\/"},"modified":"2026-04-16T02:07:25","modified_gmt":"2026-04-15T23:07:25","slug":"aya-yolculuk-2","status":"publish","type":"product","link":"https:\/\/roveyayinevi.com.tr\/index.php\/urun\/aya-yolculuk-2\/","title":{"rendered":"Ay\u2019a Yolculuk"},"content":{"rendered":"<p>Ay&#8217;a Yolculuk, uzay\u0131n gizemine oldum olas\u0131 ilgi duyan insan\u0131n, bu sonsuzlu\u011fa y\u00f6neli\u015finin co\u015fkusunu anlatan ilk roman \u00f6zelli\u011fini ta\u015f\u0131yor. \u0130nsano\u011flunun Ay&#8217;\u0131n y\u00fczeyine ayak basmas\u0131ndan 104 y\u0131l \u00f6nce yaz\u0131lan bu roman, edebiyatta bilimkurgu t\u00fcr\u00fcn\u00fcn \u00f6nc\u00fcs\u00fc Jules Verne&#8217;in (1828-1905) en \u00fcnl\u00fc eserleri aras\u0131nda yer al\u0131yor. 1865 y\u0131l\u0131nda kaleme al\u0131nan romanda, Amerikan \u0130\u00e7 Sava\u015f\u0131 sonras\u0131nda emekli askerlerin topland\u0131\u011f\u0131 &#8220;Silah Kul\u00fcb\u00fc&#8221; \u00fcyelerinin, yeniden g\u00fcndeme gelme ve silah \u00e7al\u0131\u015fmalar\u0131n\u0131 canl\u0131 tutma \u00e7abalar\u0131 sonucu ortaya at\u0131lan, ya\u015fama ge\u00e7irilmesi g\u00fc\u00e7, &#8220;d\u00fc\u015f&#8221; denilebilecek &#8220;Ay&#8217;a mermi g\u00f6nderme&#8221; projesi ile ba\u015flayan olaylar anlat\u0131l\u0131yor. Kul\u00fcb\u00fcn Ba\u015fkan\u0131 Barbicane&#8217;nin d\u00fcnya bilim \u00e7evrelerinde yank\u0131 bulan projesi, macera ruhlu Frans\u0131z bilim insan\u0131 Michael Ardan&#8217;\u0131n \u00e7\u0131lg\u0131n \u00f6nerisiyle Ay&#8217;a yap\u0131lacak bir yolculu\u011fa d\u00f6n\u00fc\u015f\u00fcyor. Ay yolcular\u0131 aras\u0131na Ba\u015fkan Barbicane ve k\u00f6pe\u011fi ile Frans\u0131z Ardan&#8217;dan sonra aksi Kaptan Nicholl&#8217;\u00fcn de kat\u0131lmas\u0131yla uzay maceras\u0131 ba\u015fl\u0131yor.\ufffc<\/p>\n","protected":false},"excerpt":{"rendered":"<p>Ay&#8217;a Yolculuk, uzay\u0131n gizemine oldum olas\u0131 ilgi duyan insan\u0131n, bu sonsuzlu\u011fa y\u00f6neli\u015finin co\u015fkusunu anlatan ilk roman \u00f6zelli\u011fini ta\u015f\u0131yor. \u0130nsano\u011flunun Ay&#8217;\u0131n y\u00fczeyine ayak basmas\u0131ndan 104 y\u0131l \u00f6nce<span class=\"excerpt-hellip\"> [\u2026]<\/span><\/p>\n","protected":false},"featured_media":0,"template":"","meta":{"_monsterinsights_skip_tracking":false,"_monsterinsights_sitenote_active":false,"_monsterinsights_sitenote_note":"","_monsterinsights_sitenote_category":0},"product_brand":[],"product_cat":[12274,12284],"product_tag":[],"class_list":{"0":"post-697897","1":"product","2":"type-product","3":"status-publish","5":"product_cat-cocuk-ve-genclik-kitaplari","6":"product_cat-hikayeler","7":"pa_cilt-ciltsiz","8":"pa_tur-kitap","9":"pa_yayinevi-arkadas-yayinlari","10":"pa_yazar-jules-verne","12":"first","13":"instock","14":"sale","15":"shipping-taxable","16":"purchasable","17":"product-type-simple"},"_links":{"self":[{"href":"https:\/\/roveyayinevi.com.tr\/index.php\/wp-json\/wp\/v2\/product\/697897","targetHints":{"allow":["GET"]}}],"collection":[{"href":"https:\/\/roveyayinevi.com.tr\/index.php\/wp-json\/wp\/v2\/product"}],"about":[{"href":"https:\/\/roveyayinevi.com.tr\/index.php\/wp-json\/wp\/v2\/types\/product"}],"wp:attachment":[{"href":"https:\/\/roveyayinevi.com.tr\/index.php\/wp-json\/wp\/v2\/media?parent=697897"}],"wp:term":[{"taxonomy":"product_brand","embeddable":true,"href":"https:\/\/roveyayinevi.com.tr\/index.php\/wp-json\/wp\/v2\/product_brand?post=697897"},{"taxonomy":"product_cat","embeddable":true,"href":"https:\/\/roveyayinevi.com.tr\/index.php\/wp-json\/wp\/v2\/product_cat?post=697897"},{"taxonomy":"product_tag","embeddable":true,"href":"https:\/\/roveyayinevi.com.tr\/index.php\/wp-json\/wp\/v2\/product_tag?post=697897"}],"curies":[{"name":"wp","href":"https:\/\/api.w.org\/{rel}","templated":true}]}}