{"id":697896,"date":"2025-08-27T14:42:28","date_gmt":"2025-08-27T11:42:28","guid":{"rendered":"https:\/\/roveyayinevi.com.tr\/index.php\/urun\/dunyanin-ucundaki-fener-2\/"},"modified":"2026-04-16T02:07:25","modified_gmt":"2026-04-15T23:07:25","slug":"dunyanin-ucundaki-fener-2","status":"publish","type":"product","link":"https:\/\/roveyayinevi.com.tr\/index.php\/urun\/dunyanin-ucundaki-fener-2\/","title":{"rendered":"D\u00fcnyan\u0131n Ucundaki Fener"},"content":{"rendered":"<p>\ufffcJules VerneAzg\u0131n dalgalar ve korkun\u00e7 kayal\u0131klar\u0131n yol a\u00e7t\u0131\u011f\u0131 gemi kazalar\u0131n\u0131 \u00f6nlemek isteyen Arjantin h\u00fck\u00fcmeti, Horn Burnu b\u00f6lgesindeki Devletler Adas\u0131&#8217;n\u0131n Elgor Koyu&#8217;na bir fener in\u015fa eder. Vasquez, Felipe ve Moriz ad\u0131ndaki \u00fc\u00e7 bek\u00e7i fenerde g\u00f6revlidir. Bek\u00e7ilerin sessiz ge\u00e7en g\u00fcnleri adada saklanan haydutlar\u0131n sald\u0131r\u0131s\u0131yla k\u00e2bus dolu bir ser\u00fcvene d\u00f6n\u00fc\u015f\u00fcr. Jules Verne&#8217;in (1828-1905) bu \u00e7ok sevilen roman\u0131, ilk olarak 1905 y\u0131l\u0131nda ve yazar\u0131n\u0131n \u00f6l\u00fcm\u00fcnden sonra yay\u0131mland\u0131. Bir\u00e7ok dile \u00e7evrilen bu klasik eser, sinemaya da uyarlanm\u0131\u015ft\u0131r.<\/p>\n","protected":false},"excerpt":{"rendered":"<p>\ufffcJules VerneAzg\u0131n dalgalar ve korkun\u00e7 kayal\u0131klar\u0131n yol a\u00e7t\u0131\u011f\u0131 gemi kazalar\u0131n\u0131 \u00f6nlemek isteyen Arjantin h\u00fck\u00fcmeti, Horn Burnu b\u00f6lgesindeki Devletler Adas\u0131&#8217;n\u0131n Elgor Koyu&#8217;na bir fener in\u015fa eder. Vasquez,<span class=\"excerpt-hellip\"> [\u2026]<\/span><\/p>\n","protected":false},"featured_media":0,"template":"","meta":{"_monsterinsights_skip_tracking":false,"_monsterinsights_sitenote_active":false,"_monsterinsights_sitenote_note":"","_monsterinsights_sitenote_category":0},"product_brand":[],"product_cat":[12274,12284],"product_tag":[],"class_list":{"0":"post-697896","1":"product","2":"type-product","3":"status-publish","5":"product_cat-cocuk-ve-genclik-kitaplari","6":"product_cat-hikayeler","7":"pa_cilt-ciltsiz","8":"pa_tur-kitap","9":"pa_yayinevi-arkadas-yayinlari","10":"pa_yazar-jules-verne","12":"first","13":"instock","14":"sale","15":"shipping-taxable","16":"purchasable","17":"product-type-simple"},"_links":{"self":[{"href":"https:\/\/roveyayinevi.com.tr\/index.php\/wp-json\/wp\/v2\/product\/697896","targetHints":{"allow":["GET"]}}],"collection":[{"href":"https:\/\/roveyayinevi.com.tr\/index.php\/wp-json\/wp\/v2\/product"}],"about":[{"href":"https:\/\/roveyayinevi.com.tr\/index.php\/wp-json\/wp\/v2\/types\/product"}],"wp:attachment":[{"href":"https:\/\/roveyayinevi.com.tr\/index.php\/wp-json\/wp\/v2\/media?parent=697896"}],"wp:term":[{"taxonomy":"product_brand","embeddable":true,"href":"https:\/\/roveyayinevi.com.tr\/index.php\/wp-json\/wp\/v2\/product_brand?post=697896"},{"taxonomy":"product_cat","embeddable":true,"href":"https:\/\/roveyayinevi.com.tr\/index.php\/wp-json\/wp\/v2\/product_cat?post=697896"},{"taxonomy":"product_tag","embeddable":true,"href":"https:\/\/roveyayinevi.com.tr\/index.php\/wp-json\/wp\/v2\/product_tag?post=697896"}],"curies":[{"name":"wp","href":"https:\/\/api.w.org\/{rel}","templated":true}]}}