{"id":697894,"date":"2025-08-27T14:42:28","date_gmt":"2025-08-27T11:42:28","guid":{"rendered":"https:\/\/roveyayinevi.com.tr\/index.php\/urun\/orselenmis-osmanlidan-medeniyet-umuduna\/"},"modified":"2026-04-16T02:07:25","modified_gmt":"2026-04-15T23:07:25","slug":"orselenmis-osmanlidan-medeniyet-umuduna","status":"publish","type":"product","link":"https:\/\/roveyayinevi.com.tr\/index.php\/urun\/orselenmis-osmanlidan-medeniyet-umuduna\/","title":{"rendered":"\u00d6rselenmi\u015f Osmanl\u0131&#8217;dan Medeniyet Umuduna"},"content":{"rendered":"<p>\u201cBundan sonra insanlara ve bizim topluma yeni ve daha kal\u0131c\u0131 bir \u015fey laz\u0131m olacak. O laz\u0131m olacak \u015feyin ad\u0131n\u0131 kim do\u011fru koyar, zaman\u0131n ruhunu kim do\u011fru okur ve Kaderullah\u2019\u0131n yard\u0131m\u0131n\u0131 al\u0131rsa, o \u00fcretir buradan \u00e7\u0131kacak olan medeniyet tasavvurunu. Zaman\u0131n ruhunu kim okursa gelecek de onundur. Bir M\u00fcsl\u00fcman olarak hayata bak\u0131yorsam, bir Osmanl\u0131 M\u00fcsl\u00fcman\u2019\u0131, bir T\u00fcrk M\u00fcsl\u00fcman\u2019\u0131 olarak hayata bak\u0131yorsam niye olmayacak diyeyim? Pek\u00e2l\u00e2 olur derim.\u201dSadettin \u00d6kten, M\u00fcsl\u00fcmanl\u0131\u011f\u0131n umdeleriyle m\u00fchendisli\u011fi bir arada ya\u015famak ve \u00f6\u011fretmek gibi bir imtihan\u0131n i\u00e7ine do\u011fmu\u015f. Din ise onun i\u00e7in bir kimlik meselesi de\u011fil, hayat\u0131n bizzat kendisi. Parayla iman\u0131n ayn\u0131 yerde bulu\u015fabilece\u011fini ama T\u00fcrkiyeli dindarlar\u0131n bunu yapamad\u0131\u011f\u0131n\u0131 d\u00fc\u015f\u00fcn\u00fcyor, \u0130slam d\u00fcnyas\u0131n\u0131n ruhi fukaral\u0131\u011f\u0131ndan s\u00f6z ediyor.Osmanl\u0131 onun g\u00f6z\u00fcnde kadim medeniyetimizin son yorumu, fakat Osmanl\u0131\u2019ya bakam\u0131yoruz!Sadettin \u00d6kten\u2019in babas\u0131, k\u0131z\u0131n\u0131n ba\u015f\u0131n\u0131 \u00f6rt\u00fcp \u00f6rtmemesine kar\u0131\u015fmayan, Demokrat Partili, \u0130mam Hatip Liselerinin kurucusu, Cerrahi Tekkesi mensubu. Kendisi, R\u00f6nesans\u0131n da, sanayi devriminin de, ayd\u0131nlanman\u0131n da \u201cOl!\u201d emriyle ger\u00e7ekle\u015fti\u011fine inanan Osmanl\u0131 bakiyesi bir in\u015faat m\u00fchendisi. Osmanl\u0131\u2019n\u0131n kadim medeniyetimizin son halkas\u0131 oldu\u011funu ve Osmanl\u0131\u2019y\u0131 anlamadan bir \u015fey \u00fcretmenin m\u00fcmk\u00fcn olmad\u0131\u011f\u0131n\u0131 s\u00f6yl\u00fcyor.Sadettin \u00d6kten, modern zamanlar\u0131n i\u00e7ini bo\u015faltt\u0131\u011f\u0131 pek \u00e7ok kavram\u0131 \u00e7ocuklu\u011fundan itibaren hayat\u0131n i\u00e7inde bulmu\u015f olan \u2018zamans\u0131z\u2019 bir M\u00fcsl\u00fcman ayd\u0131n\u0131. T\u00fcrkiye\u2019de M\u00fcsl\u00fcmanlar para kazanmaya ba\u015flad\u0131\u011f\u0131nda dinin de \u2018hal\u2019 olmaktan \u00e7\u0131kt\u0131\u011f\u0131n\u0131, yap\u0131lan bir uygulamaya d\u00f6n\u00fc\u015ft\u00fc\u011f\u00fcn\u00fc belirtiyor.\u00d6rselenmi\u015f Osmanl\u0131\u2019dan Medeniyet Umuduna, 1800\u2019l\u00fc y\u0131llardan 2000\u2019lere uzanan, siyasi ve sosyal pek \u00e7ok d\u00f6nemi, pek \u00e7ok \u0130stanbul\u2019u, farkl\u0131 ahlak, sosyal ya\u015fant\u0131, e\u011fitim anlay\u0131\u015flar\u0131n\u0131 aktaran, dinin hayattaki farkl\u0131 kar\u015f\u0131l\u0131klar\u0131na de\u011finen bir kitap. Muhafazak\u00e2rl\u0131k, varl\u0131k, zaman, imtihan, dua, mit, fa\u015fizm, tasavvuf, haz gibi kavramlar\u0131n i\u00e7ini g\u00fc\u00e7l\u00fc bir kalple ve ayd\u0131n bir zihinle dolduran g\u00fc\u00e7l\u00fc bir nehir s\u00f6yle\u015fisi.\u0130\u015fte zaman\u0131 kutsayan, \u2018vaktin babas\u0131\u2019 olma iddias\u0131ndaki bir mutasavv\u0131f\u0131n g\u00f6z\u00fcnden modernizm ve kapitalizm analizi\u2026 Ayd\u0131nlanma\u2019dan \u0130slam toplumlar\u0131na, Osmanl\u0131\u2019dan Cumhuriyet d\u00f6nemine ve g\u00fcn\u00fcm\u00fcz T\u00fcrkiyeli M\u00fcsl\u00fcman\u2019\u0131na uzanan ele\u015ftirel bir bak\u0131\u015f. <\/p>\n","protected":false},"excerpt":{"rendered":"<p>\u201cBundan sonra insanlara ve bizim topluma yeni ve daha kal\u0131c\u0131 bir \u015fey laz\u0131m olacak. O laz\u0131m olacak \u015feyin ad\u0131n\u0131 kim do\u011fru koyar, zaman\u0131n ruhunu kim do\u011fru<span class=\"excerpt-hellip\"> [\u2026]<\/span><\/p>\n","protected":false},"featured_media":0,"template":"","meta":{"_monsterinsights_skip_tracking":false,"_monsterinsights_sitenote_active":false,"_monsterinsights_sitenote_note":"","_monsterinsights_sitenote_category":0},"product_brand":[],"product_cat":[12324,27533],"product_tag":[],"class_list":{"0":"post-697894","1":"product","2":"type-product","3":"status-publish","5":"product_cat-sosyoloji","6":"product_cat-sosyolojiye-giris","7":"pa_cilt-ciltsiz","8":"pa_tur-kitap","9":"pa_yayinevi-hayykitap","10":"pa_yazar-saadettin-okten","12":"first","13":"instock","14":"sale","15":"shipping-taxable","16":"purchasable","17":"product-type-simple"},"_links":{"self":[{"href":"https:\/\/roveyayinevi.com.tr\/index.php\/wp-json\/wp\/v2\/product\/697894","targetHints":{"allow":["GET"]}}],"collection":[{"href":"https:\/\/roveyayinevi.com.tr\/index.php\/wp-json\/wp\/v2\/product"}],"about":[{"href":"https:\/\/roveyayinevi.com.tr\/index.php\/wp-json\/wp\/v2\/types\/product"}],"wp:attachment":[{"href":"https:\/\/roveyayinevi.com.tr\/index.php\/wp-json\/wp\/v2\/media?parent=697894"}],"wp:term":[{"taxonomy":"product_brand","embeddable":true,"href":"https:\/\/roveyayinevi.com.tr\/index.php\/wp-json\/wp\/v2\/product_brand?post=697894"},{"taxonomy":"product_cat","embeddable":true,"href":"https:\/\/roveyayinevi.com.tr\/index.php\/wp-json\/wp\/v2\/product_cat?post=697894"},{"taxonomy":"product_tag","embeddable":true,"href":"https:\/\/roveyayinevi.com.tr\/index.php\/wp-json\/wp\/v2\/product_tag?post=697894"}],"curies":[{"name":"wp","href":"https:\/\/api.w.org\/{rel}","templated":true}]}}