{"id":697892,"date":"2025-08-27T14:42:27","date_gmt":"2025-08-27T11:42:27","guid":{"rendered":"https:\/\/roveyayinevi.com.tr\/index.php\/urun\/esrarengiz-komsu\/"},"modified":"2026-04-16T02:07:25","modified_gmt":"2026-04-15T23:07:25","slug":"esrarengiz-komsu","status":"publish","type":"product","link":"https:\/\/roveyayinevi.com.tr\/index.php\/urun\/esrarengiz-komsu\/","title":{"rendered":"Esrarengiz Kom\u015fu"},"content":{"rendered":"<p>B\u00f6yle kom\u015fuyu kim istemez!Yeni apartmana ta\u015f\u0131nd\u0131klar\u0131ndan beri Moritz\u2019in keyfi yoktu. Anlay\u0131\u015fs\u0131z patronu y\u00fcz\u00fcnden \u00fcz\u00fcl\u00fcp duran annesinin mutsuzlu\u011fu ona, babas\u0131na ve minik karde\u015fine de yans\u0131yor, evde herkesin can\u0131 s\u0131k\u0131l\u0131yordu. \u00dcstelik, yeni okulunun kabaday\u0131s\u0131 onu s\u00fcrekli rahats\u0131z ediyordu. Arkada\u015flar\u0131 Ole ve Lili de olmasa, hayat \u00e7ekilecek gibi de\u011fildi. Moritz, ya\u011fmurlu bir g\u00fcnde, esrarengiz kom\u015fular\u0131 Bay R\u00f6slein\u2019la tan\u0131\u015fana kadar b\u00f6yle d\u00fc\u015f\u00fcn\u00fcyordu\u2026 <\/p>\n","protected":false},"excerpt":{"rendered":"<p>B\u00f6yle kom\u015fuyu kim istemez!Yeni apartmana ta\u015f\u0131nd\u0131klar\u0131ndan beri Moritz\u2019in keyfi yoktu. Anlay\u0131\u015fs\u0131z patronu y\u00fcz\u00fcnden \u00fcz\u00fcl\u00fcp duran annesinin mutsuzlu\u011fu ona, babas\u0131na ve minik karde\u015fine de yans\u0131yor, evde herkesin<span class=\"excerpt-hellip\"> [\u2026]<\/span><\/p>\n","protected":false},"featured_media":0,"template":"","meta":{"_monsterinsights_skip_tracking":false,"_monsterinsights_sitenote_active":false,"_monsterinsights_sitenote_note":"","_monsterinsights_sitenote_category":0},"product_brand":[],"product_cat":[12274,12284],"product_tag":[],"class_list":{"0":"post-697892","1":"product","2":"type-product","3":"status-publish","5":"product_cat-cocuk-ve-genclik-kitaplari","6":"product_cat-hikayeler","7":"pa_cilt-ciltsiz","8":"pa_tur-kitap","9":"pa_yayinevi-gunisigi-kitapligi","10":"pa_yazar-silke-lambeck","12":"first","13":"instock","14":"sale","15":"shipping-taxable","16":"purchasable","17":"product-type-simple"},"_links":{"self":[{"href":"https:\/\/roveyayinevi.com.tr\/index.php\/wp-json\/wp\/v2\/product\/697892","targetHints":{"allow":["GET"]}}],"collection":[{"href":"https:\/\/roveyayinevi.com.tr\/index.php\/wp-json\/wp\/v2\/product"}],"about":[{"href":"https:\/\/roveyayinevi.com.tr\/index.php\/wp-json\/wp\/v2\/types\/product"}],"wp:attachment":[{"href":"https:\/\/roveyayinevi.com.tr\/index.php\/wp-json\/wp\/v2\/media?parent=697892"}],"wp:term":[{"taxonomy":"product_brand","embeddable":true,"href":"https:\/\/roveyayinevi.com.tr\/index.php\/wp-json\/wp\/v2\/product_brand?post=697892"},{"taxonomy":"product_cat","embeddable":true,"href":"https:\/\/roveyayinevi.com.tr\/index.php\/wp-json\/wp\/v2\/product_cat?post=697892"},{"taxonomy":"product_tag","embeddable":true,"href":"https:\/\/roveyayinevi.com.tr\/index.php\/wp-json\/wp\/v2\/product_tag?post=697892"}],"curies":[{"name":"wp","href":"https:\/\/api.w.org\/{rel}","templated":true}]}}