{"id":697891,"date":"2025-08-27T14:42:27","date_gmt":"2025-08-27T11:42:27","guid":{"rendered":"https:\/\/roveyayinevi.com.tr\/index.php\/urun\/aydede-her-yerde\/"},"modified":"2026-04-16T02:07:25","modified_gmt":"2026-04-15T23:07:25","slug":"aydede-her-yerde","status":"publish","type":"product","link":"https:\/\/roveyayinevi.com.tr\/index.php\/urun\/aydede-her-yerde\/","title":{"rendered":"Aydede Her Yerde"},"content":{"rendered":"<p>\u00dclkeler farkl\u0131, Aydede ayn\u0131! D\u00fcnyan\u0131n d\u00f6rt bir yan\u0131ndan Aydede\u2019li \u00f6yk\u00fcler!Hacer K\u0131lc\u0131o\u011flu, b\u00fcy\u00fcme sorunlar\u0131n\u0131 ele alan sevilen \u00e7ocuk romanlar\u0131 Per\u015fembeleri \u00c7ok Severim ve Bug\u00fcn Ad\u0131m Kakt\u00fcs Benim\u2019in ard\u0131ndan, bu kez farkl\u0131 \u00fclkelerden bamba\u015fka k\u00fclt\u00fcrlerde ya\u015fayan \u00e7ocuklar\u0131n \u00f6yk\u00fclerini anlat\u0131yor. \u00c7ocuk ve Gen\u00e7lik Yay\u0131nlar\u0131 Derne\u011fi (\u00c7GYD) taraf\u0131ndan 2012 Y\u0131l\u0131n En \u0130yi \u00c7ocuk \u00d6yk\u00fcleri \u00f6d\u00fcl\u00fcne de\u011fer g\u00f6r\u00fclen kitapta yer alan 16 \u00f6yk\u00fcn\u00fcn ortak \u00f6zelli\u011fi, Aydede. Kitap, \u201cYaln\u0131zl\u0131\u011f\u0131m\u0131z\u0131 gideren, arad\u0131klar\u0131m\u0131z\u0131 bulduran, g\u00fcl\u00fcmseten, mutlu eden ve yolumuzu \u0131\u015f\u0131\u011f\u0131yla ayd\u0131nlatan Aydede\u2019nin e\u015fli\u011finde, okurlar\u0131n\u0131 de\u011fi\u015fik co\u011frafyalarda; \u00fclkeler, kentler ve k\u00fclt\u00fcrler aras\u0131nda etkileyici bir yolculu\u011fa \u00e7\u0131kar\u0131yor. Ya\u015fant\u0131lar ne denli farkl\u0131la\u015fsa da sonu\u00e7ta ayn\u0131 D\u00fcnya\u2019n\u0131n canl\u0131lar\u0131 oldu\u011fumuzu hat\u0131rlat\u0131rken, esprili \u00fcslubuyla g\u00fcld\u00fcr\u00fcyor, farkl\u0131 ya\u015famlar\u0131n dertlerine dikkat \u00e7ekip d\u00fc\u015f\u00fcnd\u00fcr\u00fcyor. Peru\u2019dan \u0130spanya\u2019ya, Vietnam\u2019dan Finlandiya\u2019ya, Bosna\u2019dan M\u0131s\u0131r\u2019a, T\u00fcrkiye\u2019den \u00c7in\u2019e uzanan \u00f6yk\u00fclerde okurun kar\u015f\u0131s\u0131na Atat\u00fcrk, Bar\u0131\u015f Man\u00e7o, Anne Frank gibi sevilen karakterler de \u00e7\u0131k\u0131veriyor. Aydede, bazen \u00e7ocuklar i\u00e7in aileden daha yak\u0131n, \u015fefkatli ve kucaklay\u0131c\u0131 olabiliyor. S\u00f6zc\u00fck oyunlar\u0131, \u00f6zg\u00fcn deyi\u015fler ve ses tekrarlar\u0131yla renklenen \u00f6yk\u00fcler, okurun dilini ve anlat\u0131m\u0131n\u0131 zenginle\u015ftirecek nitelikte.Kitapta yer alan 16 \u00f6yk\u00fc: Bostan Bek\u00e7isi F\u0131rat, Derin S\u00fcvari\u2019den F\u0131rat\u2019a, \u0130pek K\u0131z, \u00c7inli Hong Chu ve B\u00fcy\u00fckkannesi, S\u0131cak Gecenin Ay\u0131\u015f\u0131\u011f\u0131, M\u0131s\u0131rl\u0131 Muhammet, \u0130talyan Massimo, Vietnaml\u0131 K\u00fc\u00e7\u00fck K\u0131z, Mostarl\u0131 Mustafa\u2019n\u0131n Korkusu, G\u0131pr\u0131sl\u0131 Salih, Prag\u2019\u0131n K\u00f6y\u00fcnden Dzitka Milena, Yaman\u2019\u0131n \u00d6devi, Anne Frank\u2019tan Kedicik\u2019e, Jos\u00e9 ve Eski Matador, Maria\u2019n\u0131n Haski Sevgisi, 7\u2019den 77\u2019ye. <\/p>\n","protected":false},"excerpt":{"rendered":"<p>\u00dclkeler farkl\u0131, Aydede ayn\u0131! D\u00fcnyan\u0131n d\u00f6rt bir yan\u0131ndan Aydede\u2019li \u00f6yk\u00fcler!Hacer K\u0131lc\u0131o\u011flu, b\u00fcy\u00fcme sorunlar\u0131n\u0131 ele alan sevilen \u00e7ocuk romanlar\u0131 Per\u015fembeleri \u00c7ok Severim ve Bug\u00fcn Ad\u0131m Kakt\u00fcs Benim\u2019in<span class=\"excerpt-hellip\"> [\u2026]<\/span><\/p>\n","protected":false},"featured_media":0,"template":"","meta":{"_monsterinsights_skip_tracking":false,"_monsterinsights_sitenote_active":false,"_monsterinsights_sitenote_note":"","_monsterinsights_sitenote_category":0},"product_brand":[],"product_cat":[12274,12284],"product_tag":[],"class_list":{"0":"post-697891","1":"product","2":"type-product","3":"status-publish","5":"product_cat-cocuk-ve-genclik-kitaplari","6":"product_cat-hikayeler","7":"pa_cilt-ciltsiz","8":"pa_tur-kitap","9":"pa_yayinevi-gunisigi-kitapligi","10":"pa_yazar-hacer-kilcioglu","12":"first","13":"instock","14":"sale","15":"shipping-taxable","16":"purchasable","17":"product-type-simple"},"_links":{"self":[{"href":"https:\/\/roveyayinevi.com.tr\/index.php\/wp-json\/wp\/v2\/product\/697891","targetHints":{"allow":["GET"]}}],"collection":[{"href":"https:\/\/roveyayinevi.com.tr\/index.php\/wp-json\/wp\/v2\/product"}],"about":[{"href":"https:\/\/roveyayinevi.com.tr\/index.php\/wp-json\/wp\/v2\/types\/product"}],"wp:attachment":[{"href":"https:\/\/roveyayinevi.com.tr\/index.php\/wp-json\/wp\/v2\/media?parent=697891"}],"wp:term":[{"taxonomy":"product_brand","embeddable":true,"href":"https:\/\/roveyayinevi.com.tr\/index.php\/wp-json\/wp\/v2\/product_brand?post=697891"},{"taxonomy":"product_cat","embeddable":true,"href":"https:\/\/roveyayinevi.com.tr\/index.php\/wp-json\/wp\/v2\/product_cat?post=697891"},{"taxonomy":"product_tag","embeddable":true,"href":"https:\/\/roveyayinevi.com.tr\/index.php\/wp-json\/wp\/v2\/product_tag?post=697891"}],"curies":[{"name":"wp","href":"https:\/\/api.w.org\/{rel}","templated":true}]}}