{"id":697881,"date":"2025-08-27T14:42:24","date_gmt":"2025-08-27T11:42:24","guid":{"rendered":"https:\/\/roveyayinevi.com.tr\/index.php\/urun\/secilmis-kisi\/"},"modified":"2026-04-16T02:07:25","modified_gmt":"2026-04-15T23:07:25","slug":"secilmis-kisi","status":"publish","type":"product","link":"https:\/\/roveyayinevi.com.tr\/index.php\/urun\/secilmis-kisi\/","title":{"rendered":"Se\u00e7ilmi\u015f Ki\u015fi"},"content":{"rendered":"<p>Sonra d\u00f6nd\u00fc ve onu yaln\u0131z ba\u015f\u0131na, y\u00fcz\u00fc kalabal\u0131\u011fa d\u00f6n\u00fck ayakta dururken b\u0131rakarak, sahneden ayr\u0131ld\u0131. Kalabal\u0131k ayn\u0131 anda hep birlikte ad\u0131n\u0131 m\u0131r\u0131ldanmaya ba\u015flad\u0131. Jonas. \u0130lk ba\u015fta f\u0131s\u0131ld\u0131yorlard\u0131. Zorlukla duyuluyordu, sesleri bast\u0131r\u0131lm\u0131\u015ft\u0131. Jonas, Jonas. Sonra daha y\u00fcksek sesle ve h\u0131zla devam etti. JONAS. JONAS. JONAS. Ad\u0131n\u0131n bir a\u011f\u0131zdan s\u00f6ylenmesinden, Jonas, toplulu\u011fun kendisini ve yeni g\u00f6revini benimsedi\u011fini, yeni bebek Caleb\u2019e verdi\u011fi gibi kendisine de ya\u015fam verdi\u011fini biliyordu. G\u00f6\u011fs\u00fc minnet ve gururla kabarma\u015ft\u0131. Ama ayn\u0131 zamanda korkuyla da dolmu\u015ftu. Kendisinin se\u00e7ilmesinin ne anlama geldi\u011fini bilmiyordu. Ne olaca\u011f\u0131n\u0131 ya da ba\u015f\u0131na neler gelece\u011fini bilmiyordu.<\/p>\n","protected":false},"excerpt":{"rendered":"<p>Sonra d\u00f6nd\u00fc ve onu yaln\u0131z ba\u015f\u0131na, y\u00fcz\u00fc kalabal\u0131\u011fa d\u00f6n\u00fck ayakta dururken b\u0131rakarak, sahneden ayr\u0131ld\u0131. Kalabal\u0131k ayn\u0131 anda hep birlikte ad\u0131n\u0131 m\u0131r\u0131ldanmaya ba\u015flad\u0131. Jonas. \u0130lk ba\u015fta f\u0131s\u0131ld\u0131yorlard\u0131.<span class=\"excerpt-hellip\"> [\u2026]<\/span><\/p>\n","protected":false},"featured_media":0,"template":"","meta":{"_monsterinsights_skip_tracking":false,"_monsterinsights_sitenote_active":false,"_monsterinsights_sitenote_note":"","_monsterinsights_sitenote_category":0},"product_brand":[],"product_cat":[12891,12291],"product_tag":[],"class_list":{"0":"post-697881","1":"product","2":"type-product","3":"status-publish","5":"product_cat-amerikan-edebiyati","6":"product_cat-edebiyat","7":"pa_cilt-ciltsiz","8":"pa_tur-kitap","9":"pa_yayinevi-arkadas-yayinlari","10":"pa_yazar-lois-lowry","12":"first","13":"instock","14":"sale","15":"shipping-taxable","16":"purchasable","17":"product-type-simple"},"_links":{"self":[{"href":"https:\/\/roveyayinevi.com.tr\/index.php\/wp-json\/wp\/v2\/product\/697881","targetHints":{"allow":["GET"]}}],"collection":[{"href":"https:\/\/roveyayinevi.com.tr\/index.php\/wp-json\/wp\/v2\/product"}],"about":[{"href":"https:\/\/roveyayinevi.com.tr\/index.php\/wp-json\/wp\/v2\/types\/product"}],"wp:attachment":[{"href":"https:\/\/roveyayinevi.com.tr\/index.php\/wp-json\/wp\/v2\/media?parent=697881"}],"wp:term":[{"taxonomy":"product_brand","embeddable":true,"href":"https:\/\/roveyayinevi.com.tr\/index.php\/wp-json\/wp\/v2\/product_brand?post=697881"},{"taxonomy":"product_cat","embeddable":true,"href":"https:\/\/roveyayinevi.com.tr\/index.php\/wp-json\/wp\/v2\/product_cat?post=697881"},{"taxonomy":"product_tag","embeddable":true,"href":"https:\/\/roveyayinevi.com.tr\/index.php\/wp-json\/wp\/v2\/product_tag?post=697881"}],"curies":[{"name":"wp","href":"https:\/\/api.w.org\/{rel}","templated":true}]}}