{"id":697879,"date":"2025-08-27T14:42:24","date_gmt":"2025-08-27T11:42:24","guid":{"rendered":"https:\/\/roveyayinevi.com.tr\/index.php\/urun\/en-sevdigim-arkadasim\/"},"modified":"2026-04-16T02:07:25","modified_gmt":"2026-04-15T23:07:25","slug":"en-sevdigim-arkadasim","status":"publish","type":"product","link":"https:\/\/roveyayinevi.com.tr\/index.php\/urun\/en-sevdigim-arkadasim\/","title":{"rendered":"En Sevdi\u011fim Arkada\u015f\u0131m"},"content":{"rendered":"<p>Utku\u2019nun en yak\u0131n arkada\u015f\u0131 Hav Hav ile tan\u0131\u015fmak ve onlarla birlikte k\u0131sa bir tren yolculu\u011funa \u00e7\u0131kmak ister misiniz? Yumu\u015fak t\u00fcyleri ve harika bir g\u00fcl\u00fcmsemesi olan oyuncak k\u00f6pek Hav Hav\u2019\u0131 sizler de \u00e7ok seveceksiniz. <\/p>\n","protected":false},"excerpt":{"rendered":"<p>Utku\u2019nun en yak\u0131n arkada\u015f\u0131 Hav Hav ile tan\u0131\u015fmak ve onlarla birlikte k\u0131sa bir tren yolculu\u011funa \u00e7\u0131kmak ister misiniz? Yumu\u015fak t\u00fcyleri ve harika bir g\u00fcl\u00fcmsemesi olan oyuncak<span class=\"excerpt-hellip\"> [\u2026]<\/span><\/p>\n","protected":false},"featured_media":0,"template":"","meta":{"_monsterinsights_skip_tracking":false,"_monsterinsights_sitenote_active":false,"_monsterinsights_sitenote_note":"","_monsterinsights_sitenote_category":0},"product_brand":[],"product_cat":[12274,12284],"product_tag":[],"class_list":{"0":"post-697879","1":"product","2":"type-product","3":"status-publish","5":"product_cat-cocuk-ve-genclik-kitaplari","6":"product_cat-hikayeler","7":"pa_cilt-ciltsiz","8":"pa_tur-kitap","9":"pa_yayinevi-mandolin-yayinlari","10":"pa_yazar-renin-afsar-gilmore","12":"first","13":"instock","14":"sale","15":"shipping-taxable","16":"purchasable","17":"product-type-simple"},"_links":{"self":[{"href":"https:\/\/roveyayinevi.com.tr\/index.php\/wp-json\/wp\/v2\/product\/697879","targetHints":{"allow":["GET"]}}],"collection":[{"href":"https:\/\/roveyayinevi.com.tr\/index.php\/wp-json\/wp\/v2\/product"}],"about":[{"href":"https:\/\/roveyayinevi.com.tr\/index.php\/wp-json\/wp\/v2\/types\/product"}],"wp:attachment":[{"href":"https:\/\/roveyayinevi.com.tr\/index.php\/wp-json\/wp\/v2\/media?parent=697879"}],"wp:term":[{"taxonomy":"product_brand","embeddable":true,"href":"https:\/\/roveyayinevi.com.tr\/index.php\/wp-json\/wp\/v2\/product_brand?post=697879"},{"taxonomy":"product_cat","embeddable":true,"href":"https:\/\/roveyayinevi.com.tr\/index.php\/wp-json\/wp\/v2\/product_cat?post=697879"},{"taxonomy":"product_tag","embeddable":true,"href":"https:\/\/roveyayinevi.com.tr\/index.php\/wp-json\/wp\/v2\/product_tag?post=697879"}],"curies":[{"name":"wp","href":"https:\/\/api.w.org\/{rel}","templated":true}]}}