{"id":697878,"date":"2025-08-27T14:42:24","date_gmt":"2025-08-27T11:42:24","guid":{"rendered":"https:\/\/roveyayinevi.com.tr\/index.php\/urun\/kurtlar\/"},"modified":"2026-04-16T02:07:25","modified_gmt":"2026-04-15T23:07:25","slug":"kurtlar","status":"publish","type":"product","link":"https:\/\/roveyayinevi.com.tr\/index.php\/urun\/kurtlar\/","title":{"rendered":"Kurtlar"},"content":{"rendered":"<p>Kurtlar, k\u00f6pek ailesinin en b\u00fcy\u00fck \u00fcyeleridir ve d\u00fcnyan\u0131n d\u00f6rt bir yan\u0131nda ya\u015farlar. Kurtlar\u0131n koku alma duyular\u0131, insanlardan 100 kat daha fazlad\u0131r.Bu harika avc\u0131lar hakk\u0131nda pek \u00e7ok ilgi \u00e7ekici bilgi, NationalGeographic\u2019in uzman foto\u011fraf\u00e7\u0131lar\u0131n\u0131n imzas\u0131n\u0131 ta\u015f\u0131yan g\u00f6rsellerle, zengin bir i\u00e7erik olarak bu kitapta bir araya geldi. 15 kitaptan olu\u015fan, 2. seviye okuma kitaplar\u0131ndan biri olan Kurtlar, aileleriyle birlikte okumaktan zevk alan \u00e7ocuklar\u0131n yan\u0131 s\u0131ra, art\u0131k tek ba\u015f\u0131na da okuyabilen \u00e7ocuklara uygun kelime bilgisiyle haz\u0131rlanm\u0131\u015ft\u0131r. Kitab\u0131n sonunda yer alan Ailenizi \u015ea\u015f\u0131rt\u0131n b\u00f6l\u00fcm\u00fcndeki testle, kurtlara dair \u00f6\u011frendiklerinizi test edebilecek; S\u00f6zl\u00fck b\u00f6l\u00fcm\u00fcyle kelime da\u011farc\u0131\u011f\u0131n\u0131z\u0131 geli\u015ftireceksiniz. \ufffcTan\u0131t\u0131m Metni<\/p>\n","protected":false},"excerpt":{"rendered":"<p>Kurtlar, k\u00f6pek ailesinin en b\u00fcy\u00fck \u00fcyeleridir ve d\u00fcnyan\u0131n d\u00f6rt bir yan\u0131nda ya\u015farlar. Kurtlar\u0131n koku alma duyular\u0131, insanlardan 100 kat daha fazlad\u0131r.Bu harika avc\u0131lar hakk\u0131nda pek \u00e7ok<span class=\"excerpt-hellip\"> [\u2026]<\/span><\/p>\n","protected":false},"featured_media":0,"template":"","meta":{"_monsterinsights_skip_tracking":false,"_monsterinsights_sitenote_active":false,"_monsterinsights_sitenote_note":"","_monsterinsights_sitenote_category":0},"product_brand":[],"product_cat":[13829,12274],"product_tag":[],"class_list":{"0":"post-697878","1":"product","2":"type-product","3":"status-publish","5":"product_cat-bilimsel-kitaplar","6":"product_cat-cocuk-ve-genclik-kitaplari","7":"pa_cilt-ciltsiz","8":"pa_tur-kitap","9":"pa_yayinevi-beta-kids","10":"pa_yazar-laura-marsh","12":"first","13":"instock","14":"sale","15":"shipping-taxable","16":"purchasable","17":"product-type-simple"},"_links":{"self":[{"href":"https:\/\/roveyayinevi.com.tr\/index.php\/wp-json\/wp\/v2\/product\/697878","targetHints":{"allow":["GET"]}}],"collection":[{"href":"https:\/\/roveyayinevi.com.tr\/index.php\/wp-json\/wp\/v2\/product"}],"about":[{"href":"https:\/\/roveyayinevi.com.tr\/index.php\/wp-json\/wp\/v2\/types\/product"}],"wp:attachment":[{"href":"https:\/\/roveyayinevi.com.tr\/index.php\/wp-json\/wp\/v2\/media?parent=697878"}],"wp:term":[{"taxonomy":"product_brand","embeddable":true,"href":"https:\/\/roveyayinevi.com.tr\/index.php\/wp-json\/wp\/v2\/product_brand?post=697878"},{"taxonomy":"product_cat","embeddable":true,"href":"https:\/\/roveyayinevi.com.tr\/index.php\/wp-json\/wp\/v2\/product_cat?post=697878"},{"taxonomy":"product_tag","embeddable":true,"href":"https:\/\/roveyayinevi.com.tr\/index.php\/wp-json\/wp\/v2\/product_tag?post=697878"}],"curies":[{"name":"wp","href":"https:\/\/api.w.org\/{rel}","templated":true}]}}