{"id":697876,"date":"2025-08-27T14:42:23","date_gmt":"2025-08-27T11:42:23","guid":{"rendered":"https:\/\/roveyayinevi.com.tr\/index.php\/urun\/adan-zye-pazarlama-pazarlamayla-ilgilenen-herkesin-bilmesi-gereken-80-kavram\/"},"modified":"2026-04-16T02:07:25","modified_gmt":"2026-04-15T23:07:25","slug":"adan-zye-pazarlama-pazarlamayla-ilgilenen-herkesin-bilmesi-gereken-80-kavram","status":"publish","type":"product","link":"https:\/\/roveyayinevi.com.tr\/index.php\/urun\/adan-zye-pazarlama-pazarlamayla-ilgilenen-herkesin-bilmesi-gereken-80-kavram\/","title":{"rendered":"A\u2019dan Z\u2019ye Pazarlama Pazarlamayla \u0130lgilenen Herkesin Bilmesi Gereken 80 Kavram"},"content":{"rendered":"<p>Markalar, reklamlar, t\u00fcketiciler, ileti\u015fim ara\u00e7lar\u0131, da\u011f\u0131t\u0131m kanallar\u0131, perakendeciler k\u0131sacas\u0131 pazar ve bu arada toplum, topyekun bir de\u011fi\u015fim ya\u015f\u0131yor. Pazarlama profesyonelleri art\u0131k yaln\u0131zca sat\u0131\u015fla de\u011fil, \u00fcr\u00fcn veya hizmetin t\u00fcketiciyle temasa ge\u00e7ti\u011fi her noktayla ilgilenmek zorunda. Bunu yapmak i\u00e7in de \u00f6ncelikle kurulmakta olan yeni pazarlama d\u00fcnyas\u0131na y\u00f6n veren temel kavramlar\u0131 bilmek gerekiyor.Pazarlama literat\u00fcr\u00fcn\u00fcn bir numaral\u0131 ismi, modern pazarlaman\u0131n babas\u0131 Philip Kotler, bu rehber kitab\u0131nda &#8216;A\u011f\u0131zdan a\u011f\u0131za reklam&#8217;dan &#8216;Zek&#8217;e kadar pazarlamayla ilgilenen herkesin mutlaka bilmesi gereken bilgiler sunuyor\u2026 <\/p>\n","protected":false},"excerpt":{"rendered":"<p>Markalar, reklamlar, t\u00fcketiciler, ileti\u015fim ara\u00e7lar\u0131, da\u011f\u0131t\u0131m kanallar\u0131, perakendeciler k\u0131sacas\u0131 pazar ve bu arada toplum, topyekun bir de\u011fi\u015fim ya\u015f\u0131yor. Pazarlama profesyonelleri art\u0131k yaln\u0131zca sat\u0131\u015fla de\u011fil, \u00fcr\u00fcn veya<span class=\"excerpt-hellip\"> [\u2026]<\/span><\/p>\n","protected":false},"featured_media":0,"template":"","meta":{"_monsterinsights_skip_tracking":false,"_monsterinsights_sitenote_active":false,"_monsterinsights_sitenote_note":"","_monsterinsights_sitenote_category":0},"product_brand":[],"product_cat":[13043,14381],"product_tag":[],"class_list":{"0":"post-697876","1":"product","2":"type-product","3":"status-publish","5":"product_cat-ekonomi","6":"product_cat-isletme-muhasebe-maliye","7":"pa_cilt-ciltsiz","8":"pa_tur-kitap","9":"pa_yayinevi-mediacat-kitaplari","10":"pa_yazar-philip-kotler","12":"first","13":"instock","14":"sale","15":"shipping-taxable","16":"purchasable","17":"product-type-simple"},"_links":{"self":[{"href":"https:\/\/roveyayinevi.com.tr\/index.php\/wp-json\/wp\/v2\/product\/697876","targetHints":{"allow":["GET"]}}],"collection":[{"href":"https:\/\/roveyayinevi.com.tr\/index.php\/wp-json\/wp\/v2\/product"}],"about":[{"href":"https:\/\/roveyayinevi.com.tr\/index.php\/wp-json\/wp\/v2\/types\/product"}],"wp:attachment":[{"href":"https:\/\/roveyayinevi.com.tr\/index.php\/wp-json\/wp\/v2\/media?parent=697876"}],"wp:term":[{"taxonomy":"product_brand","embeddable":true,"href":"https:\/\/roveyayinevi.com.tr\/index.php\/wp-json\/wp\/v2\/product_brand?post=697876"},{"taxonomy":"product_cat","embeddable":true,"href":"https:\/\/roveyayinevi.com.tr\/index.php\/wp-json\/wp\/v2\/product_cat?post=697876"},{"taxonomy":"product_tag","embeddable":true,"href":"https:\/\/roveyayinevi.com.tr\/index.php\/wp-json\/wp\/v2\/product_tag?post=697876"}],"curies":[{"name":"wp","href":"https:\/\/api.w.org\/{rel}","templated":true}]}}