{"id":697875,"date":"2025-08-27T14:42:23","date_gmt":"2025-08-27T11:42:23","guid":{"rendered":"https:\/\/roveyayinevi.com.tr\/index.php\/urun\/bir-dinozorun-gezileri\/"},"modified":"2026-04-16T02:07:25","modified_gmt":"2026-04-15T23:07:25","slug":"bir-dinozorun-gezileri","status":"publish","type":"product","link":"https:\/\/roveyayinevi.com.tr\/index.php\/urun\/bir-dinozorun-gezileri\/","title":{"rendered":"Bir Dinozorun Gezileri"},"content":{"rendered":"<p>Mina Urgan Bir Dinozorun An\u0131lar\u0131&#8217;n\u0131 yazarken kitab\u0131n\u0131n bu kadar \u00e7ok okunaca\u011f\u0131n\u0131 hi\u00e7 beklemiyor, Benim gibi bir kocakar\u0131n\u0131n hayat\u0131n\u0131 kim merak eder ki&#8230; diyordu. Ama \u00f6yle olmad\u0131. Y\u00fczbinlerce ki\u015fi bu ufak tefek, beyaz sa\u00e7l\u0131, sigara i\u00e7en, cesur, kom\u00fcnist ve ateist oldu\u011funu televizyon ekranlar\u0131nda s\u00f6yleyen \u0130ngiliz Edebiyat\u0131 profes\u00f6r\u00fcn\u00fcn an\u0131lar\u0131n\u0131 okudu ve kendiyle alay etmeyi bilen bu zeki kad\u0131n\u0131 \u00e7ok sevdi. \u00c7\u00fcnk\u00fc o, T\u00fcrkiye ayd\u0131n\u0131n\u0131n s\u0131cak ve zeki dilidir. Samimi bir d\u00fc\u015f\u00fcnce sahibinin, ayk\u0131r\u0131 da olsa, t\u00fcm kesimler taraf\u0131ndan kucaklanaca\u011f\u0131n\u0131n kan\u0131t\u0131d\u0131r. T\u00fcrkiye yazar\u0131n di\u011fer kitab\u0131 Bir Dinozorun Gezileri ile yery\u00fcz\u00fcnde keyifli ve uygar bir yolculuk yapacak. Dinozorca yani az parayla, tad\u0131n\u0131 \u00e7\u0131karmay\u0131 ve insanlar\u0131 tan\u0131may\u0131 hedefleyerek yap\u0131lm\u0131\u015f bu gezileri g\u00fcl\u00fcmseyerek okuyacak, okurken d\u00fc\u015f\u00fcnecek, yery\u00fcz\u00fcn\u00fc ve kendini tan\u0131y\u0131p \u00f6\u011frenecek, sevecek.<\/p>\n","protected":false},"excerpt":{"rendered":"<p>Mina Urgan Bir Dinozorun An\u0131lar\u0131&#8217;n\u0131 yazarken kitab\u0131n\u0131n bu kadar \u00e7ok okunaca\u011f\u0131n\u0131 hi\u00e7 beklemiyor, Benim gibi bir kocakar\u0131n\u0131n hayat\u0131n\u0131 kim merak eder ki&#8230; diyordu. Ama \u00f6yle olmad\u0131.<span class=\"excerpt-hellip\"> [\u2026]<\/span><\/p>\n","protected":false},"featured_media":0,"template":"","meta":{"_monsterinsights_skip_tracking":false,"_monsterinsights_sitenote_active":false,"_monsterinsights_sitenote_note":"","_monsterinsights_sitenote_category":0},"product_brand":[],"product_cat":[13701,12291],"product_tag":[],"class_list":{"0":"post-697875","1":"product","2":"type-product","3":"status-publish","5":"product_cat-ani-mektup-gunluk","6":"product_cat-edebiyat","7":"pa_cilt-ciltsiz","8":"pa_tur-kitap","9":"pa_yayinevi-yapi-kredi-yayinlari","10":"pa_yazar-mina-urgan","12":"first","13":"instock","14":"sale","15":"shipping-taxable","16":"purchasable","17":"product-type-simple"},"_links":{"self":[{"href":"https:\/\/roveyayinevi.com.tr\/index.php\/wp-json\/wp\/v2\/product\/697875","targetHints":{"allow":["GET"]}}],"collection":[{"href":"https:\/\/roveyayinevi.com.tr\/index.php\/wp-json\/wp\/v2\/product"}],"about":[{"href":"https:\/\/roveyayinevi.com.tr\/index.php\/wp-json\/wp\/v2\/types\/product"}],"wp:attachment":[{"href":"https:\/\/roveyayinevi.com.tr\/index.php\/wp-json\/wp\/v2\/media?parent=697875"}],"wp:term":[{"taxonomy":"product_brand","embeddable":true,"href":"https:\/\/roveyayinevi.com.tr\/index.php\/wp-json\/wp\/v2\/product_brand?post=697875"},{"taxonomy":"product_cat","embeddable":true,"href":"https:\/\/roveyayinevi.com.tr\/index.php\/wp-json\/wp\/v2\/product_cat?post=697875"},{"taxonomy":"product_tag","embeddable":true,"href":"https:\/\/roveyayinevi.com.tr\/index.php\/wp-json\/wp\/v2\/product_tag?post=697875"}],"curies":[{"name":"wp","href":"https:\/\/api.w.org\/{rel}","templated":true}]}}