{"id":697874,"date":"2025-08-27T14:42:22","date_gmt":"2025-08-27T11:42:22","guid":{"rendered":"https:\/\/roveyayinevi.com.tr\/index.php\/urun\/bir-parmak-bal\/"},"modified":"2026-04-16T02:07:25","modified_gmt":"2026-04-15T23:07:25","slug":"bir-parmak-bal","status":"publish","type":"product","link":"https:\/\/roveyayinevi.com.tr\/index.php\/urun\/bir-parmak-bal\/","title":{"rendered":"Bir Parmak Bal"},"content":{"rendered":"<p>1970\u2019ler, \u0130ngiltere. Cambridge mezunu Serena Frome, MI5\u2019ta memur olarak i\u015fe al\u0131n\u0131r. Fakat bir s\u00fcre sonra, Serena\u2019n\u0131n edebiyat merak\u0131na g\u00fcvenen patronlar\u0131, onu So\u011fuk Sava\u015f\u2019\u0131n k\u00fclt\u00fcrel cephesinde sava\u015fmas\u0131 i\u00e7in g\u00f6revlendirirler:\u201cBir Parmak Bal\u201d ad\u0131ndaki operasyonun amac\u0131, Sovyetler Birli\u011fi ve di\u011fer sosyalist \u00fclkelere kar\u015f\u0131 tav\u0131r alan, gelece\u011fi parlak gen\u00e7 bir \u0130ngiliz yazar aday\u0131 ke\u015ffetmek, sonra da ona burs sa\u011flay\u0131p y\u00fckselmesini sa\u011flamakt\u0131r. Yazar b\u00f6ylece fark\u0131nda olmadan \u0130ngiliz istihbarat\u0131na hizmet etmi\u015f olacakt\u0131r.Serena Frome\u2019un buldu\u011fu yazar\u0131n ad\u0131 Tom Haley\u2019dir. Serena, s\u0131rad\u0131\u015f\u0131 \u00f6yk\u00fclerini okuyup etkilendi\u011fi bu gen\u00e7 adama gittik\u00e7e daha fazla kap\u0131l\u0131r. Bir s\u00fcre sonra aralar\u0131ndaki ili\u015fki a\u015fka d\u00f6n\u00fc\u015f\u00fcnce i\u015fler Serena i\u00e7in karmakar\u0131\u015f\u0131k hale gelecektir.Ya\u015fayan en \u00f6nemli ve en \u00e7ok okunan \u0130ngiliz romanc\u0131lardan biri olan Ian McEwan, Bir Parmak Bal\u2019da, hem edebiyat-siyaset ili\u015fkisi \u00fczerine \u00f6nemli sorular soruyor hem de elden b\u0131rak\u0131lamayan bir a\u015fk ve casusluk \u00f6yk\u00fcs\u00fc anlat\u0131yor. <\/p>\n","protected":false},"excerpt":{"rendered":"<p>1970\u2019ler, \u0130ngiltere. Cambridge mezunu Serena Frome, MI5\u2019ta memur olarak i\u015fe al\u0131n\u0131r. Fakat bir s\u00fcre sonra, Serena\u2019n\u0131n edebiyat merak\u0131na g\u00fcvenen patronlar\u0131, onu So\u011fuk Sava\u015f\u2019\u0131n k\u00fclt\u00fcrel cephesinde sava\u015fmas\u0131<span class=\"excerpt-hellip\"> [\u2026]<\/span><\/p>\n","protected":false},"featured_media":0,"template":"","meta":{"_monsterinsights_skip_tracking":false,"_monsterinsights_sitenote_active":false,"_monsterinsights_sitenote_note":"","_monsterinsights_sitenote_category":0},"product_brand":[],"product_cat":[12291,12866],"product_tag":[],"class_list":{"0":"post-697874","1":"product","2":"type-product","3":"status-publish","5":"product_cat-edebiyat","6":"product_cat-ingiliz-edebiyati","7":"pa_cilt-ciltsiz","8":"pa_tur-kitap","9":"pa_yayinevi-yapi-kredi-yayinlari","10":"pa_yazar-ian-mcewan","12":"first","13":"instock","14":"sale","15":"shipping-taxable","16":"purchasable","17":"product-type-simple"},"_links":{"self":[{"href":"https:\/\/roveyayinevi.com.tr\/index.php\/wp-json\/wp\/v2\/product\/697874","targetHints":{"allow":["GET"]}}],"collection":[{"href":"https:\/\/roveyayinevi.com.tr\/index.php\/wp-json\/wp\/v2\/product"}],"about":[{"href":"https:\/\/roveyayinevi.com.tr\/index.php\/wp-json\/wp\/v2\/types\/product"}],"wp:attachment":[{"href":"https:\/\/roveyayinevi.com.tr\/index.php\/wp-json\/wp\/v2\/media?parent=697874"}],"wp:term":[{"taxonomy":"product_brand","embeddable":true,"href":"https:\/\/roveyayinevi.com.tr\/index.php\/wp-json\/wp\/v2\/product_brand?post=697874"},{"taxonomy":"product_cat","embeddable":true,"href":"https:\/\/roveyayinevi.com.tr\/index.php\/wp-json\/wp\/v2\/product_cat?post=697874"},{"taxonomy":"product_tag","embeddable":true,"href":"https:\/\/roveyayinevi.com.tr\/index.php\/wp-json\/wp\/v2\/product_tag?post=697874"}],"curies":[{"name":"wp","href":"https:\/\/api.w.org\/{rel}","templated":true}]}}