{"id":697873,"date":"2025-08-27T14:42:22","date_gmt":"2025-08-27T11:42:22","guid":{"rendered":"https:\/\/roveyayinevi.com.tr\/index.php\/urun\/muzik-atlasi\/"},"modified":"2026-04-16T02:07:25","modified_gmt":"2026-04-15T23:07:25","slug":"muzik-atlasi","status":"publish","type":"product","link":"https:\/\/roveyayinevi.com.tr\/index.php\/urun\/muzik-atlasi\/","title":{"rendered":"M\u00fczik Atlas\u0131"},"content":{"rendered":"<p>\u00c7ocuklar bu kitapla birlikte m\u00fczi\u011fin d\u00fcnyas\u0131na ad\u0131m atabilecek, kendi yapacaklar\u0131 enstr\u00fcmanlarla m\u00fczik yapacak, notalar\u0131 \u00f6\u011frenecekler. Kitapta anlat\u0131lan m\u00fczikli oyunlarla kulaklar\u0131, konsantrasyonlar\u0131 ve hayal g\u00fc\u00e7leri geli\u015fecek. Eski ve yeni bir\u00e7ok enstr\u00fcman\u0131 tan\u0131yacak, bir\u00e7ok \u00fcnl\u00fc besteciyle tan\u0131\u015facaklar. Resimli sayfalar\u0131n izinde belki de m\u00fczik yolculuklar\u0131n\u0131n rotas\u0131n\u0131 belirleyecekler! <\/p>\n","protected":false},"excerpt":{"rendered":"<p>\u00c7ocuklar bu kitapla birlikte m\u00fczi\u011fin d\u00fcnyas\u0131na ad\u0131m atabilecek, kendi yapacaklar\u0131 enstr\u00fcmanlarla m\u00fczik yapacak, notalar\u0131 \u00f6\u011frenecekler. Kitapta anlat\u0131lan m\u00fczikli oyunlarla kulaklar\u0131, konsantrasyonlar\u0131 ve hayal g\u00fc\u00e7leri geli\u015fecek. Eski<span class=\"excerpt-hellip\"> [\u2026]<\/span><\/p>\n","protected":false},"featured_media":0,"template":"","meta":{"_monsterinsights_skip_tracking":false,"_monsterinsights_sitenote_active":false,"_monsterinsights_sitenote_note":"","_monsterinsights_sitenote_category":0},"product_brand":[],"product_cat":[12274,14573],"product_tag":[],"class_list":{"0":"post-697873","1":"product","2":"type-product","3":"status-publish","5":"product_cat-cocuk-ve-genclik-kitaplari","6":"product_cat-referans-kitaplar-cocuk-ve-genclik-kitaplari","7":"pa_cilt-ciltsiz","8":"pa_tur-kitap","9":"pa_yayinevi-mandolin-yayinlari","10":"pa_yazar-kolektif","12":"first","13":"instock","14":"sale","15":"shipping-taxable","16":"purchasable","17":"product-type-simple"},"_links":{"self":[{"href":"https:\/\/roveyayinevi.com.tr\/index.php\/wp-json\/wp\/v2\/product\/697873","targetHints":{"allow":["GET"]}}],"collection":[{"href":"https:\/\/roveyayinevi.com.tr\/index.php\/wp-json\/wp\/v2\/product"}],"about":[{"href":"https:\/\/roveyayinevi.com.tr\/index.php\/wp-json\/wp\/v2\/types\/product"}],"wp:attachment":[{"href":"https:\/\/roveyayinevi.com.tr\/index.php\/wp-json\/wp\/v2\/media?parent=697873"}],"wp:term":[{"taxonomy":"product_brand","embeddable":true,"href":"https:\/\/roveyayinevi.com.tr\/index.php\/wp-json\/wp\/v2\/product_brand?post=697873"},{"taxonomy":"product_cat","embeddable":true,"href":"https:\/\/roveyayinevi.com.tr\/index.php\/wp-json\/wp\/v2\/product_cat?post=697873"},{"taxonomy":"product_tag","embeddable":true,"href":"https:\/\/roveyayinevi.com.tr\/index.php\/wp-json\/wp\/v2\/product_tag?post=697873"}],"curies":[{"name":"wp","href":"https:\/\/api.w.org\/{rel}","templated":true}]}}