{"id":697868,"date":"2025-08-27T14:42:20","date_gmt":"2025-08-27T11:42:20","guid":{"rendered":"https:\/\/roveyayinevi.com.tr\/index.php\/urun\/o-zamanlar-1920-1923\/"},"modified":"2026-04-16T02:07:24","modified_gmt":"2026-04-15T23:07:24","slug":"o-zamanlar-1920-1923","status":"publish","type":"product","link":"https:\/\/roveyayinevi.com.tr\/index.php\/urun\/o-zamanlar-1920-1923\/","title":{"rendered":"O Zamanlar 1920-1923"},"content":{"rendered":"<p>Bu kitapta toplanan yaz\u0131lara \u201cO Zamanlar\u201d denmesi, k\u0131ymetin yaz\u0131larda de\u011fil yaz\u0131lan zamanlarda g\u00f6r\u00fclmesindendir.\u201cMill\u00ee M\u00fccadele\u201d, \u201c\u0130stikl\u00e2l Sava\u015f\u0131\u201d gibi adlar verilen o \u00fc\u00e7 d\u00f6rt y\u0131ll\u0131k zaman b\u00fct\u00fcn mazide yoktu; \u00e7\u00fcnk\u00fc T\u00fcrk milleti b\u00fct\u00fcn mazisinde fel\u00e2ketin o kadar sonsuzuna d\u00fc\u015fmemi\u015fti ki o kadar sonsuz bir \u015fahlan\u0131\u015f f\u0131rsat\u0131 eline ge\u00e7mi\u015fti diyebilelim&#8230;.Refahla saadeti kar\u0131\u015ft\u0131rmamal\u0131; birincisi g\u00f6vdenin, ikincisi ruhun hakk\u0131. Refah\u0131n en sonunda oluruz da saadetten nasibimiz olmaz. Saraylar i\u00e7inde muztarip h\u00fck\u00fcmdarlar ve kul\u00fcbeler i\u00e7inde mes\u2019ut yoksullar g\u00f6r\u00fcn\u00fc\u015f\u00fc bundan ileri gelse gerek. Ta\u015f \u00e7atlasa bu g\u00f6vdeye ne \u00fc\u00e7 yudum fazla i\u00e7irebilir; ne \u00fc\u00e7 lokma fazla yedirebiliriz. Fakat ruhun ufuklar\u0131&#8230;\u015eeyh Galib\u2019in:\u201cBir \u015fulesi var ki \u015fem\u2019-i c\u00e2n\u0131nF\u00e2nusuna s\u0131\u011fmaz as\u00fcman\u0131n\u201ddemesi yaln\u0131z en renkli bir \u015fiir de\u011fil, ayn\u0131 zamanda en y\u00fcksek bir hakikattir. O zamanlar\u0131n ulviyeti i\u00e7inde ruhlar fanuslar\u0131na s\u0131\u011fmayan yakut alevli me\u015falelere d\u00f6nm\u00fc\u015ft\u00fc. Ne paye, ne ikbal; bu d\u00fcnyada ruhlar\u0131n bu \u015fehrayininden daha g\u00fczel bir \u015fey olamaz.Bu yaz\u0131lar\u0131, beni o zamanlara erdirmi\u015f ve o zamanlar\u0131n i\u00e7inde ya\u015fatm\u0131\u015f olan talihime \u015f\u00fckrederek toplad\u0131m. O zaman yaz\u0131lan bu yaz\u0131lar, bir bak\u0131ma g\u00f6re, konu\u015fmaktan ziyade hayk\u0131r\u0131r; bu, hiddetimizdendi. Bir bak\u0131ma g\u00f6re de bu yaz\u0131lar, duda\u011f\u0131n\u0131 k\u0131m\u0131ldat\u0131p han\u00e7eresinden sesler \u00e7\u0131kararak bir \u015feyler s\u00f6yl\u00fcyormu\u015f gibi g\u00f6r\u00fcnd\u00fc\u011f\u00fc halde bir \u015fey s\u00f6yleyemeyen dilsizlere benzer; bu, aczimizdendir. Zaten b\u00fcy\u00fck heyecanlar insan\u0131 dilsiz edermi\u015f. \u0130stikl\u00e2l cengi zamanlar\u0131 ise heyecan de\u011fil humma idi. <\/p>\n","protected":false},"excerpt":{"rendered":"<p>Bu kitapta toplanan yaz\u0131lara \u201cO Zamanlar\u201d denmesi, k\u0131ymetin yaz\u0131larda de\u011fil yaz\u0131lan zamanlarda g\u00f6r\u00fclmesindendir.\u201cMill\u00ee M\u00fccadele\u201d, \u201c\u0130stikl\u00e2l Sava\u015f\u0131\u201d gibi adlar verilen o \u00fc\u00e7 d\u00f6rt y\u0131ll\u0131k zaman b\u00fct\u00fcn mazide<span class=\"excerpt-hellip\"> [\u2026]<\/span><\/p>\n","protected":false},"featured_media":0,"template":"","meta":{"_monsterinsights_skip_tracking":false,"_monsterinsights_sitenote_active":false,"_monsterinsights_sitenote_note":"","_monsterinsights_sitenote_category":0},"product_brand":[],"product_cat":[12364],"product_tag":[],"class_list":{"0":"post-697868","1":"product","2":"type-product","3":"status-publish","5":"product_cat-genel-konular","6":"pa_tur-kitap","7":"pa_yayinevi-otuken-nesriyat","8":"pa_yazar-ismail-habib-sevuk","10":"first","11":"instock","12":"sale","13":"shipping-taxable","14":"purchasable","15":"product-type-simple"},"_links":{"self":[{"href":"https:\/\/roveyayinevi.com.tr\/index.php\/wp-json\/wp\/v2\/product\/697868","targetHints":{"allow":["GET"]}}],"collection":[{"href":"https:\/\/roveyayinevi.com.tr\/index.php\/wp-json\/wp\/v2\/product"}],"about":[{"href":"https:\/\/roveyayinevi.com.tr\/index.php\/wp-json\/wp\/v2\/types\/product"}],"wp:attachment":[{"href":"https:\/\/roveyayinevi.com.tr\/index.php\/wp-json\/wp\/v2\/media?parent=697868"}],"wp:term":[{"taxonomy":"product_brand","embeddable":true,"href":"https:\/\/roveyayinevi.com.tr\/index.php\/wp-json\/wp\/v2\/product_brand?post=697868"},{"taxonomy":"product_cat","embeddable":true,"href":"https:\/\/roveyayinevi.com.tr\/index.php\/wp-json\/wp\/v2\/product_cat?post=697868"},{"taxonomy":"product_tag","embeddable":true,"href":"https:\/\/roveyayinevi.com.tr\/index.php\/wp-json\/wp\/v2\/product_tag?post=697868"}],"curies":[{"name":"wp","href":"https:\/\/api.w.org\/{rel}","templated":true}]}}