{"id":697865,"date":"2025-08-27T14:42:20","date_gmt":"2025-08-27T11:42:20","guid":{"rendered":"https:\/\/roveyayinevi.com.tr\/index.php\/urun\/bir-kadinin-portresi\/"},"modified":"2026-04-16T02:07:24","modified_gmt":"2026-04-15T23:07:24","slug":"bir-kadinin-portresi","status":"publish","type":"product","link":"https:\/\/roveyayinevi.com.tr\/index.php\/urun\/bir-kadinin-portresi\/","title":{"rendered":"Bir Kad\u0131n\u0131n Portresi"},"content":{"rendered":"<p>Henry James modern roman\u0131n en \u00f6nemli isimlerinden biridir. Amerika\u2019da do\u011fmu\u015f olmas\u0131na, Amerikan roman\u0131na uluslararas\u0131 sayg\u0131nl\u0131k kazand\u0131rmas\u0131na kar\u015f\u0131n ya\u015fam\u0131n\u0131n b\u00fcy\u00fck bir b\u00f6l\u00fcm\u00fcn\u00fc \u0130ngiltere\u2019de ve Avrupa\u2019da ge\u00e7irmi\u015ftir. Bu \u00f6zelli\u011fi ba\u015fyap\u0131tlar\u0131ndan biri olan \u201cBir Kad\u0131n\u0131n Portresi\u201cnde kendini iyiden iyiye belli eder. Roman\u0131n kahraman\u0131 Isabel Amerikal\u0131 bir gen\u00e7 k\u0131zd\u0131r.Teyzesiyle ya\u015famak \u00fczere Avrupa\u2019ya gelir ve burada \u00e7o\u011funlu\u011fu Avrupal\u0131la\u015fm\u0131\u015f Amerikal\u0131lardan olu\u015fan ki\u015filerin yozla\u015fm\u0131\u015f d\u00fcnyas\u0131 i\u00e7ine d\u00fc\u015fer. Henry James yak\u0131ndan tan\u0131d\u0131\u011f\u0131 bir d\u00fcnyan\u0131n karanl\u0131k y\u00fcz\u00fcn\u00fc sergiler bir ki\u015finin ser\u00fcveni i\u00e7inde.Roman yaln\u0131z bir ki\u015filik olu\u015fumunu anlamakla yetinmez; romen tekni\u011fi a\u00e7\u0131s\u0131ndan da \u00f6nem ta\u015f\u0131r. Ger\u00e7ek\u00e7i roman anlat\u0131m\u0131yla James\u2019in \u201cbulu\u015fu\u201c diyebilece\u011fimiz \u201cbak\u0131\u015f a\u00e7\u0131s\u0131\u201c tekni\u011fini de ustaca birle\u015ftirir. <\/p>\n","protected":false},"excerpt":{"rendered":"<p>Henry James modern roman\u0131n en \u00f6nemli isimlerinden biridir. Amerika\u2019da do\u011fmu\u015f olmas\u0131na, Amerikan roman\u0131na uluslararas\u0131 sayg\u0131nl\u0131k kazand\u0131rmas\u0131na kar\u015f\u0131n ya\u015fam\u0131n\u0131n b\u00fcy\u00fck bir b\u00f6l\u00fcm\u00fcn\u00fc \u0130ngiltere\u2019de ve Avrupa\u2019da ge\u00e7irmi\u015ftir. Bu<span class=\"excerpt-hellip\"> [\u2026]<\/span><\/p>\n","protected":false},"featured_media":0,"template":"","meta":{"_monsterinsights_skip_tracking":false,"_monsterinsights_sitenote_active":false,"_monsterinsights_sitenote_note":"","_monsterinsights_sitenote_category":0},"product_brand":[],"product_cat":[12891,12291],"product_tag":[],"class_list":{"0":"post-697865","1":"product","2":"type-product","3":"status-publish","5":"product_cat-amerikan-edebiyati","6":"product_cat-edebiyat","7":"pa_cilt-ciltsiz","8":"pa_tur-kitap","9":"pa_yayinevi-yapi-kredi-yayinlari","10":"pa_yazar-henry-james","12":"first","13":"instock","14":"sale","15":"shipping-taxable","16":"purchasable","17":"product-type-simple"},"_links":{"self":[{"href":"https:\/\/roveyayinevi.com.tr\/index.php\/wp-json\/wp\/v2\/product\/697865","targetHints":{"allow":["GET"]}}],"collection":[{"href":"https:\/\/roveyayinevi.com.tr\/index.php\/wp-json\/wp\/v2\/product"}],"about":[{"href":"https:\/\/roveyayinevi.com.tr\/index.php\/wp-json\/wp\/v2\/types\/product"}],"wp:attachment":[{"href":"https:\/\/roveyayinevi.com.tr\/index.php\/wp-json\/wp\/v2\/media?parent=697865"}],"wp:term":[{"taxonomy":"product_brand","embeddable":true,"href":"https:\/\/roveyayinevi.com.tr\/index.php\/wp-json\/wp\/v2\/product_brand?post=697865"},{"taxonomy":"product_cat","embeddable":true,"href":"https:\/\/roveyayinevi.com.tr\/index.php\/wp-json\/wp\/v2\/product_cat?post=697865"},{"taxonomy":"product_tag","embeddable":true,"href":"https:\/\/roveyayinevi.com.tr\/index.php\/wp-json\/wp\/v2\/product_tag?post=697865"}],"curies":[{"name":"wp","href":"https:\/\/api.w.org\/{rel}","templated":true}]}}