{"id":697862,"date":"2025-08-27T14:42:19","date_gmt":"2025-08-27T11:42:19","guid":{"rendered":"https:\/\/roveyayinevi.com.tr\/index.php\/urun\/ahirdaki-hayalet-dort-kafadarlar-takimi-junior\/"},"modified":"2026-04-16T02:07:24","modified_gmt":"2026-04-15T23:07:24","slug":"ahirdaki-hayalet-dort-kafadarlar-takimi-junior","status":"publish","type":"product","link":"https:\/\/roveyayinevi.com.tr\/index.php\/urun\/ahirdaki-hayalet-dort-kafadarlar-takimi-junior\/","title":{"rendered":"Ah\u0131rdaki Hayalet D\u00f6rt Kafadarlar Tak\u0131m\u0131 Junior"},"content":{"rendered":"<p>Babs, Roki, Daffi ve Chris D\u00f6rt Kafadarlar Tak\u0131m\u0131\u2019na hayranlar ve onlar da kendi tak\u0131mlar\u0131n\u0131 kurmu\u015flar; K\u00fc\u00e7\u00fck D\u00f6rt Kafadarlar Tak\u0131m\u0131. \u0130lkeleri: Biz hi\u00e7bir \u015feyden korkmay\u0131z. Ser\u00fcvenden ka\u00e7may\u0131z!  Hayaletin amac\u0131 ne?   Daffi, Shetland tay\u0131 Fifti\u2019nin yan\u0131nda, ah\u0131rda uyuyor. Geceyar\u0131s\u0131 bir hayalet geliyor. Daffi b\u00fct\u00fcn cesaretini toplay\u0131p onu izliyor. Bu s\u0131rada inan\u0131lmaz bir s\u00fcrprizle kar\u015f\u0131la\u015f\u0131yor&#8230; <\/p>\n","protected":false},"excerpt":{"rendered":"<p>Babs, Roki, Daffi ve Chris D\u00f6rt Kafadarlar Tak\u0131m\u0131\u2019na hayranlar ve onlar da kendi tak\u0131mlar\u0131n\u0131 kurmu\u015flar; K\u00fc\u00e7\u00fck D\u00f6rt Kafadarlar Tak\u0131m\u0131. \u0130lkeleri: Biz hi\u00e7bir \u015feyden korkmay\u0131z. Ser\u00fcvenden ka\u00e7may\u0131z!<span class=\"excerpt-hellip\"> [\u2026]<\/span><\/p>\n","protected":false},"featured_media":0,"template":"","meta":{"_monsterinsights_skip_tracking":false,"_monsterinsights_sitenote_active":false,"_monsterinsights_sitenote_note":"","_monsterinsights_sitenote_category":0},"product_brand":[],"product_cat":[12274,12284],"product_tag":[],"class_list":{"0":"post-697862","1":"product","2":"type-product","3":"status-publish","5":"product_cat-cocuk-ve-genclik-kitaplari","6":"product_cat-hikayeler","7":"pa_cilt-ciltsiz","8":"pa_tur-kitap","9":"pa_yayinevi-say-cocuk","10":"pa_yazar-thomas-brezina","12":"first","13":"instock","14":"sale","15":"shipping-taxable","16":"purchasable","17":"product-type-simple"},"_links":{"self":[{"href":"https:\/\/roveyayinevi.com.tr\/index.php\/wp-json\/wp\/v2\/product\/697862","targetHints":{"allow":["GET"]}}],"collection":[{"href":"https:\/\/roveyayinevi.com.tr\/index.php\/wp-json\/wp\/v2\/product"}],"about":[{"href":"https:\/\/roveyayinevi.com.tr\/index.php\/wp-json\/wp\/v2\/types\/product"}],"wp:attachment":[{"href":"https:\/\/roveyayinevi.com.tr\/index.php\/wp-json\/wp\/v2\/media?parent=697862"}],"wp:term":[{"taxonomy":"product_brand","embeddable":true,"href":"https:\/\/roveyayinevi.com.tr\/index.php\/wp-json\/wp\/v2\/product_brand?post=697862"},{"taxonomy":"product_cat","embeddable":true,"href":"https:\/\/roveyayinevi.com.tr\/index.php\/wp-json\/wp\/v2\/product_cat?post=697862"},{"taxonomy":"product_tag","embeddable":true,"href":"https:\/\/roveyayinevi.com.tr\/index.php\/wp-json\/wp\/v2\/product_tag?post=697862"}],"curies":[{"name":"wp","href":"https:\/\/api.w.org\/{rel}","templated":true}]}}