{"id":697861,"date":"2025-08-27T14:42:18","date_gmt":"2025-08-27T11:42:18","guid":{"rendered":"https:\/\/roveyayinevi.com.tr\/index.php\/urun\/eylulde-asklar\/"},"modified":"2026-04-16T02:07:24","modified_gmt":"2026-04-15T23:07:24","slug":"eylulde-asklar","status":"publish","type":"product","link":"https:\/\/roveyayinevi.com.tr\/index.php\/urun\/eylulde-asklar\/","title":{"rendered":"Eyl\u00fcl\u2019de A\u015fklar"},"content":{"rendered":"<p>Sevgi, ba\u011fl\u0131l\u0131k ve kimlik aray\u0131\u015f\u0131 \u00fczerine ger\u00e7ek\u00e7i bir gen\u00e7lik roman\u0131.Odada Yaln\u0131z ve Eyvah Kitap! gibi s\u0131rad\u0131\u015f\u0131 gen\u00e7lik kitaplar\u0131yla tan\u0131nan yazar Mine Soysal\u2019dan iki gencin aras\u0131nda a\u015fk\u0131n ve dostlu\u011fun i\u00e7 i\u00e7e ya\u015fand\u0131\u011f\u0131 karma\u015f\u0131k bir ili\u015fkiyi anlatan etkileyici bir roman. Dostluk, sevgi, a\u015fk ve sadakat gibi temel kavramlara ili\u015fkin de\u011fi\u015fik sorgulamalara, gen\u00e7leri sorumluluklar\u0131 \u00fczerine d\u00fc\u015f\u00fcnmeye y\u00f6nlendiren kitap, gen\u00e7 dili ve farkl\u0131 bak\u0131\u015f a\u00e7\u0131lar\u0131yla gen\u00e7lik edebiyat\u0131m\u0131za taptaze ve ger\u00e7ek\u00e7i bir soluk kazand\u0131rd\u0131. Olaylar\u0131n hem gen\u00e7 k\u0131z\u0131n hem delikanl\u0131n\u0131n a\u011fz\u0131ndan anlat\u0131ld\u0131\u011f\u0131 roman\u0131n dikkat \u00e7ekici \u00f6zelliklerinden biri, al\u0131\u015f\u0131lagelen \u201columlu\u201d karakterlerin yerini \u201cger\u00e7ek\u201d karakterlerin almas\u0131. Soysal, geri planda 1999-2001 y\u0131llar\u0131 T\u00fcrkiye\u2019sini belirleyen \u00f6nemli olaylar\u0131 da okura bir kez daha hat\u0131rlatan, gen\u00e7ler kadar yeti\u015fkinlerin de severek okudu\u011fu roman\u0131nda, gen\u00e7lerin \u00e7eli\u015fkilerle bunalan d\u00fcnyalar\u0131na ula\u015fmay\u0131 ba\u015far\u0131yor.Eyl\u00fcl ve Can\u2019\u0131n lise birinci s\u0131n\u0131fta ba\u015flayan arkada\u015fl\u0131klar\u0131 k\u0131sa zamanda bir ilk a\u015fka d\u00f6n\u00fc\u015f\u00fcr. Babas\u0131n\u0131n \u00f6l\u00fcm\u00fcnden sonra annesi ve teyzesiyle birlikte ya\u015fayan Can\u2019\u0131n g\u00f6nl\u00fcnde art\u0131k yelken sporunun yan\u0131 s\u0131ra Eyl\u00fcl\u2019\u00fcn de bamba\u015fka bir yeri vard\u0131r. O, deniz ve yelken sporu sayesinde ya\u015f\u0131tlar\u0131ndan farkl\u0131 bir delikanl\u0131 olmu\u015ftur. Ablas\u0131 ve annesiyle birlikte ya\u015fayan ve annesini terk etti\u011fi i\u00e7in bir t\u00fcrl\u00fc affetmedi\u011fi babas\u0131yla konu\u015fmayan Eyl\u00fcl\u2019\u00fcn duygular\u0131ysa her zaman daha karma\u015f\u0131kt\u0131r. Eyl\u00fcl\u2019\u00fcn aray\u0131\u015flar\u0131 k\u0131sa s\u00fcre sonra Can\u2019la ili\u015fkisini ciddi bi\u00e7imde h\u0131rpalamaya ba\u015flar\u2026\ufffc<\/p>\n","protected":false},"excerpt":{"rendered":"<p>Sevgi, ba\u011fl\u0131l\u0131k ve kimlik aray\u0131\u015f\u0131 \u00fczerine ger\u00e7ek\u00e7i bir gen\u00e7lik roman\u0131.Odada Yaln\u0131z ve Eyvah Kitap! gibi s\u0131rad\u0131\u015f\u0131 gen\u00e7lik kitaplar\u0131yla tan\u0131nan yazar Mine Soysal\u2019dan iki gencin aras\u0131nda a\u015fk\u0131n<span class=\"excerpt-hellip\"> [\u2026]<\/span><\/p>\n","protected":false},"featured_media":0,"template":"","meta":{"_monsterinsights_skip_tracking":false,"_monsterinsights_sitenote_active":false,"_monsterinsights_sitenote_note":"","_monsterinsights_sitenote_category":0},"product_brand":[],"product_cat":[12291,12711],"product_tag":[],"class_list":{"0":"post-697861","1":"product","2":"type-product","3":"status-publish","5":"product_cat-edebiyat","6":"product_cat-roman-oyku","7":"pa_cilt-ciltsiz","8":"pa_tur-kitap","9":"pa_yayinevi-gunisigi-kitapligi","10":"pa_yazar-mine-soysal","12":"first","13":"instock","14":"sale","15":"shipping-taxable","16":"purchasable","17":"product-type-simple"},"_links":{"self":[{"href":"https:\/\/roveyayinevi.com.tr\/index.php\/wp-json\/wp\/v2\/product\/697861","targetHints":{"allow":["GET"]}}],"collection":[{"href":"https:\/\/roveyayinevi.com.tr\/index.php\/wp-json\/wp\/v2\/product"}],"about":[{"href":"https:\/\/roveyayinevi.com.tr\/index.php\/wp-json\/wp\/v2\/types\/product"}],"wp:attachment":[{"href":"https:\/\/roveyayinevi.com.tr\/index.php\/wp-json\/wp\/v2\/media?parent=697861"}],"wp:term":[{"taxonomy":"product_brand","embeddable":true,"href":"https:\/\/roveyayinevi.com.tr\/index.php\/wp-json\/wp\/v2\/product_brand?post=697861"},{"taxonomy":"product_cat","embeddable":true,"href":"https:\/\/roveyayinevi.com.tr\/index.php\/wp-json\/wp\/v2\/product_cat?post=697861"},{"taxonomy":"product_tag","embeddable":true,"href":"https:\/\/roveyayinevi.com.tr\/index.php\/wp-json\/wp\/v2\/product_tag?post=697861"}],"curies":[{"name":"wp","href":"https:\/\/api.w.org\/{rel}","templated":true}]}}