{"id":697858,"date":"2025-08-27T14:42:17","date_gmt":"2025-08-27T11:42:17","guid":{"rendered":"https:\/\/roveyayinevi.com.tr\/index.php\/urun\/ari-ile-papatya\/"},"modified":"2026-04-16T02:07:24","modified_gmt":"2026-04-15T23:07:24","slug":"ari-ile-papatya","status":"publish","type":"product","link":"https:\/\/roveyayinevi.com.tr\/index.php\/urun\/ari-ile-papatya\/","title":{"rendered":"Ar\u0131 ile Papatya"},"content":{"rendered":"<p>Merhaba&#8230; Kitab\u0131m\u0131 eline ald\u0131\u011f\u0131nda g\u00f6zlerinin parlad\u0131\u011f\u0131n\u0131 g\u00f6rd\u00fcm. Yoksa sen de mi bir kitap kurdusun? Okumay\u0131 \u00e7ok mu seviyorsun? \u00d6yleyse, Tomurcuk Kitaplar\u2019la arkada\u015f ol&#8230; Her birinde, yeni \u015feyler \u00f6\u011frenecek, de\u011fi\u015fik bir ser\u00fcvenle kar\u015f\u0131la\u015facaks\u0131n. Sence bir ar\u0131 ile papatya dost olabilir mi? Ar\u0131 papatyay\u0131 kopar\u0131lmaktan nas\u0131l kurtard\u0131? Bilmek ister misin? Ar\u0131 ile Papatya\u2019da, do\u011fadaki bu iki canl\u0131n\u0131n g\u00fczel dostlu\u011fu anlat\u0131l\u0131yor. Sen de arkada\u015f ol onlarla&#8230; <\/p>\n","protected":false},"excerpt":{"rendered":"<p>Merhaba&#8230; Kitab\u0131m\u0131 eline ald\u0131\u011f\u0131nda g\u00f6zlerinin parlad\u0131\u011f\u0131n\u0131 g\u00f6rd\u00fcm. Yoksa sen de mi bir kitap kurdusun? Okumay\u0131 \u00e7ok mu seviyorsun? \u00d6yleyse, Tomurcuk Kitaplar\u2019la arkada\u015f ol&#8230; Her birinde, yeni<span class=\"excerpt-hellip\"> [\u2026]<\/span><\/p>\n","protected":false},"featured_media":0,"template":"","meta":{"_monsterinsights_skip_tracking":false,"_monsterinsights_sitenote_active":false,"_monsterinsights_sitenote_note":"","_monsterinsights_sitenote_category":0},"product_brand":[],"product_cat":[12274,12284],"product_tag":[],"class_list":{"0":"post-697858","1":"product","2":"type-product","3":"status-publish","5":"product_cat-cocuk-ve-genclik-kitaplari","6":"product_cat-hikayeler","7":"pa_cilt-ciltsiz","8":"pa_tur-kitap","9":"pa_yayinevi-say-cocuk","10":"pa_yazar-gulsum-cengiz","12":"first","13":"instock","14":"sale","15":"shipping-taxable","16":"purchasable","17":"product-type-simple"},"_links":{"self":[{"href":"https:\/\/roveyayinevi.com.tr\/index.php\/wp-json\/wp\/v2\/product\/697858","targetHints":{"allow":["GET"]}}],"collection":[{"href":"https:\/\/roveyayinevi.com.tr\/index.php\/wp-json\/wp\/v2\/product"}],"about":[{"href":"https:\/\/roveyayinevi.com.tr\/index.php\/wp-json\/wp\/v2\/types\/product"}],"wp:attachment":[{"href":"https:\/\/roveyayinevi.com.tr\/index.php\/wp-json\/wp\/v2\/media?parent=697858"}],"wp:term":[{"taxonomy":"product_brand","embeddable":true,"href":"https:\/\/roveyayinevi.com.tr\/index.php\/wp-json\/wp\/v2\/product_brand?post=697858"},{"taxonomy":"product_cat","embeddable":true,"href":"https:\/\/roveyayinevi.com.tr\/index.php\/wp-json\/wp\/v2\/product_cat?post=697858"},{"taxonomy":"product_tag","embeddable":true,"href":"https:\/\/roveyayinevi.com.tr\/index.php\/wp-json\/wp\/v2\/product_tag?post=697858"}],"curies":[{"name":"wp","href":"https:\/\/api.w.org\/{rel}","templated":true}]}}