{"id":697856,"date":"2025-08-27T14:42:17","date_gmt":"2025-08-27T11:42:17","guid":{"rendered":"https:\/\/roveyayinevi.com.tr\/index.php\/urun\/benim-bir-karisim\/"},"modified":"2026-04-16T02:07:24","modified_gmt":"2026-04-15T23:07:24","slug":"benim-bir-karisim","status":"publish","type":"product","link":"https:\/\/roveyayinevi.com.tr\/index.php\/urun\/benim-bir-karisim\/","title":{"rendered":"Benim Bir Kar\u0131\u015f\u0131m"},"content":{"rendered":"<p>Her kar\u0131\u015fta yeni bir cevap, her kar\u0131\u015fta farkl\u0131 bir d\u00fcnya!Her ya\u015ftan kitapseverin zevkle okudu\u011fu \u201cG\u00fcl\u00fcmseten \u00d6yk\u00fcler\u201c dizisinin yarat\u0131c\u0131s\u0131, mizah ustas\u0131 Behi\u00e7 Ak yaz\u0131p resimledi\u011fi \u201cTombi\u015f Kitaplar\u201c dizisinin ilk kitab\u0131yla bu kez minik okurlar\u0131yla bulu\u015fuyor. Ya\u015fad\u0131\u011f\u0131m\u0131z zamana kendine \u00f6zg\u00fc \u00e7izgileri ve \u00f6yk\u00fcleriyle hayat veren sanat\u00e7\u0131, merakl\u0131 Memo ve arkada\u015f\u0131 Tombi\u015f\u2019in bu ilk \u00f6yk\u00fcs\u00fcnde, bir kar\u0131\u015f\u0131n ka\u00e7 farkl\u0131 anlama gelebildi\u011fini ilgi \u00e7ekici bir kurguyla anlat\u0131yor. \u00c7ocuklar\u0131n kendi sorular\u0131n\u0131 sormalar\u0131, kendi \u00f6yk\u00fclerini yaratmalar\u0131 i\u00e7in esin kayna\u011f\u0131 olan Behi\u00e7 Ak, kitab\u0131nda onlar\u0131 fikir ve anlam \u00fcretmeye \u00f6zendirirken, gelecekteki felsefe okumalar\u0131n\u0131n da yolunu a\u00e7\u0131yor.Tamirci Ali Usta\u2019yla el s\u0131k\u0131\u015fan Memo, elinin iriyar\u0131 adam\u0131n avucunun i\u00e7inde kayboldu\u011funu g\u00f6r\u00fcr. Memo, kar\u0131\u015f\u0131n\u0131n hep ufac\u0131k kalaca\u011f\u0131ndan kayg\u0131lan\u0131r. Acaba herkesin kar\u0131\u015f\u0131 nas\u0131ld\u0131r? Her rastlad\u0131\u011f\u0131na bunu sormaya ba\u015flar. Tabii, arkada\u015f\u0131 Tombi\u015f\u2019e de. Hayret! Amma da de\u011fi\u015fik kar\u0131\u015f vard\u0131r\u2026 <\/p>\n","protected":false},"excerpt":{"rendered":"<p>Her kar\u0131\u015fta yeni bir cevap, her kar\u0131\u015fta farkl\u0131 bir d\u00fcnya!Her ya\u015ftan kitapseverin zevkle okudu\u011fu \u201cG\u00fcl\u00fcmseten \u00d6yk\u00fcler\u201c dizisinin yarat\u0131c\u0131s\u0131, mizah ustas\u0131 Behi\u00e7 Ak yaz\u0131p resimledi\u011fi \u201cTombi\u015f Kitaplar\u201c<span class=\"excerpt-hellip\"> [\u2026]<\/span><\/p>\n","protected":false},"featured_media":0,"template":"","meta":{"_monsterinsights_skip_tracking":false,"_monsterinsights_sitenote_active":false,"_monsterinsights_sitenote_note":"","_monsterinsights_sitenote_category":0},"product_brand":[],"product_cat":[12274,12284],"product_tag":[],"class_list":{"0":"post-697856","1":"product","2":"type-product","3":"status-publish","5":"product_cat-cocuk-ve-genclik-kitaplari","6":"product_cat-hikayeler","7":"pa_cilt-ciltsiz","8":"pa_tur-kitap","9":"pa_yayinevi-gunisigi-kitapligi","10":"pa_yazar-behic-ak","12":"first","13":"instock","14":"sale","15":"shipping-taxable","16":"purchasable","17":"product-type-simple"},"_links":{"self":[{"href":"https:\/\/roveyayinevi.com.tr\/index.php\/wp-json\/wp\/v2\/product\/697856","targetHints":{"allow":["GET"]}}],"collection":[{"href":"https:\/\/roveyayinevi.com.tr\/index.php\/wp-json\/wp\/v2\/product"}],"about":[{"href":"https:\/\/roveyayinevi.com.tr\/index.php\/wp-json\/wp\/v2\/types\/product"}],"wp:attachment":[{"href":"https:\/\/roveyayinevi.com.tr\/index.php\/wp-json\/wp\/v2\/media?parent=697856"}],"wp:term":[{"taxonomy":"product_brand","embeddable":true,"href":"https:\/\/roveyayinevi.com.tr\/index.php\/wp-json\/wp\/v2\/product_brand?post=697856"},{"taxonomy":"product_cat","embeddable":true,"href":"https:\/\/roveyayinevi.com.tr\/index.php\/wp-json\/wp\/v2\/product_cat?post=697856"},{"taxonomy":"product_tag","embeddable":true,"href":"https:\/\/roveyayinevi.com.tr\/index.php\/wp-json\/wp\/v2\/product_tag?post=697856"}],"curies":[{"name":"wp","href":"https:\/\/api.w.org\/{rel}","templated":true}]}}