{"id":697849,"date":"2025-08-27T14:42:14","date_gmt":"2025-08-27T11:42:14","guid":{"rendered":"https:\/\/roveyayinevi.com.tr\/index.php\/urun\/bizim-okul-biacayip-pazartesi-gelmese\/"},"modified":"2026-04-03T02:11:13","modified_gmt":"2026-04-02T23:11:13","slug":"bizim-okul-biacayip-pazartesi-gelmese","status":"publish","type":"product","link":"https:\/\/roveyayinevi.com.tr\/index.php\/urun\/bizim-okul-biacayip-pazartesi-gelmese\/","title":{"rendered":"Bizim Okul Bi&#8217;acayip &#8211; Pazartesi Gelmese"},"content":{"rendered":"<p>Bu okulda tuhafl\u0131klar hi\u00e7 bitmiyor! Okulun temizlik g\u00f6revlisi Bayan Lazar, herkesi \u00e7ok \u015fa\u015f\u0131rt\u0131yor. Elinde s\u00fcp\u00fcrgesiyle dans eder gibi dola\u015f\u0131yor, temizlik yapmaktan zevk al\u0131yor ve bodrum kat\u0131ndaki gizli b\u00f6lmesinde neler saklad\u0131\u011f\u0131n\u0131 kimseye s\u00f6ylemiyor! Okula yeni gelen bilim \u00f6\u011fretmeni ise tam bir \u00e7\u0131lg\u0131n! Garip deneyler yap\u0131yor, b\u00f6ceklere ve patatese bay\u0131l\u0131yor! Onun da herkesten saklad\u0131\u011f\u0131 bir s\u0131rr\u0131 m\u0131 var acaba? B\u00fct\u00fcn bunlar olurken haftan\u0131n en k\u00f6t\u00fc g\u00fcn\u00fc hala Pazartesi! A.J., Michael ve Ryan ayn\u0131 fikirdeler. Peki ya Andrea ve Emily? \ufffcTan\u0131t\u0131m Metni<\/p>\n","protected":false},"excerpt":{"rendered":"<p>Bu okulda tuhafl\u0131klar hi\u00e7 bitmiyor! Okulun temizlik g\u00f6revlisi Bayan Lazar, herkesi \u00e7ok \u015fa\u015f\u0131rt\u0131yor. Elinde s\u00fcp\u00fcrgesiyle dans eder gibi dola\u015f\u0131yor, temizlik yapmaktan zevk al\u0131yor ve bodrum kat\u0131ndaki<span class=\"excerpt-hellip\"> [\u2026]<\/span><\/p>\n","protected":false},"featured_media":0,"template":"","meta":{"_monsterinsights_skip_tracking":false,"_monsterinsights_sitenote_active":false,"_monsterinsights_sitenote_note":"","_monsterinsights_sitenote_category":0},"product_brand":[],"product_cat":[12274,12284],"product_tag":[],"class_list":{"0":"post-697849","1":"product","2":"type-product","3":"status-publish","5":"product_cat-cocuk-ve-genclik-kitaplari","6":"product_cat-hikayeler","7":"pa_cilt-ciltli","8":"pa_tur-kitap","9":"pa_yayinevi-epsilon-yayinlari","10":"pa_yazar-dan-gutman","12":"first","13":"instock","14":"sale","15":"shipping-taxable","16":"purchasable","17":"product-type-simple"},"_links":{"self":[{"href":"https:\/\/roveyayinevi.com.tr\/index.php\/wp-json\/wp\/v2\/product\/697849","targetHints":{"allow":["GET"]}}],"collection":[{"href":"https:\/\/roveyayinevi.com.tr\/index.php\/wp-json\/wp\/v2\/product"}],"about":[{"href":"https:\/\/roveyayinevi.com.tr\/index.php\/wp-json\/wp\/v2\/types\/product"}],"wp:attachment":[{"href":"https:\/\/roveyayinevi.com.tr\/index.php\/wp-json\/wp\/v2\/media?parent=697849"}],"wp:term":[{"taxonomy":"product_brand","embeddable":true,"href":"https:\/\/roveyayinevi.com.tr\/index.php\/wp-json\/wp\/v2\/product_brand?post=697849"},{"taxonomy":"product_cat","embeddable":true,"href":"https:\/\/roveyayinevi.com.tr\/index.php\/wp-json\/wp\/v2\/product_cat?post=697849"},{"taxonomy":"product_tag","embeddable":true,"href":"https:\/\/roveyayinevi.com.tr\/index.php\/wp-json\/wp\/v2\/product_tag?post=697849"}],"curies":[{"name":"wp","href":"https:\/\/api.w.org\/{rel}","templated":true}]}}