{"id":697846,"date":"2025-08-27T14:42:13","date_gmt":"2025-08-27T11:42:13","guid":{"rendered":"https:\/\/roveyayinevi.com.tr\/index.php\/urun\/karikatur-kitabi-1\/"},"modified":"2026-04-16T02:07:24","modified_gmt":"2026-04-15T23:07:24","slug":"karikatur-kitabi-1","status":"publish","type":"product","link":"https:\/\/roveyayinevi.com.tr\/index.php\/urun\/karikatur-kitabi-1\/","title":{"rendered":"Karikat\u00fcr Kitab\u0131 1"},"content":{"rendered":"<p>30 y\u0131l\u0131 ta\u00e7land\u0131ran bir se\u00e7ki!\u00c7ocuklar ve b\u00fcy\u00fckler i\u00e7in 120 karikat\u00fcr\u2026Behi\u00e7 Ak\u2019\u0131n kitaptaki \u201c\u00c7ocuklar ve b\u00fcy\u00fckler aras\u0131nda bir kitap\u2026\u201d ba\u015fl\u0131kl\u0131 sunu\u015f yaz\u0131s\u0131ndan: \u00c7ocuklar\u0131 konu alan karikat\u00fcrleri \u201cb\u00fcy\u00fckler i\u00e7in \u00e7izdi\u011fimi\u201d d\u00fc\u015f\u00fcn\u00fcrd\u00fcm. \u00c7ocuklar\u0131n b\u00fcy\u00fcklerden daha iyi anlad\u0131\u011f\u0131n\u0131 g\u00f6r\u00fcnce, bu d\u00fc\u015f\u00fcncemi de\u011fi\u015ftirdim. \u201c\u00c7ocuklar i\u00e7in \u00e7izdi\u011fim b\u00fcy\u00fck karikat\u00fcrleri\u201d diye d\u00fc\u015f\u00fcnmeye ba\u015flad\u0131m. Otuz y\u0131ld\u0131r her g\u00fcn \u00e7iziyorum. \u015eimdi ise, \u201c\u00e7ocuklar ve b\u00fcy\u00fckler aras\u0131ndaki fark\u0131 kald\u0131ran karikat\u00fcrler\u201d olduklar\u0131 sonucuna ula\u015ft\u0131m. \u00c7ocuklarla b\u00fcy\u00fckler aras\u0131nda tek fark var zaten: B\u00fcy\u00fckler \u00e7ocuk olduklar\u0131n\u0131 gizleyebiliyorlar. \u00c7ocuklar ise hen\u00fcz bu konuda deneyimsizler. <\/p>\n","protected":false},"excerpt":{"rendered":"<p>30 y\u0131l\u0131 ta\u00e7land\u0131ran bir se\u00e7ki!\u00c7ocuklar ve b\u00fcy\u00fckler i\u00e7in 120 karikat\u00fcr\u2026Behi\u00e7 Ak\u2019\u0131n kitaptaki \u201c\u00c7ocuklar ve b\u00fcy\u00fckler aras\u0131nda bir kitap\u2026\u201d ba\u015fl\u0131kl\u0131 sunu\u015f yaz\u0131s\u0131ndan: \u00c7ocuklar\u0131 konu alan karikat\u00fcrleri \u201cb\u00fcy\u00fckler<span class=\"excerpt-hellip\"> [\u2026]<\/span><\/p>\n","protected":false},"featured_media":0,"template":"","meta":{"_monsterinsights_skip_tracking":false,"_monsterinsights_sitenote_active":false,"_monsterinsights_sitenote_note":"","_monsterinsights_sitenote_category":0},"product_brand":[],"product_cat":[12477,12364],"product_tag":[],"class_list":{"0":"post-697846","1":"product","2":"type-product","3":"status-publish","5":"product_cat-eglence-mizah","6":"product_cat-genel-konular","7":"pa_cilt-ciltsiz","8":"pa_tur-kitap","9":"pa_yayinevi-gunisigi-kitapligi","10":"pa_yazar-behic-ak","12":"first","13":"instock","14":"sale","15":"shipping-taxable","16":"purchasable","17":"product-type-simple"},"_links":{"self":[{"href":"https:\/\/roveyayinevi.com.tr\/index.php\/wp-json\/wp\/v2\/product\/697846","targetHints":{"allow":["GET"]}}],"collection":[{"href":"https:\/\/roveyayinevi.com.tr\/index.php\/wp-json\/wp\/v2\/product"}],"about":[{"href":"https:\/\/roveyayinevi.com.tr\/index.php\/wp-json\/wp\/v2\/types\/product"}],"wp:attachment":[{"href":"https:\/\/roveyayinevi.com.tr\/index.php\/wp-json\/wp\/v2\/media?parent=697846"}],"wp:term":[{"taxonomy":"product_brand","embeddable":true,"href":"https:\/\/roveyayinevi.com.tr\/index.php\/wp-json\/wp\/v2\/product_brand?post=697846"},{"taxonomy":"product_cat","embeddable":true,"href":"https:\/\/roveyayinevi.com.tr\/index.php\/wp-json\/wp\/v2\/product_cat?post=697846"},{"taxonomy":"product_tag","embeddable":true,"href":"https:\/\/roveyayinevi.com.tr\/index.php\/wp-json\/wp\/v2\/product_tag?post=697846"}],"curies":[{"name":"wp","href":"https:\/\/api.w.org\/{rel}","templated":true}]}}