{"id":697838,"date":"2025-08-27T14:42:11","date_gmt":"2025-08-27T11:42:11","guid":{"rendered":"https:\/\/roveyayinevi.com.tr\/index.php\/urun\/askin-bir-noktasi\/"},"modified":"2026-04-16T02:07:24","modified_gmt":"2026-04-15T23:07:24","slug":"askin-bir-noktasi","status":"publish","type":"product","link":"https:\/\/roveyayinevi.com.tr\/index.php\/urun\/askin-bir-noktasi\/","title":{"rendered":"A\u015fk\u0131n Bir Noktas\u0131"},"content":{"rendered":"<p>M. Fatih \u00c7\u0131tlak, muhabbetle yarat\u0131lan, k\u00fclli muhabbetten bir c\u00fcz olarak zuhur eden insan\u0131, maksad\u0131na ula\u015ft\u0131ran, bu u\u011furda pervane gibi d\u00f6nd\u00fcren cazibeyi, a\u015fk\u0131 anlat\u0131yor. A\u015fk\u0131n Bir Noktas\u0131\u2019nda, zahirin b\u00e2t\u0131n ile uyumunu, kalbin ak\u0131l ile, tarikat\u0131n \u015feriat ile beraber y\u00fcr\u00fcmesini, c\u00fcz\u2019\u00fcn daima k\u00fcll\u2019\u00fcn\u00fc istemesini, k\u00fcll\u2019\u00fcn ise her zaman c\u00fcz\u2019\u00fcn\u00fc \u00e7ekmesini, seyr u s\u00fclukun ba\u015f\u0131n\u0131n ve sonunun tevhid oldu\u011funu, kalbin nur-\u0131 Muhammed\u00ee ile bulu\u015fmas\u0131n\u0131 h\u00e2s\u0131l\u0131 bir \u201cbir nokta\u201d hik\u00e2yesini okuyacaks\u0131n\u0131z. <\/p>\n","protected":false},"excerpt":{"rendered":"<p>M. Fatih \u00c7\u0131tlak, muhabbetle yarat\u0131lan, k\u00fclli muhabbetten bir c\u00fcz olarak zuhur eden insan\u0131, maksad\u0131na ula\u015ft\u0131ran, bu u\u011furda pervane gibi d\u00f6nd\u00fcren cazibeyi, a\u015fk\u0131 anlat\u0131yor. A\u015fk\u0131n Bir Noktas\u0131\u2019nda,<span class=\"excerpt-hellip\"> [\u2026]<\/span><\/p>\n","protected":false},"featured_media":0,"template":"","meta":{"_monsterinsights_skip_tracking":false,"_monsterinsights_sitenote_active":false,"_monsterinsights_sitenote_note":"","_monsterinsights_sitenote_category":0},"product_brand":[],"product_cat":[12718,12719,12720],"product_tag":[],"class_list":{"0":"post-697838","1":"product","2":"type-product","3":"status-publish","5":"product_cat-din","6":"product_cat-islam","7":"product_cat-tasavvuf-mezhepler-tarikatlar","8":"pa_cilt-ciltsiz","9":"pa_tur-kitap","10":"pa_yayinevi-sufi-kitap","11":"pa_yazar-m-fatih-citlak","13":"first","14":"instock","15":"sale","16":"shipping-taxable","17":"purchasable","18":"product-type-simple"},"_links":{"self":[{"href":"https:\/\/roveyayinevi.com.tr\/index.php\/wp-json\/wp\/v2\/product\/697838","targetHints":{"allow":["GET"]}}],"collection":[{"href":"https:\/\/roveyayinevi.com.tr\/index.php\/wp-json\/wp\/v2\/product"}],"about":[{"href":"https:\/\/roveyayinevi.com.tr\/index.php\/wp-json\/wp\/v2\/types\/product"}],"wp:attachment":[{"href":"https:\/\/roveyayinevi.com.tr\/index.php\/wp-json\/wp\/v2\/media?parent=697838"}],"wp:term":[{"taxonomy":"product_brand","embeddable":true,"href":"https:\/\/roveyayinevi.com.tr\/index.php\/wp-json\/wp\/v2\/product_brand?post=697838"},{"taxonomy":"product_cat","embeddable":true,"href":"https:\/\/roveyayinevi.com.tr\/index.php\/wp-json\/wp\/v2\/product_cat?post=697838"},{"taxonomy":"product_tag","embeddable":true,"href":"https:\/\/roveyayinevi.com.tr\/index.php\/wp-json\/wp\/v2\/product_tag?post=697838"}],"curies":[{"name":"wp","href":"https:\/\/api.w.org\/{rel}","templated":true}]}}