{"id":697836,"date":"2025-08-27T14:42:10","date_gmt":"2025-08-27T11:42:10","guid":{"rendered":"https:\/\/roveyayinevi.com.tr\/index.php\/urun\/menekse-kokulu-hikayeler\/"},"modified":"2026-04-16T02:07:24","modified_gmt":"2026-04-15T23:07:24","slug":"menekse-kokulu-hikayeler","status":"publish","type":"product","link":"https:\/\/roveyayinevi.com.tr\/index.php\/urun\/menekse-kokulu-hikayeler\/","title":{"rendered":"Menek\u015fe Kokulu Hikayeler"},"content":{"rendered":"<p>Hayata Bir Bardak\u00c7ay Molas\u0131Baz\u0131lar\u0131 Ya\u011fmuru HissederBaz\u0131lar\u0131 ise Yaln\u0131zca Islan\u0131r&#8230;Sevin\u00e7lerini Sak\u0131n ErtelemeHer Yemekten Sonra \u015e\u00fckretBiri Seni Kucaklad\u0131\u011f\u0131nda\u0130lk B\u0131rakan Sen Olma&#8230;Okurken i\u00e7inizi huzurla dolduracak,y\u00fcre\u011finizi \u0131s\u0131tacak, iyilik, sevgi, dostlukve mutlulu\u011fu dile getiren birbirindeng\u00fczel 69 adet hik\u00e2yedenderlenen bu kitapla hayatakeyifli bir mola veripkarga\u015fadan s\u0131k\u0131nt\u0131lardanuzakla\u015facaks\u0131n\u0131z.v<\/p>\n","protected":false},"excerpt":{"rendered":"<p>Hayata Bir Bardak\u00c7ay Molas\u0131Baz\u0131lar\u0131 Ya\u011fmuru HissederBaz\u0131lar\u0131 ise Yaln\u0131zca Islan\u0131r&#8230;Sevin\u00e7lerini Sak\u0131n ErtelemeHer Yemekten Sonra \u015e\u00fckretBiri Seni Kucaklad\u0131\u011f\u0131nda\u0130lk B\u0131rakan Sen Olma&#8230;Okurken i\u00e7inizi huzurla dolduracak,y\u00fcre\u011finizi \u0131s\u0131tacak, iyilik, sevgi, dostlukve<span class=\"excerpt-hellip\"> [\u2026]<\/span><\/p>\n","protected":false},"featured_media":0,"template":"","meta":{"_monsterinsights_skip_tracking":false,"_monsterinsights_sitenote_active":false,"_monsterinsights_sitenote_note":"","_monsterinsights_sitenote_category":0},"product_brand":[],"product_cat":[14643,12291],"product_tag":[],"class_list":{"0":"post-697836","1":"product","2":"type-product","3":"status-publish","5":"product_cat-ask","6":"product_cat-edebiyat","7":"pa_cilt-ciltsiz","8":"pa_tur-kitap","9":"pa_yayinevi-yakamoz-yayinevi","10":"pa_yazar-ender-haluk-derince","12":"first","13":"instock","14":"sale","15":"shipping-taxable","16":"purchasable","17":"product-type-simple"},"_links":{"self":[{"href":"https:\/\/roveyayinevi.com.tr\/index.php\/wp-json\/wp\/v2\/product\/697836","targetHints":{"allow":["GET"]}}],"collection":[{"href":"https:\/\/roveyayinevi.com.tr\/index.php\/wp-json\/wp\/v2\/product"}],"about":[{"href":"https:\/\/roveyayinevi.com.tr\/index.php\/wp-json\/wp\/v2\/types\/product"}],"wp:attachment":[{"href":"https:\/\/roveyayinevi.com.tr\/index.php\/wp-json\/wp\/v2\/media?parent=697836"}],"wp:term":[{"taxonomy":"product_brand","embeddable":true,"href":"https:\/\/roveyayinevi.com.tr\/index.php\/wp-json\/wp\/v2\/product_brand?post=697836"},{"taxonomy":"product_cat","embeddable":true,"href":"https:\/\/roveyayinevi.com.tr\/index.php\/wp-json\/wp\/v2\/product_cat?post=697836"},{"taxonomy":"product_tag","embeddable":true,"href":"https:\/\/roveyayinevi.com.tr\/index.php\/wp-json\/wp\/v2\/product_tag?post=697836"}],"curies":[{"name":"wp","href":"https:\/\/api.w.org\/{rel}","templated":true}]}}