{"id":697834,"date":"2025-08-27T14:42:03","date_gmt":"2025-08-27T11:42:03","guid":{"rendered":"https:\/\/roveyayinevi.com.tr\/index.php\/urun\/balli-corek-kafeteryasi\/"},"modified":"2026-04-16T02:07:23","modified_gmt":"2026-04-15T23:07:23","slug":"balli-corek-kafeteryasi","status":"publish","type":"product","link":"https:\/\/roveyayinevi.com.tr\/index.php\/urun\/balli-corek-kafeteryasi\/","title":{"rendered":"Ball\u0131 \u00c7\u00f6rek Kafeteryas\u0131"},"content":{"rendered":"<p>Annesini kaybettikten sonra babas\u0131 ve teyzesiyle birlikte kollar\u0131 s\u0131vayan S\u0131la, annesiyle birlikte hep d\u00fc\u015f\u00fcn\u00fc kurmu\u015f olduklar\u0131 kafeteryay\u0131 sonunda a\u00e7ar. Ad\u0131n\u0131, sevgili annesinin tad\u0131na doyamad\u0131\u011f\u0131 \u00e7\u00f6reklerinden alan Ball\u0131 \u00c7\u00f6rek Kafeteryas\u0131&#8217;n\u0131n birbirinden ilgin\u00e7 m\u00fc\u015fterileri, S\u0131la&#8217;ya kendi \u00f6yk\u00fclerini sunarak, ya\u015fam\u0131n\u0131 renklendireceklerdir. Bir yandan okula gidip, bir yandan da kafeteryada \u00e7al\u0131\u015fan S\u0131la&#8217;n\u0131n \u00e7\u0131lg\u0131n teyzesi g\u00f6nl\u00fcn\u00fc, bir Ege k\u00f6y\u00fcnde do\u011fup b\u00fcy\u00fcm\u00fc\u015f, kimsesiz gen\u00e7 bir veterinere kapt\u0131r\u0131nca, ortal\u0131k adamak\u0131ll\u0131 kar\u0131\u015f\u0131r&#8230;<\/p>\n","protected":false},"excerpt":{"rendered":"<p>Annesini kaybettikten sonra babas\u0131 ve teyzesiyle birlikte kollar\u0131 s\u0131vayan S\u0131la, annesiyle birlikte hep d\u00fc\u015f\u00fcn\u00fc kurmu\u015f olduklar\u0131 kafeteryay\u0131 sonunda a\u00e7ar. Ad\u0131n\u0131, sevgili annesinin tad\u0131na doyamad\u0131\u011f\u0131 \u00e7\u00f6reklerinden alan<span class=\"excerpt-hellip\"> [\u2026]<\/span><\/p>\n","protected":false},"featured_media":0,"template":"","meta":{"_monsterinsights_skip_tracking":false,"_monsterinsights_sitenote_active":false,"_monsterinsights_sitenote_note":"","_monsterinsights_sitenote_category":0},"product_brand":[],"product_cat":[12274,12284],"product_tag":[],"class_list":{"0":"post-697834","1":"product","2":"type-product","3":"status-publish","5":"product_cat-cocuk-ve-genclik-kitaplari","6":"product_cat-hikayeler","7":"pa_cilt-ciltsiz","8":"pa_tur-kitap","9":"pa_yayinevi-gunisigi-kitapligi","10":"pa_yazar-zeynep-cemali","12":"first","13":"instock","14":"sale","15":"shipping-taxable","16":"purchasable","17":"product-type-simple"},"_links":{"self":[{"href":"https:\/\/roveyayinevi.com.tr\/index.php\/wp-json\/wp\/v2\/product\/697834","targetHints":{"allow":["GET"]}}],"collection":[{"href":"https:\/\/roveyayinevi.com.tr\/index.php\/wp-json\/wp\/v2\/product"}],"about":[{"href":"https:\/\/roveyayinevi.com.tr\/index.php\/wp-json\/wp\/v2\/types\/product"}],"wp:attachment":[{"href":"https:\/\/roveyayinevi.com.tr\/index.php\/wp-json\/wp\/v2\/media?parent=697834"}],"wp:term":[{"taxonomy":"product_brand","embeddable":true,"href":"https:\/\/roveyayinevi.com.tr\/index.php\/wp-json\/wp\/v2\/product_brand?post=697834"},{"taxonomy":"product_cat","embeddable":true,"href":"https:\/\/roveyayinevi.com.tr\/index.php\/wp-json\/wp\/v2\/product_cat?post=697834"},{"taxonomy":"product_tag","embeddable":true,"href":"https:\/\/roveyayinevi.com.tr\/index.php\/wp-json\/wp\/v2\/product_tag?post=697834"}],"curies":[{"name":"wp","href":"https:\/\/api.w.org\/{rel}","templated":true}]}}