{"id":697830,"date":"2025-08-27T14:42:01","date_gmt":"2025-08-27T11:42:01","guid":{"rendered":"https:\/\/roveyayinevi.com.tr\/index.php\/urun\/istanbulu-caliyorlar-omer-hepcozer-dedektiflik-burosu-1\/"},"modified":"2026-04-16T02:07:23","modified_gmt":"2026-04-15T23:07:23","slug":"istanbulu-caliyorlar-omer-hepcozer-dedektiflik-burosu-1","status":"publish","type":"product","link":"https:\/\/roveyayinevi.com.tr\/index.php\/urun\/istanbulu-caliyorlar-omer-hepcozer-dedektiflik-burosu-1\/","title":{"rendered":"\u0130stanbul\u2019u \u00c7al\u0131yorlar! &#8211; \u00d6mer Hep\u00e7\u00f6zer Dedektiflik B\u00fcrosu 1"},"content":{"rendered":"<p>\u0130stanbul\u2019un tarihsel dokusunda, e\u011flenceli bir dedektiflik \u00f6yk\u00fcs\u00fc!\u00c7ok sevilen \u00f6d\u00fcll\u00fc yazar G\u00fclsevin K\u0131ral, dedektiflik maceralar\u0131na bir yenisini ekliyor. Gizli Form\u00fcl Hangi Zarfta! ve Berber Pire, Tellal Deve adl\u0131 kitaplar\u0131yla tan\u0131nan yazar, zekice kurgulad\u0131\u011f\u0131 \u00d6mer Hep\u00e7\u00f6zer Dedektiflik B\u00fcrosu dizisinin ilk kitab\u0131nda, on bir ya\u015f\u0131ndaki Mustafa\u2019n\u0131n ak\u0131l almaz, \u201cs\u0131rad\u0131\u015f\u0131\u201d bir davan\u0131n \u00e7\u00f6z\u00fclmesine yard\u0131mc\u0131 olmas\u0131n\u0131 konu ediyor. Yal\u0131n dili ve g\u00fcld\u00fcren anlat\u0131m\u0131yla \u00e7ocuklar\u0131n severek okudu\u011fu yazar, \u0130stanbul\u2019un tarihsel yap\u0131lar\u0131n\u0131n \u00f6znele\u015fti\u011fi, ilgin\u00e7 karakterler ve gizemli izlerle dolu bir kovalamacay\u0131 anlat\u0131yor. \u0130stanbul, tarihsel miras, ara\u015ft\u0131rma, dayan\u0131\u015fma gibi \u00f6nemli temalar\u0131yla g\u00fc\u00e7lenen kitap, ipucu pe\u015finden ko\u015fmay\u0131 seven, komik maceralardan ho\u015flanan okuyucular i\u00e7in birebir.Her \u015fey, gazetedeki \u201cDedektif Yard\u0131mc\u0131s\u0131 Aran\u0131yor\u201d ilan\u0131yla ba\u015flar. Mustafa yaz tatili s\u00fcresince, babas\u0131n\u0131n eski polis arkada\u015f\u0131 \u00d6mer Hep\u00e7\u00f6zer\u2019in dedektiflik b\u00fcrosunda \u00e7al\u0131\u015facakt\u0131r. \u0130stanbul\u2019un \u00f6nemli mimari an\u0131tlar\u0131na acayip bir \u015feyler olmas\u0131, ikiliyi \u00f6nce \u00e7aresiz b\u0131rak\u0131r. H\u0131rs\u0131zlar\u0131n ak\u0131l almaz plan\u0131, kentin tarihsel dokusunu tehdit ederken, ikili kollar\u0131 s\u0131var. Elif ve teyzesinin de yard\u0131m\u0131yla ara\u015ft\u0131rmalar\u0131 derinle\u015ftik\u00e7e, \u015fa\u015f\u0131rt\u0131c\u0131 ger\u00e7ekler g\u00fcn y\u00fcz\u00fcne \u00e7\u0131kacakt\u0131r&#8230;<\/p>\n","protected":false},"excerpt":{"rendered":"<p>\u0130stanbul\u2019un tarihsel dokusunda, e\u011flenceli bir dedektiflik \u00f6yk\u00fcs\u00fc!\u00c7ok sevilen \u00f6d\u00fcll\u00fc yazar G\u00fclsevin K\u0131ral, dedektiflik maceralar\u0131na bir yenisini ekliyor. Gizli Form\u00fcl Hangi Zarfta! ve Berber Pire, Tellal Deve<span class=\"excerpt-hellip\"> [\u2026]<\/span><\/p>\n","protected":false},"featured_media":0,"template":"","meta":{"_monsterinsights_skip_tracking":false,"_monsterinsights_sitenote_active":false,"_monsterinsights_sitenote_note":"","_monsterinsights_sitenote_category":0},"product_brand":[],"product_cat":[12275,12274],"product_tag":[],"class_list":{"0":"post-697830","1":"product","2":"type-product","3":"status-publish","5":"product_cat-6-12-yas-kitaplari","6":"product_cat-cocuk-ve-genclik-kitaplari","7":"pa_cilt-ciltsiz","8":"pa_tur-kitap","9":"pa_yayinevi-gunisigi-kitapligi","10":"pa_yazar-gulsevin-kiral","12":"first","13":"instock","14":"sale","15":"shipping-taxable","16":"purchasable","17":"product-type-simple"},"_links":{"self":[{"href":"https:\/\/roveyayinevi.com.tr\/index.php\/wp-json\/wp\/v2\/product\/697830","targetHints":{"allow":["GET"]}}],"collection":[{"href":"https:\/\/roveyayinevi.com.tr\/index.php\/wp-json\/wp\/v2\/product"}],"about":[{"href":"https:\/\/roveyayinevi.com.tr\/index.php\/wp-json\/wp\/v2\/types\/product"}],"wp:attachment":[{"href":"https:\/\/roveyayinevi.com.tr\/index.php\/wp-json\/wp\/v2\/media?parent=697830"}],"wp:term":[{"taxonomy":"product_brand","embeddable":true,"href":"https:\/\/roveyayinevi.com.tr\/index.php\/wp-json\/wp\/v2\/product_brand?post=697830"},{"taxonomy":"product_cat","embeddable":true,"href":"https:\/\/roveyayinevi.com.tr\/index.php\/wp-json\/wp\/v2\/product_cat?post=697830"},{"taxonomy":"product_tag","embeddable":true,"href":"https:\/\/roveyayinevi.com.tr\/index.php\/wp-json\/wp\/v2\/product_tag?post=697830"}],"curies":[{"name":"wp","href":"https:\/\/api.w.org\/{rel}","templated":true}]}}