{"id":697824,"date":"2025-08-27T14:41:59","date_gmt":"2025-08-27T11:41:59","guid":{"rendered":"https:\/\/roveyayinevi.com.tr\/index.php\/urun\/kuyruksuz\/"},"modified":"2026-04-16T02:07:23","modified_gmt":"2026-04-15T23:07:23","slug":"kuyruksuz","status":"publish","type":"product","link":"https:\/\/roveyayinevi.com.tr\/index.php\/urun\/kuyruksuz\/","title":{"rendered":"Kuyruksuz"},"content":{"rendered":"<p>\u00d6yk\u00fcm\u00fczden kahraman\u0131 bir kivi ku\u015fu. Onlar d\u00fcnyan\u0131n en \u00e7ekirgen ku\u015flar\u0131. Yeni Zelanda\u2019 da ya\u015f\u0131yorlar. Ormanlar\u0131n derinliklerinde, su bitkileri aras\u0131na gizlenen bu utanga\u00e7 ku\u015flar, sadece geceleri ortaya \u00e7\u0131k\u0131yorlar. G\u00f6zleri \u00e7ok iyi g\u00f6rm\u00fcyor. Kuyruklar\u0131 da yok. G\u00f6vdeleri iri, kanatlar\u0131 ise \u00e7ok k\u00fc\u00e7\u00fck oldu\u011fundan u\u00e7am\u0131yorlar. Burun delikleri upuzun gagalar\u0131n\u0131n en ucunda. Sazlar aras\u0131nda \u00e7amura batmadan y\u00fcr\u00fcyebiliyorlar, \u00e7\u00fcnk\u00fc ayaklar\u0131 \u00e7ok kocaman. Bu garip g\u00f6r\u00fcnt\u00fcleriyle Yeni Zelenda halk\u0131n\u0131n kalbine taht kurmu\u015f kivi ku\u015flar\u0131. Paralar\u0131n, posta pullar\u0131n\u0131n ve \u00fclkede yeti\u015fen her t\u00fcrl\u00fc \u00fcr\u00fcn\u00fcn \u00fcst\u00fcnde onun resmine rastl\u0131yoruz.\u00c7ok \u00fcnl\u00fc bir ku\u015f ama o, \u00fcn\u00fcnden haber siz, bizden \u00e7ok uzaklara utanga\u00e7 ya\u015fam\u0131na s\u00fcrd\u00fcrmekte. <\/p>\n","protected":false},"excerpt":{"rendered":"<p>\u00d6yk\u00fcm\u00fczden kahraman\u0131 bir kivi ku\u015fu. Onlar d\u00fcnyan\u0131n en \u00e7ekirgen ku\u015flar\u0131. Yeni Zelanda\u2019 da ya\u015f\u0131yorlar. Ormanlar\u0131n derinliklerinde, su bitkileri aras\u0131na gizlenen bu utanga\u00e7 ku\u015flar, sadece geceleri ortaya<span class=\"excerpt-hellip\"> [\u2026]<\/span><\/p>\n","protected":false},"featured_media":0,"template":"","meta":{"_monsterinsights_skip_tracking":false,"_monsterinsights_sitenote_active":false,"_monsterinsights_sitenote_note":"","_monsterinsights_sitenote_category":0},"product_brand":[],"product_cat":[12274,12518],"product_tag":[],"class_list":{"0":"post-697824","1":"product","2":"type-product","3":"status-publish","5":"product_cat-cocuk-ve-genclik-kitaplari","6":"product_cat-okul-oncesi-kitaplar","7":"pa_cilt-ciltsiz","8":"pa_tur-kitap","9":"pa_yayinevi-can-cocuk-yayinlari","10":"pa_yazar-can-goknil","12":"first","13":"instock","14":"sale","15":"shipping-taxable","16":"purchasable","17":"product-type-simple"},"_links":{"self":[{"href":"https:\/\/roveyayinevi.com.tr\/index.php\/wp-json\/wp\/v2\/product\/697824","targetHints":{"allow":["GET"]}}],"collection":[{"href":"https:\/\/roveyayinevi.com.tr\/index.php\/wp-json\/wp\/v2\/product"}],"about":[{"href":"https:\/\/roveyayinevi.com.tr\/index.php\/wp-json\/wp\/v2\/types\/product"}],"wp:attachment":[{"href":"https:\/\/roveyayinevi.com.tr\/index.php\/wp-json\/wp\/v2\/media?parent=697824"}],"wp:term":[{"taxonomy":"product_brand","embeddable":true,"href":"https:\/\/roveyayinevi.com.tr\/index.php\/wp-json\/wp\/v2\/product_brand?post=697824"},{"taxonomy":"product_cat","embeddable":true,"href":"https:\/\/roveyayinevi.com.tr\/index.php\/wp-json\/wp\/v2\/product_cat?post=697824"},{"taxonomy":"product_tag","embeddable":true,"href":"https:\/\/roveyayinevi.com.tr\/index.php\/wp-json\/wp\/v2\/product_tag?post=697824"}],"curies":[{"name":"wp","href":"https:\/\/api.w.org\/{rel}","templated":true}]}}