{"id":697823,"date":"2025-08-27T14:41:59","date_gmt":"2025-08-27T11:41:59","guid":{"rendered":"https:\/\/roveyayinevi.com.tr\/index.php\/urun\/atanamayanlar\/"},"modified":"2026-04-16T02:07:23","modified_gmt":"2026-04-15T23:07:23","slug":"atanamayanlar","status":"publish","type":"product","link":"https:\/\/roveyayinevi.com.tr\/index.php\/urun\/atanamayanlar\/","title":{"rendered":"Atanamayanlar"},"content":{"rendered":"<p>\u201c\u00dclgen program\u0131na uymas\u0131 gerekti\u011fi i\u00e7in o gece evde \u00e7al\u0131\u015fmaya devam etti. Ruhuna \u00e7ok uygun bir \u015fekilde; yava\u015f yava\u015f, belli bir \u00f6l\u00e7\u00fc i\u00e7inde, sakince delirmekte oldu\u011funun fark\u0131nda de\u011fildi.\u201d <\/p>\n","protected":false},"excerpt":{"rendered":"<p>\u201c\u00dclgen program\u0131na uymas\u0131 gerekti\u011fi i\u00e7in o gece evde \u00e7al\u0131\u015fmaya devam etti. Ruhuna \u00e7ok uygun bir \u015fekilde; yava\u015f yava\u015f, belli bir \u00f6l\u00e7\u00fc i\u00e7inde, sakince delirmekte oldu\u011funun fark\u0131nda<span class=\"excerpt-hellip\"> [\u2026]<\/span><\/p>\n","protected":false},"featured_media":0,"template":"","meta":{"_monsterinsights_skip_tracking":false,"_monsterinsights_sitenote_active":false,"_monsterinsights_sitenote_note":"","_monsterinsights_sitenote_category":0},"product_brand":[],"product_cat":[12291,12292],"product_tag":[],"class_list":{"0":"post-697823","1":"product","2":"type-product","3":"status-publish","5":"product_cat-edebiyat","6":"product_cat-turk-edebiyati","7":"pa_tur-kitap","8":"pa_yayinevi-okuyan-us-yayin","9":"pa_yazar-basar-ozturk","11":"first","12":"instock","13":"sale","14":"shipping-taxable","15":"purchasable","16":"product-type-simple"},"_links":{"self":[{"href":"https:\/\/roveyayinevi.com.tr\/index.php\/wp-json\/wp\/v2\/product\/697823","targetHints":{"allow":["GET"]}}],"collection":[{"href":"https:\/\/roveyayinevi.com.tr\/index.php\/wp-json\/wp\/v2\/product"}],"about":[{"href":"https:\/\/roveyayinevi.com.tr\/index.php\/wp-json\/wp\/v2\/types\/product"}],"wp:attachment":[{"href":"https:\/\/roveyayinevi.com.tr\/index.php\/wp-json\/wp\/v2\/media?parent=697823"}],"wp:term":[{"taxonomy":"product_brand","embeddable":true,"href":"https:\/\/roveyayinevi.com.tr\/index.php\/wp-json\/wp\/v2\/product_brand?post=697823"},{"taxonomy":"product_cat","embeddable":true,"href":"https:\/\/roveyayinevi.com.tr\/index.php\/wp-json\/wp\/v2\/product_cat?post=697823"},{"taxonomy":"product_tag","embeddable":true,"href":"https:\/\/roveyayinevi.com.tr\/index.php\/wp-json\/wp\/v2\/product_tag?post=697823"}],"curies":[{"name":"wp","href":"https:\/\/api.w.org\/{rel}","templated":true}]}}