{"id":697817,"date":"2025-08-27T14:41:57","date_gmt":"2025-08-27T11:41:57","guid":{"rendered":"https:\/\/roveyayinevi.com.tr\/index.php\/urun\/citir-citir-felsefe-serisi-22-siddet-ve-siddetsizlik\/"},"modified":"2026-04-16T02:07:23","modified_gmt":"2026-04-15T23:07:23","slug":"citir-citir-felsefe-serisi-22-siddet-ve-siddetsizlik","status":"publish","type":"product","link":"https:\/\/roveyayinevi.com.tr\/index.php\/urun\/citir-citir-felsefe-serisi-22-siddet-ve-siddetsizlik\/","title":{"rendered":"\u00c7\u0131t\u0131r \u00c7\u0131t\u0131r Felsefe Serisi 22 &#8211; \u015eiddet ve \u015eiddetsizlik"},"content":{"rendered":"<p>Do\u011fal ya\u015famda hayvanlar, ans\u0131z\u0131n sald\u0131rmaya, \u00f6ld\u00fcrmeye ba\u015flamaz. Onlar\u0131 iyi tan\u0131yanlar, ne zaman sald\u0131racaklar\u0131n\u0131 \u00f6ng\u00f6rebilirler. Oysa, b\u00f6yle bir \u00f6ng\u00f6r\u00fcy\u00fc insanlar i\u00e7in yapmak olanaks\u0131zd\u0131r. Kendili\u011finden ortaya \u00e7\u0131k\u0131veren \u015fiddet, insana \u00f6zg\u00fcd\u00fcr ve \u015fiddet korkusu, bir gece lambas\u0131 gibi, s\u00fcrekli yanar i\u00e7imizde. \u015eiddet kullanmam\u0131z i\u00e7in hi\u00e7 neden yokken, \u015fiddet kar\u015f\u0131t\u0131 olmak kolayd\u0131r. \u015eiddetsizlik; inanmay\u0131, kararl\u0131 ve sab\u0131rl\u0131 olmay\u0131 gerektirir\u2026 \ufffcTan\u0131t\u0131m Metni<\/p>\n","protected":false},"excerpt":{"rendered":"<p>Do\u011fal ya\u015famda hayvanlar, ans\u0131z\u0131n sald\u0131rmaya, \u00f6ld\u00fcrmeye ba\u015flamaz. Onlar\u0131 iyi tan\u0131yanlar, ne zaman sald\u0131racaklar\u0131n\u0131 \u00f6ng\u00f6rebilirler. Oysa, b\u00f6yle bir \u00f6ng\u00f6r\u00fcy\u00fc insanlar i\u00e7in yapmak olanaks\u0131zd\u0131r. Kendili\u011finden ortaya \u00e7\u0131k\u0131veren \u015fiddet,<span class=\"excerpt-hellip\"> [\u2026]<\/span><\/p>\n","protected":false},"featured_media":0,"template":"","meta":{"_monsterinsights_skip_tracking":false,"_monsterinsights_sitenote_active":false,"_monsterinsights_sitenote_note":"","_monsterinsights_sitenote_category":0},"product_brand":[],"product_cat":[12274,12631],"product_tag":[],"class_list":{"0":"post-697817","1":"product","2":"type-product","3":"status-publish","5":"product_cat-cocuk-ve-genclik-kitaplari","6":"product_cat-diger-cocuk-ve-genclik-kitaplari","7":"pa_cilt-ciltsiz","8":"pa_tur-kitap","9":"pa_yayinevi-gunisigi-kitapligi","10":"pa_yazar-brigitte-labbe","12":"first","13":"instock","14":"sale","15":"shipping-taxable","16":"purchasable","17":"product-type-simple"},"_links":{"self":[{"href":"https:\/\/roveyayinevi.com.tr\/index.php\/wp-json\/wp\/v2\/product\/697817","targetHints":{"allow":["GET"]}}],"collection":[{"href":"https:\/\/roveyayinevi.com.tr\/index.php\/wp-json\/wp\/v2\/product"}],"about":[{"href":"https:\/\/roveyayinevi.com.tr\/index.php\/wp-json\/wp\/v2\/types\/product"}],"wp:attachment":[{"href":"https:\/\/roveyayinevi.com.tr\/index.php\/wp-json\/wp\/v2\/media?parent=697817"}],"wp:term":[{"taxonomy":"product_brand","embeddable":true,"href":"https:\/\/roveyayinevi.com.tr\/index.php\/wp-json\/wp\/v2\/product_brand?post=697817"},{"taxonomy":"product_cat","embeddable":true,"href":"https:\/\/roveyayinevi.com.tr\/index.php\/wp-json\/wp\/v2\/product_cat?post=697817"},{"taxonomy":"product_tag","embeddable":true,"href":"https:\/\/roveyayinevi.com.tr\/index.php\/wp-json\/wp\/v2\/product_tag?post=697817"}],"curies":[{"name":"wp","href":"https:\/\/api.w.org\/{rel}","templated":true}]}}