{"id":697816,"date":"2025-08-27T14:41:57","date_gmt":"2025-08-27T11:41:57","guid":{"rendered":"https:\/\/roveyayinevi.com.tr\/index.php\/urun\/gul-sokaginin-dikenleri\/"},"modified":"2026-04-16T02:07:23","modified_gmt":"2026-04-15T23:07:23","slug":"gul-sokaginin-dikenleri","status":"publish","type":"product","link":"https:\/\/roveyayinevi.com.tr\/index.php\/urun\/gul-sokaginin-dikenleri\/","title":{"rendered":"G\u00fcl Soka\u011f\u0131\u2019n\u0131n Dikenleri"},"content":{"rendered":"<p>o\u011frusu, Dikenler\u2019in dikenli\u011fi, \u00e7ocuklar\u0131n pek umurlar\u0131nda de\u011fildi. Onlar\u0131n as\u0131l ilgisini \u00e7eken, o\u011fullar\u0131 Sad\u0131k\u2019t\u0131. Sad\u0131k, surats\u0131z ve aksinin tekiydi; ama hep g\u00f6zlerinde belirgin bir h\u00fcz\u00fcn, suskunlu\u011funda da \u00f6rt\u00fcl\u00fc bir s\u0131r vard\u0131.\ufffcTan\u0131t\u0131m Metni<\/p>\n","protected":false},"excerpt":{"rendered":"<p>o\u011frusu, Dikenler\u2019in dikenli\u011fi, \u00e7ocuklar\u0131n pek umurlar\u0131nda de\u011fildi. Onlar\u0131n as\u0131l ilgisini \u00e7eken, o\u011fullar\u0131 Sad\u0131k\u2019t\u0131. Sad\u0131k, surats\u0131z ve aksinin tekiydi; ama hep g\u00f6zlerinde belirgin bir h\u00fcz\u00fcn, suskunlu\u011funda da<span class=\"excerpt-hellip\"> [\u2026]<\/span><\/p>\n","protected":false},"featured_media":0,"template":"","meta":{"_monsterinsights_skip_tracking":false,"_monsterinsights_sitenote_active":false,"_monsterinsights_sitenote_note":"","_monsterinsights_sitenote_category":0},"product_brand":[],"product_cat":[12274,12284],"product_tag":[],"class_list":{"0":"post-697816","1":"product","2":"type-product","3":"status-publish","5":"product_cat-cocuk-ve-genclik-kitaplari","6":"product_cat-hikayeler","7":"pa_cilt-ciltsiz","8":"pa_tur-kitap","9":"pa_yayinevi-gunisigi-kitapligi","10":"pa_yazar-zeynep-cemali","12":"first","13":"instock","14":"sale","15":"shipping-taxable","16":"purchasable","17":"product-type-simple"},"_links":{"self":[{"href":"https:\/\/roveyayinevi.com.tr\/index.php\/wp-json\/wp\/v2\/product\/697816","targetHints":{"allow":["GET"]}}],"collection":[{"href":"https:\/\/roveyayinevi.com.tr\/index.php\/wp-json\/wp\/v2\/product"}],"about":[{"href":"https:\/\/roveyayinevi.com.tr\/index.php\/wp-json\/wp\/v2\/types\/product"}],"wp:attachment":[{"href":"https:\/\/roveyayinevi.com.tr\/index.php\/wp-json\/wp\/v2\/media?parent=697816"}],"wp:term":[{"taxonomy":"product_brand","embeddable":true,"href":"https:\/\/roveyayinevi.com.tr\/index.php\/wp-json\/wp\/v2\/product_brand?post=697816"},{"taxonomy":"product_cat","embeddable":true,"href":"https:\/\/roveyayinevi.com.tr\/index.php\/wp-json\/wp\/v2\/product_cat?post=697816"},{"taxonomy":"product_tag","embeddable":true,"href":"https:\/\/roveyayinevi.com.tr\/index.php\/wp-json\/wp\/v2\/product_tag?post=697816"}],"curies":[{"name":"wp","href":"https:\/\/api.w.org\/{rel}","templated":true}]}}