{"id":697813,"date":"2025-08-27T14:41:56","date_gmt":"2025-08-27T11:41:56","guid":{"rendered":"https:\/\/roveyayinevi.com.tr\/index.php\/urun\/esmaul-husna\/"},"modified":"2026-04-16T02:07:23","modified_gmt":"2026-04-15T23:07:23","slug":"esmaul-husna","status":"publish","type":"product","link":"https:\/\/roveyayinevi.com.tr\/index.php\/urun\/esmaul-husna\/","title":{"rendered":"Esma\u00fc\u2019l-H\u00fcsna"},"content":{"rendered":"<p>Allah, er-Rahm\u00e2n, er-Rah\u00eem, el-Melik, el-Kudd\u00fbs&#8230; Allah\u2019\u0131n isimleri&#8230; Bunlar, Allah\u2019\u0131n bizzat kendisinin insanlara \u00f6\u011fretti\u011fi isimleridir. Sufiler, bu isimleri \u00f6\u011frenmenin Allah\u2019\u0131 tan\u0131man\u0131n mukaddimesi olabilece\u011fini s\u00f6yler ama \u015funu da eklerler: As\u0131l olan ismi oldu\u011fu kadar isimlenen Z\u00e2t\u2019\u0131 tan\u0131makt\u0131r. Bu kitab\u0131n yazar\u0131, onlarca y\u0131ld\u0131r tasavvufi terbiyeyle me\u015fgul olan Tosun Bayrak, tam da bu noktaya dikkat \u00e7ekiyor: \u0130nsanlar isimleri biliyor ama isimlerin i\u015faret etti\u011fi M\u00fcsemma\u2019y\u0131 bilmiyorlar. Onu dinledik\u00e7e, sadece isimleri bilivermek m\u00fcsemmay\u0131 tan\u0131mak de\u011filmi\u015f, bunu anl\u0131yoruz. Bu \u00e7al\u0131\u015fmay\u0131 benzerlerinden ay\u0131ran \u00f6nemli farklardan biri, Esm\u00e2\u00fc\u2019l-H\u00fcsn\u00e2\u2019n\u0131n tasavvufi yorumlar\u0131n\u0131 i\u00e7ermesi. Bu tasavvufi yorumlar sayesinde, isimlerin anlamlar\u0131 \u015fa\u015f\u0131rt\u0131c\u0131 bi\u00e7imde zenginle\u015fiyor, derinle\u015fiyor. Dahas\u0131, eserin bak\u0131\u015f a\u00e7\u0131s\u0131, bu isimlerin birer kelime olmaktan \u00e7\u0131karak nefsin e\u011fitilmesinde nas\u0131l rol alabildiklerini, tasavvufi simyan\u0131n elinde nas\u0131l birer iksire d\u00f6n\u00fc\u015febildiklerini g\u00f6steriyor. Ve biz anl\u0131yoruz ki, Esm\u00e2 i\u00e7in dilden kalbe, kalpten s\u0131rra giden bir yol vard\u0131r. Allah\u2019\u0131n 99 ismi yan\u0131nda, Peygamber Efendimiz(sav)\u2019in 201 isminin de yer ald\u0131\u011f\u0131 eser, g\u00fcn\u00fcm\u00fcz okuruna ezeli ve ebedi bir hakikatten bahisler a\u00e7\u0131yor. H\u00fb&#8230; \ufffcTan\u0131t\u0131m Metni<\/p>\n","protected":false},"excerpt":{"rendered":"<p>Allah, er-Rahm\u00e2n, er-Rah\u00eem, el-Melik, el-Kudd\u00fbs&#8230; Allah\u2019\u0131n isimleri&#8230; Bunlar, Allah\u2019\u0131n bizzat kendisinin insanlara \u00f6\u011fretti\u011fi isimleridir. Sufiler, bu isimleri \u00f6\u011frenmenin Allah\u2019\u0131 tan\u0131man\u0131n mukaddimesi olabilece\u011fini s\u00f6yler ama \u015funu da<span class=\"excerpt-hellip\"> [\u2026]<\/span><\/p>\n","protected":false},"featured_media":0,"template":"","meta":{"_monsterinsights_skip_tracking":false,"_monsterinsights_sitenote_active":false,"_monsterinsights_sitenote_note":"","_monsterinsights_sitenote_category":0},"product_brand":[],"product_cat":[12718,12719,12720],"product_tag":[],"class_list":{"0":"post-697813","1":"product","2":"type-product","3":"status-publish","5":"product_cat-din","6":"product_cat-islam","7":"product_cat-tasavvuf-mezhepler-tarikatlar","8":"pa_tur-kitap","9":"pa_yayinevi-sufi-kitap","10":"pa_yazar-tosun-bayrak","12":"first","13":"instock","14":"sale","15":"shipping-taxable","16":"purchasable","17":"product-type-simple"},"_links":{"self":[{"href":"https:\/\/roveyayinevi.com.tr\/index.php\/wp-json\/wp\/v2\/product\/697813","targetHints":{"allow":["GET"]}}],"collection":[{"href":"https:\/\/roveyayinevi.com.tr\/index.php\/wp-json\/wp\/v2\/product"}],"about":[{"href":"https:\/\/roveyayinevi.com.tr\/index.php\/wp-json\/wp\/v2\/types\/product"}],"wp:attachment":[{"href":"https:\/\/roveyayinevi.com.tr\/index.php\/wp-json\/wp\/v2\/media?parent=697813"}],"wp:term":[{"taxonomy":"product_brand","embeddable":true,"href":"https:\/\/roveyayinevi.com.tr\/index.php\/wp-json\/wp\/v2\/product_brand?post=697813"},{"taxonomy":"product_cat","embeddable":true,"href":"https:\/\/roveyayinevi.com.tr\/index.php\/wp-json\/wp\/v2\/product_cat?post=697813"},{"taxonomy":"product_tag","embeddable":true,"href":"https:\/\/roveyayinevi.com.tr\/index.php\/wp-json\/wp\/v2\/product_tag?post=697813"}],"curies":[{"name":"wp","href":"https:\/\/api.w.org\/{rel}","templated":true}]}}