{"id":697811,"date":"2025-08-27T14:41:56","date_gmt":"2025-08-27T11:41:56","guid":{"rendered":"https:\/\/roveyayinevi.com.tr\/index.php\/urun\/odp-yazilari-tartismalar-belgeler\/"},"modified":"2026-01-29T02:13:35","modified_gmt":"2026-01-28T23:13:35","slug":"odp-yazilari-tartismalar-belgeler","status":"publish","type":"product","link":"https:\/\/roveyayinevi.com.tr\/index.php\/urun\/odp-yazilari-tartismalar-belgeler\/","title":{"rendered":"\u00d6DP Yaz\u0131lar\u0131 (Tart\u0131\u015fmalar &#8211; Belgeler)"},"content":{"rendered":"<p>1980 darbesinden sonra devreye giren siyasal  Fetret Devri ni a\u015fma yolundaki giri\u015fimlerin \u00f6nemli bir u\u011fra\u011f\u0131 olan \u00d6DP deneyimi; devrimci bir imk\u00e2nd\u0131. \u00c7e\u015fitlilik i\u00e7inde birlik ve sosyalist demokrasi ekseninde  y\u00fcz\u00fcn\u00fc s\u0131n\u0131fs\u0131z toplum  \u00fctopyas\u0131na d\u00f6nm\u00fc\u015f \u00d6DP, be\u015finci y\u0131l\u0131nda bir d\u00f6nemecin e\u015fi\u011fine geldi&#8230; Partide \u00d6SP olarak an\u0131lan kanad\u0131n, parti y\u00f6netimindeki \u00e7o\u011funlu\u011funa dayanarak ger\u00e7ekle\u015ftirdi\u011fi tasfiyeci politikalar, \u00d6DP\u2019yi bir ayr\u0131\u015fma noktas\u0131na getirdi; bu ayr\u0131\u015fma, geleneksel sol ilan ettikleri SEP\u2019le; sivil toplumcu, radikal demokrat ve postmarksist bir \u00e7izgiye y\u00f6nelen \u00d6SP aras\u0131nda cereyan etti. Partinin di\u011fer \u00f6beklerini de (Ekmek ve G\u00fcl, SP, K\u0131z\u0131lc\u0131k, ba\u011f\u0131ms\u0131z bireyler vd.) dikkate almadan  Ba\u015fkanl\u0131k Kurulu  b\u00fcrokrasisi ve ba\u015fkan Ufuk Uras\u2019la  disiplin retori\u011fi ne sar\u0131lanlar, \u00d6DP\u2019nin program ve kurulu\u015f ilkelerini ihlal ederek,  \u00f6teki  ilan ettiklerini partiden ihra\u00e7 noktas\u0131na vard\u0131rd\u0131lar. Gelinen noktada, \u00d6DP\u2019nin be\u015f y\u0131lda ya\u015fad\u0131\u011f\u0131 politik sorunlar belirleyici olsa da; \u00d6SP, partideki krizi  hukuk-disiplin  \u00e7er\u00e7evesiyle s\u0131n\u0131rlamaya \u00e7abalad\u0131. Bu noktada \u00d6SP\u2019liler taraf\u0131ndan  geleneksel sol  olarak  lanetlenen  \u00d6DP\u2019li devrimci Marksistler, partinin likidasyonu giri\u015fimi kar\u015f\u0131s\u0131na dikildiler. Partideki tart\u0131\u015fmay\u0131  Herkes i\u00e7in demokrasi  talebiyle,  Ben yapt\u0131m oldu  diyen b\u00fcrokratik otoritenin  tepeden inmeci li\u011fine kar\u015f\u0131, Noam Chomsky\u2019nin uyar\u0131s\u0131ndaki \u00fczere y\u00fcr\u00fctt\u00fcler:  Daima sorgulay\u0131n kar\u015f\u0131n\u0131zdaki otoriteyi. Otoriteye gerekirse utand\u0131ran, sert, ac\u0131mas\u0131z, irdeleyen sorular y\u00f6neltin. Hepsinin \u00fcrkt\u00fc\u011f\u00fc, b\u00fct\u00fcn \u2018sorun \u00e7\u0131kartan s\u00f6zc\u00fcklere\u2019 tutkuyla ba\u011flan\u0131n. Tart\u0131\u015fma ve sorun \u00e7\u0131karma gelene\u011fi, ayd\u0131n olma olgusunun, insanc\u0131ll\u0131k kavram\u0131n\u0131n ate\u015flenme oda\u011f\u0131d\u0131r!  \u00d6DP YAZILARI (TARTI\u015eMALAR-BELGELER) , \u00d6DP\u2019deki bu ser\u00fcvenin hikayesidir&#8230; <\/p>\n","protected":false},"excerpt":{"rendered":"<p>1980 darbesinden sonra devreye giren siyasal Fetret Devri ni a\u015fma yolundaki giri\u015fimlerin \u00f6nemli bir u\u011fra\u011f\u0131 olan \u00d6DP deneyimi; devrimci bir imk\u00e2nd\u0131. \u00c7e\u015fitlilik i\u00e7inde birlik ve sosyalist<span class=\"excerpt-hellip\"> [\u2026]<\/span><\/p>\n","protected":false},"featured_media":0,"template":"","meta":{"_monsterinsights_skip_tracking":false,"_monsterinsights_sitenote_active":false,"_monsterinsights_sitenote_note":"","_monsterinsights_sitenote_category":0},"product_brand":[],"product_cat":[17574,13527],"product_tag":[],"class_list":{"0":"post-697811","1":"product","2":"type-product","3":"status-publish","5":"product_cat-politika","6":"product_cat-sureli-yayinlar","7":"pa_cilt-ciltsiz","8":"pa_tur-kitap","9":"pa_yayinevi-utopya-yayinevi","10":"pa_yazar-kolektif","12":"first","13":"instock","14":"sale","15":"shipping-taxable","16":"purchasable","17":"product-type-simple"},"_links":{"self":[{"href":"https:\/\/roveyayinevi.com.tr\/index.php\/wp-json\/wp\/v2\/product\/697811","targetHints":{"allow":["GET"]}}],"collection":[{"href":"https:\/\/roveyayinevi.com.tr\/index.php\/wp-json\/wp\/v2\/product"}],"about":[{"href":"https:\/\/roveyayinevi.com.tr\/index.php\/wp-json\/wp\/v2\/types\/product"}],"wp:attachment":[{"href":"https:\/\/roveyayinevi.com.tr\/index.php\/wp-json\/wp\/v2\/media?parent=697811"}],"wp:term":[{"taxonomy":"product_brand","embeddable":true,"href":"https:\/\/roveyayinevi.com.tr\/index.php\/wp-json\/wp\/v2\/product_brand?post=697811"},{"taxonomy":"product_cat","embeddable":true,"href":"https:\/\/roveyayinevi.com.tr\/index.php\/wp-json\/wp\/v2\/product_cat?post=697811"},{"taxonomy":"product_tag","embeddable":true,"href":"https:\/\/roveyayinevi.com.tr\/index.php\/wp-json\/wp\/v2\/product_tag?post=697811"}],"curies":[{"name":"wp","href":"https:\/\/api.w.org\/{rel}","templated":true}]}}