{"id":697810,"date":"2025-08-27T14:41:55","date_gmt":"2025-08-27T11:41:55","guid":{"rendered":"https:\/\/roveyayinevi.com.tr\/index.php\/urun\/edebiyat-uzerine-denemeler-1-son-modernler\/"},"modified":"2026-04-16T02:07:23","modified_gmt":"2026-04-15T23:07:23","slug":"edebiyat-uzerine-denemeler-1-son-modernler","status":"publish","type":"product","link":"https:\/\/roveyayinevi.com.tr\/index.php\/urun\/edebiyat-uzerine-denemeler-1-son-modernler\/","title":{"rendered":"Edebiyat \u00dczerine Denemeler 1: Son Modernler"},"content":{"rendered":"<p>Cemal S\u00fcreya, hen\u00fcz 1970&#8217;lerin sonunda, Ata\u00e7&#8217;tan hareketle , Enis Batur&#8217;u   tam edebiyat adam\u0131  olarak nitelerken bir zar atm\u0131\u015ft\u0131. 40 y\u0131l i\u00e7inde Batur yaz\u0131 maceras\u0131n\u0131n s\u0131n\u0131rlar\u0131n\u0131 geni\u015fletmeyi s\u00fcrd\u00fcrd\u00fc; bir yandan da T\u00fcrk ve D\u00fcnya edebiyat\u0131n\u0131n   son modern&#8217;leri \u00fczerinde kapsaml\u0131, \u00f6znel bir soru\u015fturma y\u00fcr\u00fctt\u00fc. <\/p>\n","protected":false},"excerpt":{"rendered":"<p>Cemal S\u00fcreya, hen\u00fcz 1970&#8217;lerin sonunda, Ata\u00e7&#8217;tan hareketle , Enis Batur&#8217;u tam edebiyat adam\u0131 olarak nitelerken bir zar atm\u0131\u015ft\u0131. 40 y\u0131l i\u00e7inde Batur yaz\u0131 maceras\u0131n\u0131n s\u0131n\u0131rlar\u0131n\u0131 geni\u015fletmeyi<span class=\"excerpt-hellip\"> [\u2026]<\/span><\/p>\n","protected":false},"featured_media":0,"template":"","meta":{"_monsterinsights_skip_tracking":false,"_monsterinsights_sitenote_active":false,"_monsterinsights_sitenote_note":"","_monsterinsights_sitenote_category":0},"product_brand":[],"product_cat":[12291,12292],"product_tag":[],"class_list":{"0":"post-697810","1":"product","2":"type-product","3":"status-publish","5":"product_cat-edebiyat","6":"product_cat-turk-edebiyati","7":"pa_tur-kitap","8":"pa_yayinevi-sel-yayincilik","9":"pa_yazar-enis-batur","11":"first","12":"instock","13":"sale","14":"shipping-taxable","15":"purchasable","16":"product-type-simple"},"_links":{"self":[{"href":"https:\/\/roveyayinevi.com.tr\/index.php\/wp-json\/wp\/v2\/product\/697810","targetHints":{"allow":["GET"]}}],"collection":[{"href":"https:\/\/roveyayinevi.com.tr\/index.php\/wp-json\/wp\/v2\/product"}],"about":[{"href":"https:\/\/roveyayinevi.com.tr\/index.php\/wp-json\/wp\/v2\/types\/product"}],"wp:attachment":[{"href":"https:\/\/roveyayinevi.com.tr\/index.php\/wp-json\/wp\/v2\/media?parent=697810"}],"wp:term":[{"taxonomy":"product_brand","embeddable":true,"href":"https:\/\/roveyayinevi.com.tr\/index.php\/wp-json\/wp\/v2\/product_brand?post=697810"},{"taxonomy":"product_cat","embeddable":true,"href":"https:\/\/roveyayinevi.com.tr\/index.php\/wp-json\/wp\/v2\/product_cat?post=697810"},{"taxonomy":"product_tag","embeddable":true,"href":"https:\/\/roveyayinevi.com.tr\/index.php\/wp-json\/wp\/v2\/product_tag?post=697810"}],"curies":[{"name":"wp","href":"https:\/\/api.w.org\/{rel}","templated":true}]}}