{"id":697809,"date":"2025-08-27T14:41:55","date_gmt":"2025-08-27T11:41:55","guid":{"rendered":"https:\/\/roveyayinevi.com.tr\/index.php\/urun\/finansal-piyasalar-kilavuzu\/"},"modified":"2026-04-16T02:07:23","modified_gmt":"2026-04-15T23:07:23","slug":"finansal-piyasalar-kilavuzu","status":"publish","type":"product","link":"https:\/\/roveyayinevi.com.tr\/index.php\/urun\/finansal-piyasalar-kilavuzu\/","title":{"rendered":"Finansal Piyasalar K\u0131lavuzu"},"content":{"rendered":"<p>Kredi krizi ve ard\u0131ndan gelen finansal kriz, finansal piyasalar\u0131n tam anlam\u0131yla ne kadar oynak oldu\u011funu g\u00f6stermektedir. Hatta piyasa fiyatlar\u0131ndaki k\u00fc\u00e7\u00fck hareketler, emeklilik fonlar\u0131 gibi kurumsal yat\u0131r\u0131mc\u0131lar, i\u015fletmeler ve ulusal ekonomiler \u00fczerinde \u00f6nemli de\u011fi\u015fikliklere neden olmu\u015ftur. Bireysel yat\u0131r\u0131mc\u0131lar\u0131n, bu esnada y\u00fcksek karma\u015f\u0131kl\u0131ktaki finansal ara\u00e7lar\u0131n aras\u0131ndan se\u00e7im yapmas\u0131 daha da zorla\u015fm\u0131\u015ft\u0131r. Finansal piyasalar\u0131n zekice kullan\u0131m\u0131 net gelirdeki fark\u0131 yaratmaktad\u0131r. Ancak bu alanda zekice hareket edebilmek i\u00e7in ne yapt\u0131\u011f\u0131n\u0131z\u0131 bilmeniz\/anlaman\u0131z gerekir. Finansal Piyasalar K\u0131lavuzu, farkl\u0131 piyasalar\u0131n sarih bir a\u00e7\u0131klanmas\u0131n\u0131 sunmaktad\u0131r. Kitap hisse senedi ve tahvillerin \u00f6tesinde, risky\u00f6netimi-ne yard\u0131mc\u0131 olan fakat dikkatli kullan\u0131lmad\u0131\u011f\u0131 zaman toksit olabilen hisse senedi opsiyonlar\u0131, varl\u0131\u011fa dayal\u0131 menkul k\u0131ymetler, kredi t\u00fcrevleri gibi yeniliklerin kullan\u0131lmas\u0131 ve ama\u00e7lar\u0131n\u0131 da a\u00e7\u0131klamaya \u00e7al\u0131\u015fmaktad\u0131r. Tamamen g\u00f6zden ge\u00e7irilerek yenilenmi\u015f 5. edisyondan yap\u0131lan bu \u00e7eviri \u015fu konular\u0131 anlamak isteyenler i\u00e7in piyasada bulunabilecek en iyi kaynakt\u0131r: Piyasalar neden \u00f6nemlidir? D\u00f6viz piyasalar\u0131 Para piyasalar\u0131 Tahvil piyasalar\u0131 Menk\u00fbl k\u0131ymetle\u015ftirme Uluslararas\u0131 sabit gelir piyasalar\u0131 Hisse senedi piyasalar\u0131 Vadeli ve opsiyon piyasalar\u0131 T\u00fcrev piyasalar\u0131 <\/p>\n","protected":false},"excerpt":{"rendered":"<p>Kredi krizi ve ard\u0131ndan gelen finansal kriz, finansal piyasalar\u0131n tam anlam\u0131yla ne kadar oynak oldu\u011funu g\u00f6stermektedir. Hatta piyasa fiyatlar\u0131ndaki k\u00fc\u00e7\u00fck hareketler, emeklilik fonlar\u0131 gibi kurumsal yat\u0131r\u0131mc\u0131lar,<span class=\"excerpt-hellip\"> [\u2026]<\/span><\/p>\n","protected":false},"featured_media":0,"template":"","meta":{"_monsterinsights_skip_tracking":false,"_monsterinsights_sitenote_active":false,"_monsterinsights_sitenote_note":"","_monsterinsights_sitenote_category":0},"product_brand":[],"product_cat":[17249,13043],"product_tag":[],"class_list":{"0":"post-697809","1":"product","2":"type-product","3":"status-publish","5":"product_cat-borsa-finans","6":"product_cat-ekonomi","7":"pa_cilt-ciltsiz","8":"pa_tur-kitap","9":"pa_yayinevi-adres-yayinlari","10":"pa_yazar-marc-levinson","12":"first","13":"instock","14":"sale","15":"shipping-taxable","16":"purchasable","17":"product-type-simple"},"_links":{"self":[{"href":"https:\/\/roveyayinevi.com.tr\/index.php\/wp-json\/wp\/v2\/product\/697809","targetHints":{"allow":["GET"]}}],"collection":[{"href":"https:\/\/roveyayinevi.com.tr\/index.php\/wp-json\/wp\/v2\/product"}],"about":[{"href":"https:\/\/roveyayinevi.com.tr\/index.php\/wp-json\/wp\/v2\/types\/product"}],"wp:attachment":[{"href":"https:\/\/roveyayinevi.com.tr\/index.php\/wp-json\/wp\/v2\/media?parent=697809"}],"wp:term":[{"taxonomy":"product_brand","embeddable":true,"href":"https:\/\/roveyayinevi.com.tr\/index.php\/wp-json\/wp\/v2\/product_brand?post=697809"},{"taxonomy":"product_cat","embeddable":true,"href":"https:\/\/roveyayinevi.com.tr\/index.php\/wp-json\/wp\/v2\/product_cat?post=697809"},{"taxonomy":"product_tag","embeddable":true,"href":"https:\/\/roveyayinevi.com.tr\/index.php\/wp-json\/wp\/v2\/product_tag?post=697809"}],"curies":[{"name":"wp","href":"https:\/\/api.w.org\/{rel}","templated":true}]}}