{"id":697808,"date":"2025-08-27T14:41:55","date_gmt":"2025-08-27T11:41:55","guid":{"rendered":"https:\/\/roveyayinevi.com.tr\/index.php\/urun\/periler-sorumlulugu-anlatiyor\/"},"modified":"2026-04-16T02:07:23","modified_gmt":"2026-04-15T23:07:23","slug":"periler-sorumlulugu-anlatiyor","status":"publish","type":"product","link":"https:\/\/roveyayinevi.com.tr\/index.php\/urun\/periler-sorumlulugu-anlatiyor\/","title":{"rendered":"Periler Sorumlulu\u011fu Anlat\u0131yor"},"content":{"rendered":"<p>Periler Anlat\u0131yor dizisinin kitaplar\u0131, empatiden \u00f6zg\u00fcvene, al\u00e7ak g\u00f6n\u00fcll\u00fcl\u00fckten dayan\u0131\u015fmaya uzanan pek \u00e7ok konuyu, yani insan\u0131 insan yapan temel de\u011ferleri ele al\u0131yor, k\u00fc\u00e7\u00fck ya\u015ftakilerin bile rahatl\u0131kla anlayaca\u011f\u0131 ve okurken \u00e7ok e\u011flenece\u011fi hik\u00e2yelerle anlat\u0131yor. Ayr\u0131ca kitab\u0131n sonunda yer verilen ve do\u011fan\u0131n i\u015fleyi\u015fini anlatan temel bilgiler de \u00e7ocu\u011funuzun ya\u015fad\u0131\u011f\u0131 d\u00fcnyay\u0131 daha iyi kavramas\u0131n\u0131 m\u00fcmk\u00fcn k\u0131lacak. <\/p>\n","protected":false},"excerpt":{"rendered":"<p>Periler Anlat\u0131yor dizisinin kitaplar\u0131, empatiden \u00f6zg\u00fcvene, al\u00e7ak g\u00f6n\u00fcll\u00fcl\u00fckten dayan\u0131\u015fmaya uzanan pek \u00e7ok konuyu, yani insan\u0131 insan yapan temel de\u011ferleri ele al\u0131yor, k\u00fc\u00e7\u00fck ya\u015ftakilerin bile rahatl\u0131kla anlayaca\u011f\u0131<span class=\"excerpt-hellip\"> [\u2026]<\/span><\/p>\n","protected":false},"featured_media":0,"template":"","meta":{"_monsterinsights_skip_tracking":false,"_monsterinsights_sitenote_active":false,"_monsterinsights_sitenote_note":"","_monsterinsights_sitenote_category":0},"product_brand":[],"product_cat":[12644,12274],"product_tag":[],"class_list":{"0":"post-697808","1":"product","2":"type-product","3":"status-publish","5":"product_cat-boyama-kitaplari","6":"product_cat-cocuk-ve-genclik-kitaplari","7":"pa_tur-kitap","8":"pa_yayinevi-1001-cicek-kitaplar","9":"pa_yazar-aleix-cabrera","11":"first","12":"instock","13":"sale","14":"shipping-taxable","15":"purchasable","16":"product-type-simple"},"_links":{"self":[{"href":"https:\/\/roveyayinevi.com.tr\/index.php\/wp-json\/wp\/v2\/product\/697808","targetHints":{"allow":["GET"]}}],"collection":[{"href":"https:\/\/roveyayinevi.com.tr\/index.php\/wp-json\/wp\/v2\/product"}],"about":[{"href":"https:\/\/roveyayinevi.com.tr\/index.php\/wp-json\/wp\/v2\/types\/product"}],"wp:attachment":[{"href":"https:\/\/roveyayinevi.com.tr\/index.php\/wp-json\/wp\/v2\/media?parent=697808"}],"wp:term":[{"taxonomy":"product_brand","embeddable":true,"href":"https:\/\/roveyayinevi.com.tr\/index.php\/wp-json\/wp\/v2\/product_brand?post=697808"},{"taxonomy":"product_cat","embeddable":true,"href":"https:\/\/roveyayinevi.com.tr\/index.php\/wp-json\/wp\/v2\/product_cat?post=697808"},{"taxonomy":"product_tag","embeddable":true,"href":"https:\/\/roveyayinevi.com.tr\/index.php\/wp-json\/wp\/v2\/product_tag?post=697808"}],"curies":[{"name":"wp","href":"https:\/\/api.w.org\/{rel}","templated":true}]}}